{"id":4653,"date":"2019-05-03T11:14:31","date_gmt":"2019-05-03T09:14:31","guid":{"rendered":"https:\/\/sgxx.org\/?page_id=4653"},"modified":"2025-08-12T10:58:57","modified_gmt":"2025-08-12T08:58:57","slug":"organizacion","status":"publish","type":"page","link":"https:\/\/sgxx.org\/es\/organizacion\/","title":{"rendered":"Organizaci\u00f3n"},"content":{"rendered":"<div class=\"wpb-content-wrapper\">[vc_row css=\u00bb.vc_custom_1553086390839{margin-top: 16px !important;background-color: #ffffff !important;}\u00bb][vc_column][vc_column_text el_class=\u00bbbanner-area2&#8243; css=\u00bb.vc_custom_1664226319815{margin-top: 40px !important;margin-bottom: 40px !important;}\u00bb]\n<h2 style=\"text-align: center;\">JUNTA DIRECTIVA<\/h2>\n[\/vc_column_text][vc_row_inner][vc_column_inner width=\u00bb1\/6&#8243;][vc_single_image image=\u00bb4967&#8243; img_size=\u00bb220&#215;220&#8243; alignment=\u00bbcenter\u00bb style=\u00bbvc_box_circle_2&#8243; css=\u00bb.vc_custom_1573033306947{margin-bottom: 16px !important;}\u00bb el_class=\u00bbfoto-junta\u00bb][vc_column_text css=\u00bb.vc_custom_1754987683973{margin-bottom: 0px !important;}\u00bb]\n<p style=\"text-align: center;\"><strong>Presidente<\/strong><br \/>\n D. Jos\u00e9 Mar\u00eda Failde Garrido<\/p>\n[\/vc_column_text][\/vc_column_inner][vc_column_inner width=\u00bb1\/6&#8243;][vc_single_image image=\u00bb6509&#8243; img_size=\u00bb220&#215;220&#8243; alignment=\u00bbcenter\u00bb style=\u00bbvc_box_circle_2&#8243; css=\u00bb.vc_custom_1656932938714{margin-bottom: 16px !important;}\u00bb el_class=\u00bbfoto-junta\u00bb][vc_column_text css=\u00bb.vc_custom_1754606850979{margin-bottom: 0px !important;}\u00bb]\n<p style=\"text-align: center;\"><strong>Vicepresidente 1\u00ba<\/strong><br \/>\nD. Jos\u00e9 Manuel Pazos Seco[\/vc_column_text][\/vc_column_inner][vc_column_inner width=\u00bb1\/6&#8243;][vc_single_image image=\u00bb8590&#8243; img_size=\u00bb220&#215;220&#8243; alignment=\u00bbcenter\u00bb style=\u00bbvc_box_circle_2&#8243; css=\u00bb.vc_custom_1754420428023{margin-bottom: 16px !important;}\u00bb el_class=\u00bbfoto-junta\u00bb][vc_column_text css=\u00bb.vc_custom_1754606868563{margin-bottom: 0px !important;}\u00bb]\n<p style=\"text-align: center;\"><strong>Vicepresidente 2\u00ba<\/strong><br \/>\nD. Jos\u00e9 Ram\u00f3n Mart\u00ednez Calvo[\/vc_column_text][\/vc_column_inner][vc_column_inner width=\u00bb1\/6&#8243;][vc_single_image image=\u00bb8594&#8243; img_size=\u00bb220&#215;220&#8243; alignment=\u00bbcenter\u00bb style=\u00bbvc_box_circle_2&#8243; css=\u00bb.vc_custom_1754421844074{margin-bottom: 16px !important;}\u00bb el_class=\u00bbfoto-junta\u00bb][vc_column_text css=\u00bb.vc_custom_1754987694780{margin-bottom: 0px !important;}\u00bb]\n<p style=\"text-align: center;\"> <strong>Secretaria<\/strong><br \/>\nD\u00f1a. Maximina Rodr\u00edguez Fern\u00e1ndez<\/p>\n[\/vc_column_text][\/vc_column_inner][vc_column_inner width=\u00bb1\/6&#8243;][vc_single_image image=\u00bb8620&#8243; img_size=\u00bb220&#215;220&#8243; alignment=\u00bbcenter\u00bb style=\u00bbvc_box_circle_2&#8243; css=\u00bb.vc_custom_1754423852650{margin-bottom: 16px !important;}\u00bb el_class=\u00bbfoto-junta\u00bb][vc_column_text css=\u00bb.vc_custom_1754987704073{margin-bottom: 0px !important;}\u00bb]\n<p style=\"text-align: center;\"><strong>Tesorero<\/strong><br \/>\nD. Javier P\u00e9rez Mart\u00edn<\/p>\n[\/vc_column_text][\/vc_column_inner][vc_column_inner width=\u00bb1\/6&#8243;][vc_single_image image=\u00bb8613&#8243; img_size=\u00bb220&#215;220&#8243; alignment=\u00bbcenter\u00bb style=\u00bbvc_box_circle_2&#8243; css=\u00bb.vc_custom_1754423006851{margin-bottom: 16px !important;}\u00bb el_class=\u00bbfoto-junta\u00bb][vc_column_text css=\u00bb.vc_custom_1754988741112{margin-bottom: 0px !important;}\u00bb]\n<p style=\"text-align: center;\"> <strong>Vocal de la Secci\u00f3n Cl\u00ednica<\/strong><br \/>\nD\u00f1a. Vanessa \u00c1lvarez Vidal<\/p>\n[\/vc_column_text][\/vc_column_inner][\/vc_row_inner][vc_empty_space][vc_row_inner][vc_column_inner width=\u00bb1\/6&#8243;][vc_single_image image=\u00bb8570&#8243; img_size=\u00bb220&#215;220&#8243; alignment=\u00bbcenter\u00bb style=\u00bbvc_box_circle_2&#8243; css=\u00bb.vc_custom_1754418277121{margin-bottom: 16px !important;}\u00bb el_class=\u00bbfoto-junta\u00bb][vc_column_text css=\u00bb.vc_custom_1754988749013{margin-bottom: 0px !important;}\u00bb]\n<p style=\"text-align: center;\"> <strong>Vocal de la Secci\u00f3n Social<\/strong><br \/>\nD\u00f1a. Estela Alonso Posada<\/p>\n[\/vc_column_text][\/vc_column_inner][vc_column_inner width=\u00bb1\/6&#8243;][vc_single_image image=\u00bb6515&#8243; img_size=\u00bb220&#215;220&#8243; alignment=\u00bbcenter\u00bb style=\u00bbvc_box_circle_2&#8243; css=\u00bb.vc_custom_1656926845311{margin-bottom: 16px !important;}\u00bb el_class=\u00bbfoto-junta\u00bb][vc_column_text css=\u00bb.vc_custom_1754607782892{margin-bottom: 0px !important;}\u00bb]\n<p style=\"text-align: center;\"><strong>Vocal Psicogerontolog\u00eda<\/strong><br \/>\nD. C\u00e9sar Bugallo Carrera[\/vc_column_text][\/vc_column_inner][vc_column_inner width=\u00bb1\/6&#8243;][vc_single_image image=\u00bb6527&#8243; img_size=\u00bb220&#215;220&#8243; alignment=\u00bbcenter\u00bb style=\u00bbvc_box_circle_2&#8243; css=\u00bb.vc_custom_1656926951156{margin-bottom: 16px !important;}\u00bb el_class=\u00bbfoto-junta\u00bb][vc_column_text css=\u00bb.vc_custom_1754988760309{margin-bottom: 0px !important;}\u00bb]\n<p style=\"text-align: center;\"><strong>Vocal de enfermer\u00eda<\/strong><br \/>\nD\u00f1a. Mar\u00eda Elena Mosquera Losada<\/p>\n[\/vc_column_text][\/vc_column_inner][vc_column_inner width=\u00bb1\/6&#8243;][vc_single_image image=\u00bb8580&#8243; img_size=\u00bb220&#215;220&#8243; alignment=\u00bbcenter\u00bb style=\u00bbvc_box_circle_2&#8243; css=\u00bb.vc_custom_1754419760845{margin-bottom: 16px !important;}\u00bb el_class=\u00bbfoto-junta\u00bb][vc_column_text css=\u00bb.vc_custom_1754987733438{margin-bottom: 0px !important;}\u00bb]\n<p style=\"text-align: center;\"><strong>Vocal de Gerocultura<\/strong><br \/>\nD\u00f1a. Rosa Mar\u00eda G\u00f3mez Fern\u00e1ndez<\/p>\n[\/vc_column_text][\/vc_column_inner][vc_column_inner width=\u00bb1\/6&#8243;][vc_single_image image=\u00bb6529&#8243; img_size=\u00bb220&#215;220&#8243; alignment=\u00bbcenter\u00bb style=\u00bbvc_box_circle_2&#8243; css=\u00bb.vc_custom_1656926938249{margin-bottom: 16px !important;}\u00bb el_class=\u00bbfoto-junta\u00bb][vc_column_text css=\u00bb.vc_custom_1754988771075{margin-bottom: 0px !important;}\u00bb]\n<p style=\"text-align: center;\"><strong>Vocal de Centros Gerontol\u00f3gicos<\/strong><br \/>\nD. Rafael V\u00e1zquez Pi\u00f1eiro<\/p>\n[\/vc_column_text][\/vc_column_inner][vc_column_inner width=\u00bb1\/6&#8243;][vc_single_image image=\u00bb8608&#8243; img_size=\u00bb220&#215;220&#8243; alignment=\u00bbcenter\u00bb style=\u00bbvc_box_circle_2&#8243; css=\u00bb.vc_custom_1754422595418{margin-bottom: 16px !important;}\u00bb el_class=\u00bbfoto-junta\u00bb][vc_column_text css=\u00bb.vc_custom_1754988778995{margin-bottom: 0px !important;}\u00bb]\n<p style=\"text-align: center;\"> <strong>Vocal de Formaci\u00f3n e Investigaci\u00f3n<\/strong><br \/>\nD\u00f1a. Vanesa L\u00f3pez Miguens<\/p>\n[\/vc_column_text][\/vc_column_inner][\/vc_row_inner][vc_btn title=\u00bbAmpliar informaci\u00f3n\u00bb style=\u00bbflat\u00bb color=\u00bbprimary\u00bb size=\u00bblg\u00bb align=\u00bbcenter\u00bb css=\u00bb.vc_custom_1664225657120{margin-top: 40px !important;margin-bottom: 40px !important;}\u00bb link=\u00bburl:https%3A%2F%2Fsgxx.org%2Fes%2Fmiembros-de-la-junta-directiva%2F|title:Miembros%20de%20la%20Junta%20Directiva%20de%20la%20SGXX|\u00bb el_class=\u00bbboton-mas-novas\u00bb][vc_separator color=\u00bbsky\u00bb el_width=\u00bb60&#8243;][vc_empty_space][vc_row_inner el_class=\u00bbseccion-saluda\u00bb][vc_column_inner width=\u00bb1\/3&#8243;][vc_single_image image=\u00bb6164&#8243; img_size=\u00bbfull\u00bb alignment=\u00bbcenter\u00bb el_class=\u00bbimagen-saluda\u00bb][\/vc_column_inner][vc_column_inner el_class=\u00bbtexto-saluda\u00bb width=\u00bb2\/3&#8243;][vc_column_text css=\u00bb.vc_custom_1754987957398{margin-bottom: 0px !important;}\u00bb]\n<h3>Saludo del Presidente<\/h3>\n<p>Estimados\/as socios\/as<\/p>\n<p>La Sociedade Galega de Xerontolox\u00eda e Xeriatria es una sociedad cient\u00edfica interdisciplinar cuyos principales objetivos son promover los conocimientos en el \u00e1mbito de la gerontolog\u00eda en su m\u00e1s amplio sentido; es decir, cl\u00ednicos, biol\u00f3gicos psicol\u00f3gicos y sociales. Para ello, tenemos una sociedad formada por m\u00e1s de 500 socios procedentes de muy diversas disciplinas que de un modo u otro deber\u00edan aportar su conocimiento para mejorar la calidad de vida de las personas mayores de nuestra comunidades y por ende de todos los mayores.<\/p>\n<p>En este sentido, como Presidente de la sociedad ser\u00e1n prioridades de la misma, en primer lugar, fomentar la participaci\u00f3n de todos los socios en todas las actividades organizadas por nosotros, as\u00ed como escucharlos para apoyarlos en todas las actividades que nos propongan y que desde la Junta Directiva se considere que puedan contribuir a difundir el saber gerontol\u00f3gico.<\/p>\n<p>Ser\u00e1 tambi\u00e9n otra prioridad fomentar la formaci\u00f3n de todos los profesionales que dedican su actividad a la atenci\u00f3n y cuidados de las personas mayores, tanto desde el sistema sanitario como social o, incluso, del a\u00fan pendiente por delimitar sociosanitario, para lo cu\u00e1l se tratar\u00e1 de trabajar codo a codo con las tres universidades gallegas. Por otra parte, y siendo las personas mayores nuestro objetivo diana, potenciaremos la colaboraci\u00f3n con las sociedades y entidades de personas mayores a fin de asesorarles en cuantas dudas puedan tener acercando nuestro saber cient\u00edfico a toda la sociedad gallega para de esta manera contribuir a hacer de Galicia el para\u00edso de los viejos tanto en cuanto a la calidad de la atenci\u00f3n como del estado de bienestar.<\/p>\n<p>Trabajaremos codo a codo con la administraci\u00f3n y trataremos de influir en ella a fin de que las pol\u00edticas de atenci\u00f3n sean menos \u201cpol\u00edticas\u201d y m\u00e1s adaptadas a la situaci\u00f3n real de las personas mayores buscando siempre el mejor para la sociedad.<\/p>\n<p>Espero que estos tres a\u00f1os a los que nos enfrentamos, con muchas ganas de hacer cosas, sean un marco de referencia y que nuestra sociedad se constituya en el \u00f3rgano de asesoramiento y consultar\u00eda que todos los socios pensamos que tiene que ser en nuestro \u00e1mbito de actuaci\u00f3n.<\/p>\n<p>Muchas gracias a todos por confiar en nosotros y esperamos no defraudaros con nuestras iniciativas y buen hacer.[\/vc_column_text][\/vc_column_inner][\/vc_row_inner][mk_padding_divider][\/vc_column][\/vc_row]\n<\/div>","protected":false},"excerpt":{"rendered":"<p>[vc_row css=\u00bb.vc_custom_1553086390839{margin-top: 16px !important;background-color: #ffffff !important;}\u00bb][vc_column][vc_column_text el_class=\u00bbbanner-area2&#8243; css=\u00bb.vc_custom_1664226319815{margin-top: 40px !important;margin-bottom: 40px !important;}\u00bb] JUNTA DIRECTIVA [\/vc_column_text][vc_row_inner][vc_column_inner width=\u00bb1\/6&#8243;][vc_single_image image=\u00bb4967&#8243; img_size=\u00bb220&#215;220&#8243; alignment=\u00bbcenter\u00bb style=\u00bbvc_box_circle_2&#8243; css=\u00bb.vc_custom_1573033306947{margin-bottom: 16px !important;}\u00bb el_class=\u00bbfoto-junta\u00bb][vc_column_text css=\u00bb.vc_custom_1754987683973{margin-bottom: 0px !important;}\u00bb] Presidente D. Jos\u00e9 Mar\u00eda Failde Garrido [\/vc_column_text][\/vc_column_inner][vc_column_inner width=\u00bb1\/6&#8243;][vc_single_image image=\u00bb6509&#8243; img_size=\u00bb220&#215;220&#8243; alignment=\u00bbcenter\u00bb style=\u00bbvc_box_circle_2&#8243; css=\u00bb.vc_custom_1656932938714{margin-bottom: 16px !important;}\u00bb el_class=\u00bbfoto-junta\u00bb][vc_column_text css=\u00bb.vc_custom_1754606850979{margin-bottom: 0px !important;}\u00bb] Vicepresidente 1\u00ba D. Jos\u00e9 Manuel Pazos Seco[\/vc_column_text][\/vc_column_inner][vc_column_inner width=\u00bb1\/6&#8243;][vc_single_image image=\u00bb8590&#8243; [&hellip;]<\/p>\n","protected":false},"author":6,"featured_media":0,"parent":0,"menu_order":0,"comment_status":"closed","ping_status":"closed","template":"","meta":{"footnotes":""},"class_list":["post-4653","page","type-page","status-publish","hentry"],"yoast_head":"<!-- This site is optimized with the Yoast SEO plugin v26.9 - https:\/\/yoast.com\/product\/yoast-seo-wordpress\/ -->\n<title>Organizaci\u00f3n de la SGXX \u00b7 Sociedade Galega de Xerontolox\u00eda e Xeriatr\u00eda<\/title>\n<meta name=\"description\" content=\"La SGXX es una sociedad cient\u00edfica multidisciplinar integrada por socios de diversas categor\u00edas profesionales en el \u00e1mbito de la geriatr\u00eda y de la gerontolog\u00eda.\" \/>\n<meta name=\"robots\" content=\"index, follow, max-snippet:-1, max-image-preview:large, max-video-preview:-1\" \/>\n<link rel=\"canonical\" href=\"https:\/\/sgxx.org\/es\/organizacion\/\" \/>\n<meta property=\"og:locale\" content=\"es_ES\" \/>\n<meta property=\"og:type\" content=\"article\" \/>\n<meta property=\"og:title\" content=\"Organizaci\u00f3n de la SGXX \u00b7 Sociedade Galega de Xerontolox\u00eda e Xeriatr\u00eda\" \/>\n<meta property=\"og:description\" content=\"La SGXX es una sociedad cient\u00edfica multidisciplinar integrada por socios de diversas categor\u00edas profesionales en el \u00e1mbito de la geriatr\u00eda y de la gerontolog\u00eda.\" \/>\n<meta property=\"og:url\" content=\"https:\/\/sgxx.org\/es\/organizacion\/\" \/>\n<meta property=\"og:site_name\" content=\"SGXX\" \/>\n<meta property=\"article:publisher\" content=\"https:\/\/es-es.facebook.com\/pages\/Sociedade-Galega-Xerontoloxia-e-Xeriatria\/327400652646\" \/>\n<meta property=\"article:modified_time\" content=\"2025-08-12T08:58:57+00:00\" \/>\n<meta name=\"twitter:card\" content=\"summary_large_image\" \/>\n<meta name=\"twitter:label1\" content=\"Tiempo de lectura\" \/>\n\t<meta name=\"twitter:data1\" content=\"18 minutos\" \/>\n<script type=\"application\/ld+json\" class=\"yoast-schema-graph\">{\"@context\":\"https:\/\/schema.org\",\"@graph\":[{\"@type\":\"WebPage\",\"@id\":\"https:\/\/sgxx.org\/es\/organizacion\/\",\"url\":\"https:\/\/sgxx.org\/es\/organizacion\/\",\"name\":\"Organizaci\u00f3n de la SGXX \u00b7 Sociedade Galega de Xerontolox\u00eda e Xeriatr\u00eda\",\"isPartOf\":{\"@id\":\"https:\/\/sgxx.org\/#website\"},\"datePublished\":\"2019-05-03T09:14:31+00:00\",\"dateModified\":\"2025-08-12T08:58:57+00:00\",\"description\":\"La SGXX es una sociedad cient\u00edfica multidisciplinar integrada por socios de diversas categor\u00edas profesionales en el \u00e1mbito de la geriatr\u00eda y de la gerontolog\u00eda.\",\"breadcrumb\":{\"@id\":\"https:\/\/sgxx.org\/es\/organizacion\/#breadcrumb\"},\"inLanguage\":\"es\",\"potentialAction\":[{\"@type\":\"ReadAction\",\"target\":[\"https:\/\/sgxx.org\/es\/organizacion\/\"]}]},{\"@type\":\"BreadcrumbList\",\"@id\":\"https:\/\/sgxx.org\/es\/organizacion\/#breadcrumb\",\"itemListElement\":[{\"@type\":\"ListItem\",\"position\":1,\"name\":\"Portada\",\"item\":\"https:\/\/sgxx.org\/es\/\"},{\"@type\":\"ListItem\",\"position\":2,\"name\":\"Organizaci\u00f3n\"}]},{\"@type\":\"WebSite\",\"@id\":\"https:\/\/sgxx.org\/#website\",\"url\":\"https:\/\/sgxx.org\/\",\"name\":\"SGXX\",\"description\":\"Web da Sociedade Galega de Xerontolox\u00eda e Xeriatr\u00eda\",\"publisher\":{\"@id\":\"https:\/\/sgxx.org\/#organization\"},\"potentialAction\":[{\"@type\":\"SearchAction\",\"target\":{\"@type\":\"EntryPoint\",\"urlTemplate\":\"https:\/\/sgxx.org\/?s={search_term_string}\"},\"query-input\":{\"@type\":\"PropertyValueSpecification\",\"valueRequired\":true,\"valueName\":\"search_term_string\"}}],\"inLanguage\":\"es\"},{\"@type\":\"Organization\",\"@id\":\"https:\/\/sgxx.org\/#organization\",\"name\":\"Sociedade Galega de Xerontolox\u00eda e Xeriatr\u00eda (SGXX)\",\"url\":\"https:\/\/sgxx.org\/\",\"logo\":{\"@type\":\"ImageObject\",\"inLanguage\":\"es\",\"@id\":\"https:\/\/sgxx.org\/#\/schema\/logo\/image\/\",\"url\":\"https:\/\/sgxx.org\/wp-content\/uploads\/2016\/09\/sgxx-logo-1.png\",\"contentUrl\":\"https:\/\/sgxx.org\/wp-content\/uploads\/2016\/09\/sgxx-logo-1.png\",\"width\":200,\"height\":200,\"caption\":\"Sociedade Galega de Xerontolox\u00eda e Xeriatr\u00eda (SGXX)\"},\"image\":{\"@id\":\"https:\/\/sgxx.org\/#\/schema\/logo\/image\/\"},\"sameAs\":[\"https:\/\/es-es.facebook.com\/pages\/Sociedade-Galega-Xerontoloxia-e-Xeriatria\/327400652646\"]}]}<\/script>\n<!-- \/ Yoast SEO plugin. -->","yoast_head_json":{"title":"Organizaci\u00f3n de la SGXX \u00b7 Sociedade Galega de Xerontolox\u00eda e Xeriatr\u00eda","description":"La SGXX es una sociedad cient\u00edfica multidisciplinar integrada por socios de diversas categor\u00edas profesionales en el \u00e1mbito de la geriatr\u00eda y de la gerontolog\u00eda.","robots":{"index":"index","follow":"follow","max-snippet":"max-snippet:-1","max-image-preview":"max-image-preview:large","max-video-preview":"max-video-preview:-1"},"canonical":"https:\/\/sgxx.org\/es\/organizacion\/","og_locale":"es_ES","og_type":"article","og_title":"Organizaci\u00f3n de la SGXX \u00b7 Sociedade Galega de Xerontolox\u00eda e Xeriatr\u00eda","og_description":"La SGXX es una sociedad cient\u00edfica multidisciplinar integrada por socios de diversas categor\u00edas profesionales en el \u00e1mbito de la geriatr\u00eda y de la gerontolog\u00eda.","og_url":"https:\/\/sgxx.org\/es\/organizacion\/","og_site_name":"SGXX","article_publisher":"https:\/\/es-es.facebook.com\/pages\/Sociedade-Galega-Xerontoloxia-e-Xeriatria\/327400652646","article_modified_time":"2025-08-12T08:58:57+00:00","twitter_card":"summary_large_image","twitter_misc":{"Tiempo de lectura":"18 minutos"},"schema":{"@context":"https:\/\/schema.org","@graph":[{"@type":"WebPage","@id":"https:\/\/sgxx.org\/es\/organizacion\/","url":"https:\/\/sgxx.org\/es\/organizacion\/","name":"Organizaci\u00f3n de la SGXX \u00b7 Sociedade Galega de Xerontolox\u00eda e Xeriatr\u00eda","isPartOf":{"@id":"https:\/\/sgxx.org\/#website"},"datePublished":"2019-05-03T09:14:31+00:00","dateModified":"2025-08-12T08:58:57+00:00","description":"La SGXX es una sociedad cient\u00edfica multidisciplinar integrada por socios de diversas categor\u00edas profesionales en el \u00e1mbito de la geriatr\u00eda y de la gerontolog\u00eda.","breadcrumb":{"@id":"https:\/\/sgxx.org\/es\/organizacion\/#breadcrumb"},"inLanguage":"es","potentialAction":[{"@type":"ReadAction","target":["https:\/\/sgxx.org\/es\/organizacion\/"]}]},{"@type":"BreadcrumbList","@id":"https:\/\/sgxx.org\/es\/organizacion\/#breadcrumb","itemListElement":[{"@type":"ListItem","position":1,"name":"Portada","item":"https:\/\/sgxx.org\/es\/"},{"@type":"ListItem","position":2,"name":"Organizaci\u00f3n"}]},{"@type":"WebSite","@id":"https:\/\/sgxx.org\/#website","url":"https:\/\/sgxx.org\/","name":"SGXX","description":"Web da Sociedade Galega de Xerontolox\u00eda e Xeriatr\u00eda","publisher":{"@id":"https:\/\/sgxx.org\/#organization"},"potentialAction":[{"@type":"SearchAction","target":{"@type":"EntryPoint","urlTemplate":"https:\/\/sgxx.org\/?s={search_term_string}"},"query-input":{"@type":"PropertyValueSpecification","valueRequired":true,"valueName":"search_term_string"}}],"inLanguage":"es"},{"@type":"Organization","@id":"https:\/\/sgxx.org\/#organization","name":"Sociedade Galega de Xerontolox\u00eda e Xeriatr\u00eda (SGXX)","url":"https:\/\/sgxx.org\/","logo":{"@type":"ImageObject","inLanguage":"es","@id":"https:\/\/sgxx.org\/#\/schema\/logo\/image\/","url":"https:\/\/sgxx.org\/wp-content\/uploads\/2016\/09\/sgxx-logo-1.png","contentUrl":"https:\/\/sgxx.org\/wp-content\/uploads\/2016\/09\/sgxx-logo-1.png","width":200,"height":200,"caption":"Sociedade Galega de Xerontolox\u00eda e Xeriatr\u00eda (SGXX)"},"image":{"@id":"https:\/\/sgxx.org\/#\/schema\/logo\/image\/"},"sameAs":["https:\/\/es-es.facebook.com\/pages\/Sociedade-Galega-Xerontoloxia-e-Xeriatria\/327400652646"]}]}},"_links":{"self":[{"href":"https:\/\/sgxx.org\/es\/wp-json\/wp\/v2\/pages\/4653","targetHints":{"allow":["GET"]}}],"collection":[{"href":"https:\/\/sgxx.org\/es\/wp-json\/wp\/v2\/pages"}],"about":[{"href":"https:\/\/sgxx.org\/es\/wp-json\/wp\/v2\/types\/page"}],"author":[{"embeddable":true,"href":"https:\/\/sgxx.org\/es\/wp-json\/wp\/v2\/users\/6"}],"replies":[{"embeddable":true,"href":"https:\/\/sgxx.org\/es\/wp-json\/wp\/v2\/comments?post=4653"}],"version-history":[{"count":3,"href":"https:\/\/sgxx.org\/es\/wp-json\/wp\/v2\/pages\/4653\/revisions"}],"predecessor-version":[{"id":8697,"href":"https:\/\/sgxx.org\/es\/wp-json\/wp\/v2\/pages\/4653\/revisions\/8697"}],"wp:attachment":[{"href":"https:\/\/sgxx.org\/es\/wp-json\/wp\/v2\/media?parent=4653"}],"curies":[{"name":"wp","href":"https:\/\/api.w.org\/{rel}","templated":true}]}}