{"id":4696,"date":"2019-05-06T09:46:58","date_gmt":"2019-05-06T07:46:58","guid":{"rendered":"https:\/\/sgxx.org\/?page_id=4696"},"modified":"2019-05-07T13:51:03","modified_gmt":"2019-05-07T11:51:03","slug":"gabinete-de-comunicacion","status":"publish","type":"page","link":"https:\/\/sgxx.org\/es\/gabinete-de-comunicacion\/","title":{"rendered":"Gabinete de Comunicaci\u00f3n"},"content":{"rendered":"<div class=\"wpb-content-wrapper\">[vc_row][vc_column][vc_empty_space][\/vc_column][\/vc_row][vc_row][vc_column width=\u00bb1\/2&#8243; css=\u00bb.vc_custom_1523880446254{padding-top: 50px !important;padding-right: 40px !important;padding-bottom: 10px !important;padding-left: 40px !important;background-color: #e0e0e0 !important;}\u00bb][vc_column_text]\n<h4>Contacto<\/h4>\n[\/vc_column_text][vc_column_text css=\u00bb.vc_custom_1557128695088{margin-bottom: 0px !important;}\u00bb]\n<p style=\"text-align: left;\">Si es usted un medio de comunicaci\u00f3n o periodista profesional, puede contactar con el responsable de Comunicaci\u00f3n de la SGXX en la siguiente direcci\u00f3n de email: <a href=\"mailto:comunicacion@sgxx.org\">comunicacion@sgxx.org<\/a><\/p>\n<p style=\"text-align: left;\">Tambi\u00e9n puede recibir convocatorias y notas de prensa suscribi\u00e9ndose a trav\u00e9s del formulario.<\/p>\n<p style=\"text-align: left;\"><strong>Sociedade Galega de Xerontolox\u00eda e Xeriatr\u00eda<\/strong><br \/>\nColegio Oficial de M\u00e9dicos de Santiago de Compostela<br \/>\nSan Pedro de Mezonzo 39-41<br \/>\n15701 Santiago de Compostela<br \/>\nA Coru\u00f1a<\/p>\n[\/vc_column_text][\/vc_column][vc_column width=\u00bb1\/2&#8243;][vc_raw_html]JTNDJTIxLS0lMjBCZWdpbiUyME1haWxDaGltcCUyMFNpZ251cCUyMEZvcm0lMjAtLSUzRSUwQSUzQ2RpdiUyMGlkJTNEJTIybWNfZW1iZWRfc2lnbnVwJTIyJTNFJTBBJTNDZm9ybSUyMGFjdGlvbiUzRCUyMmh0dHBzJTNBJTJGJTJGc2d4eC51czEyLmxpc3QtbWFuYWdlLmNvbSUyRnN1YnNjcmliZSUyRnBvc3QlM0Z1JTNEODkwMzBjZTJhMTU1NWY0NzgzYzI2ZDBiYSUyNmFtcCUzQmlkJTNEMjI0OThjZDk0ZCUyMiUyMG1ldGhvZCUzRCUyMnBvc3QlMjIlMjBpZCUzRCUyMm1jLWVtYmVkZGVkLXN1YnNjcmliZS1mb3JtJTIyJTIwbmFtZSUzRCUyMm1jLWVtYmVkZGVkLXN1YnNjcmliZS1mb3JtJTIyJTIwY2xhc3MlM0QlMjJ2YWxpZGF0ZSUyMiUyMHRhcmdldCUzRCUyMl9ibGFuayUyMiUyMG5vdmFsaWRhdGUlM0UlMEElMjAlMjAlMjAlMjAlM0NkaXYlMjBpZCUzRCUyMm1jX2VtYmVkX3NpZ251cF9zY3JvbGwlMjIlM0UlMEElMDklMEElM0NkaXYlMjBjbGFzcyUzRCUyMm1jLWZpZWxkLWdyb3VwJTIyJTNFJTBBJTA5JTNDbGFiZWwlMjBmb3IlM0QlMjJtY2UtRU1BSUwlMjIlM0VEaXJlY2NpJUMzJUIzbiUyMGRlJTIwY29ycmVvJTNDJTJGbGFiZWwlM0UlMEElMDklM0NpbnB1dCUyMHR5cGUlM0QlMjJlbWFpbCUyMiUyMHZhbHVlJTNEJTIyJTIyJTIwbmFtZSUzRCUyMkVNQUlMJTIyJTIwY2xhc3MlM0QlMjJyZXF1aXJlZCUyMGVtYWlsJTIyJTIwcGxhY2Vob2xkZXIlM0QlMjJEaXJlY2NpJUMzJUIzbiUyMGRlJTIwY29ycmVvJTIyJTIwaWQlM0QlMjJtY2UtRU1BSUwlMjIlM0UlMEElM0MlMkZkaXYlM0UlMEElM0NkaXYlMjBjbGFzcyUzRCUyMm1jLWZpZWxkLWdyb3VwJTIyJTNFJTBBJTA5JTNDbGFiZWwlMjBmb3IlM0QlMjJtY2UtTU1FUkdFMSUyMiUzRU5vbWJyZSUyMGRlbCUyMG1lZGlvJTNDJTJGbGFiZWwlM0UlMEElMDklM0NpbnB1dCUyMHR5cGUlM0QlMjJ0ZXh0JTIyJTIwdmFsdWUlM0QlMjIlMjIlMjBuYW1lJTNEJTIyTU1FUkdFMSUyMiUyMGNsYXNzJTNEJTIycmVxdWlyZWQlMjIlMjBwbGFjZWhvbGRlciUzRCUyMk5vbWJyZSUyMGRlbCUyMG1lZGlvJTIyJTIwaWQlM0QlMjJtY2UtTU1FUkdFMSUyMiUzRSUwQSUzQyUyRmRpdiUzRSUwQSUwOSUzQ2RpdiUyMGlkJTNEJTIybWNlLXJlc3BvbnNlcyUyMiUyMGNsYXNzJTNEJTIyY2xlYXIlMjIlM0UlMEElMDklMDklM0NkaXYlMjBjbGFzcyUzRCUyMnJlc3BvbnNlJTIyJTIwaWQlM0QlMjJtY2UtZXJyb3ItcmVzcG9uc2UlMjIlMjBzdHlsZSUzRCUyMmRpc3BsYXklM0Fub25lJTIyJTNFJTNDJTJGZGl2JTNFJTBBJTA5JTA5JTNDZGl2JTIwY2xhc3MlM0QlMjJyZXNwb25zZSUyMiUyMGlkJTNEJTIybWNlLXN1Y2Nlc3MtcmVzcG9uc2UlMjIlMjBzdHlsZSUzRCUyMmRpc3BsYXklM0Fub25lJTIyJTNFJTNDJTJGZGl2JTNFJTBBJTA5JTNDJTJGZGl2JTNFJTIwJTIwJTIwJTIwJTNDJTIxLS0lMjByZWFsJTIwcGVvcGxlJTIwc2hvdWxkJTIwbm90JTIwZmlsbCUyMHRoaXMlMjBpbiUyMGFuZCUyMGV4cGVjdCUyMGdvb2QlMjB0aGluZ3MlMjAtJTIwZG8lMjBub3QlMjByZW1vdmUlMjB0aGlzJTIwb3IlMjByaXNrJTIwZm9ybSUyMGJvdCUyMHNpZ251cHMtLSUzRSUwQSUyMCUyMCUyMCUyMCUzQ2RpdiUyMHN0eWxlJTNEJTIycG9zaXRpb24lM0ElMjBhYnNvbHV0ZSUzQiUyMGxlZnQlM0ElMjAtNTAwMHB4JTNCJTIyJTIwYXJpYS1oaWRkZW4lM0QlMjJ0cnVlJTIyJTNFJTNDaW5wdXQlMjB0eXBlJTNEJTIydGV4dCUyMiUyMG5hbWUlM0QlMjJiXzg5MDMwY2UyYTE1NTVmNDc4M2MyNmQwYmFfMjI0OThjZDk0ZCUyMiUyMHRhYmluZGV4JTNEJTIyLTElMjIlMjB2YWx1ZSUzRCUyMiUyMiUzRSUzQyUyRmRpdiUzRSUwQSUyMCUyMCUyMCUyMCUzQ2RpdiUyMGNsYXNzJTNEJTIyY2xlYXIlMjIlM0UlM0NpbnB1dCUyMHR5cGUlM0QlMjJzdWJtaXQlMjIlMjB2YWx1ZSUzRCUyMlVuaXJtZSUyMGElMjBsYSUyMGxpc3RhJTIyJTIwbmFtZSUzRCUyMnN1YnNjcmliZSUyMiUyMGlkJTNEJTIybWMtZW1iZWRkZWQtc3Vic2NyaWJlJTIyJTIwY2xhc3MlM0QlMjJidXR0b24lMjIlM0UlM0MlMkZkaXYlM0UlMEElMjAlMjAlMjAlMjAlM0MlMkZkaXYlM0UlMEElM0MlMkZmb3JtJTNFJTBBJTNDJTJGZGl2JTNFJTBBJTNDc2NyaXB0JTIwdHlwZSUzRCUyN3RleHQlMkZqYXZhc2NyaXB0JTI3JTIwc3JjJTNEJTI3JTJGJTJGczMuYW1hem9uYXdzLmNvbSUyRmRvd25sb2Fkcy5tYWlsY2hpbXAuY29tJTJGanMlMkZtYy12YWxpZGF0ZS5qcyUyNyUzRSUzQyUyRnNjcmlwdCUzRSUzQ3NjcmlwdCUyMHR5cGUlM0QlMjd0ZXh0JTJGamF2YXNjcmlwdCUyNyUzRSUyOGZ1bmN0aW9uJTI4JTI0JTI5JTIwJTdCd2luZG93LmZuYW1lcyUyMCUzRCUyMG5ldyUyMEFycmF5JTI4JTI5JTNCJTIwd2luZG93LmZ0eXBlcyUyMCUzRCUyMG5ldyUyMEFycmF5JTI4JTI5JTNCZm5hbWVzJTVCMCU1RCUzRCUyN0VNQUlMJTI3JTNCZnR5cGVzJTVCMCU1RCUzRCUyN2VtYWlsJTI3JTNCZm5hbWVzJTVCMSU1RCUzRCUyN01NRVJHRTElMjclM0JmdHlwZXMlNUIxJTVEJTNEJTI3dGV4dCUyNyUzQiUyMCUyRiUyQSUwQSUyMCUyQSUyMFRyYW5zbGF0ZWQlMjBkZWZhdWx0JTIwbWVzc2FnZXMlMjBmb3IlMjB0aGUlMjAlMjQlMjB2YWxpZGF0aW9uJTIwcGx1Z2luLiUwQSUyMCUyQSUyMExvY2FsZSUzQSUyMEVTJTBBJTIwJTJBJTJGJTBBJTI0LmV4dGVuZCUyOCUyNC52YWxpZGF0b3IubWVzc2FnZXMlMkMlMjAlN0IlMEElMjAlMjByZXF1aXJlZCUzQSUyMCUyMkVzdGUlMjBjYW1wbyUyMGVzJTIwb2JsaWdhdG9yaW8uJTIyJTJDJTBBJTIwJTIwcmVtb3RlJTNBJTIwJTIyUG9yJTIwZmF2b3IlMkMlMjByZWxsZW5hJTIwZXN0ZSUyMGNhbXBvLiUyMiUyQyUwQSUyMCUyMGVtYWlsJTNBJTIwJTIyUG9yJTIwZmF2b3IlMkMlMjBlc2NyaWJlJTIwdW5hJTIwZGlyZWNjaSVDMyVCM24lMjBkZSUyMGNvcnJlbyUyMHYlQzMlQTFsaWRhJTIyJTJDJTBBJTIwJTIwdXJsJTNBJTIwJTIyUG9yJTIwZmF2b3IlMkMlMjBlc2NyaWJlJTIwdW5hJTIwVVJMJTIwdiVDMyVBMWxpZGEuJTIyJTJDJTBBJTIwJTIwZGF0ZSUzQSUyMCUyMlBvciUyMGZhdm9yJTJDJTIwZXNjcmliZSUyMHVuYSUyMGZlY2hhJTIwdiVDMyVBMWxpZGEuJTIyJTJDJTBBJTIwJTIwZGF0ZUlTTyUzQSUyMCUyMlBvciUyMGZhdm9yJTJDJTIwZXNjcmliZSUyMHVuYSUyMGZlY2hhJTIwJTI4SVNPJTI5JTIwdiVDMyVBMWxpZGEuJTIyJTJDJTBBJTIwJTIwbnVtYmVyJTNBJTIwJTIyUG9yJTIwZmF2b3IlMkMlMjBlc2NyaWJlJTIwdW4lMjBuJUMzJUJBbWVybyUyMGVudGVybyUyMHYlQzMlQTFsaWRvLiUyMiUyQyUwQSUyMCUyMGRpZ2l0cyUzQSUyMCUyMlBvciUyMGZhdm9yJTJDJTIwZXNjcmliZSUyMHMlQzMlQjNsbyUyMGQlQzMlQURnaXRvcy4lMjIlMkMlMEElMjAlMjBjcmVkaXRjYXJkJTNBJTIwJTIyUG9yJTIwZmF2b3IlMkMlMjBlc2NyaWJlJTIwdW4lMjBuJUMzJUJBbWVybyUyMGRlJTIwdGFyamV0YSUyMHYlQzMlQTFsaWRvLiUyMiUyQyUwQSUyMCUyMGVxdWFsVG8lM0ElMjAlMjJQb3IlMjBmYXZvciUyQyUyMGVzY3JpYmUlMjBlbCUyMG1pc21vJTIwdmFsb3IlMjBkZSUyMG51ZXZvLiUyMiUyQyUwQSUyMCUyMGFjY2VwdCUzQSUyMCUyMlBvciUyMGZhdm9yJTJDJTIwZXNjcmliZSUyMHVuJTIwdmFsb3IlMjBjb24lMjB1bmElMjBleHRlbnNpJUMzJUIzbiUyMGFjZXB0YWRhLiUyMiUyQyUwQSUyMCUyMG1heGxlbmd0aCUzQSUyMCUyNC52YWxpZGF0b3IuZm9ybWF0JTI4JTIyUG9yJTIwZmF2b3IlMkMlMjBubyUyMGVzY3JpYmFzJTIwbSVDMyVBMXMlMjBkZSUyMCU3QjAlN0QlMjBjYXJhY3RlcmVzLiUyMiUyOSUyQyUwQSUyMCUyMG1pbmxlbmd0aCUzQSUyMCUyNC52YWxpZGF0b3IuZm9ybWF0JTI4JTIyUG9yJTIwZmF2b3IlMkMlMjBubyUyMGVzY3JpYmFzJTIwbWVub3MlMjBkZSUyMCU3QjAlN0QlMjBjYXJhY3RlcmVzLiUyMiUyOSUyQyUwQSUyMCUyMHJhbmdlbGVuZ3RoJTNBJTIwJTI0LnZhbGlkYXRvci5mb3JtYXQlMjglMjJQb3IlMjBmYXZvciUyQyUyMGVzY3JpYmUlMjB1biUyMHZhbG9yJTIwZW50cmUlMjAlN0IwJTdEJTIweSUyMCU3QjElN0QlMjBjYXJhY3RlcmVzLiUyMiUyOSUyQyUwQSUyMCUyMHJhbmdlJTNBJTIwJTI0LnZhbGlkYXRvci5mb3JtYXQlMjglMjJQb3IlMjBmYXZvciUyQyUyMGVzY3JpYmUlMjB1biUyMHZhbG9yJTIwZW50cmUlMjAlN0IwJTdEJTIweSUyMCU3QjElN0QuJTIyJTI5JTJDJTBBJTIwJTIwbWF4JTNBJTIwJTI0LnZhbGlkYXRvci5mb3JtYXQlMjglMjJQb3IlMjBmYXZvciUyQyUyMGVzY3JpYmUlMjB1biUyMHZhbG9yJTIwbWVub3IlMjBvJTIwaWd1YWwlMjBhJTIwJTdCMCU3RC4lMjIlMjklMkMlMEElMjAlMjBtaW4lM0ElMjAlMjQudmFsaWRhdG9yLmZvcm1hdCUyOCUyMlBvciUyMGZhdm9yJTJDJTIwZXNjcmliZSUyMHVuJTIwdmFsb3IlMjBtYXlvciUyMG8lMjBpZ3VhbCUyMGElMjAlN0IwJTdELiUyMiUyOSUwQSU3RCUyOSUzQiU3RCUyOGpRdWVyeSUyOSUyOSUzQnZhciUyMCUyNG1jaiUyMCUzRCUyMGpRdWVyeS5ub0NvbmZsaWN0JTI4dHJ1ZSUyOSUzQiUzQyUyRnNjcmlwdCUzRSUwQSUzQyUyMS0tRW5kJTIwbWNfZW1iZWRfc2lnbnVwLS0lM0U=[\/vc_raw_html][\/vc_column][\/vc_row][vc_row][vc_column][vc_empty_space height=\u00bb88px\u00bb][\/vc_column][\/vc_row]\n<\/div>","protected":false},"excerpt":{"rendered":"<p>[vc_row][vc_column][vc_empty_space][\/vc_column][\/vc_row][vc_row][vc_column width=\u00bb1\/2&#8243; css=\u00bb.vc_custom_1523880446254{padding-top: 50px !important;padding-right: 40px !important;padding-bottom: 10px !important;padding-left: 40px !important;background-color: #e0e0e0 !important;}\u00bb][vc_column_text] Contacto [\/vc_column_text][vc_column_text css=\u00bb.vc_custom_1557128695088{margin-bottom: 0px !important;}\u00bb] Si es usted un medio de comunicaci\u00f3n o periodista profesional, puede contactar con el responsable de Comunicaci\u00f3n de la SGXX en la siguiente direcci\u00f3n de email: comunicacion@sgxx.org Tambi\u00e9n puede recibir convocatorias y notas de prensa suscribi\u00e9ndose a [&hellip;]<\/p>\n","protected":false},"author":6,"featured_media":0,"parent":0,"menu_order":0,"comment_status":"closed","ping_status":"closed","template":"","meta":{"footnotes":""},"class_list":["post-4696","page","type-page","status-publish","hentry"],"yoast_head":"<!-- This site is optimized with the Yoast SEO plugin v27.4 - https:\/\/yoast.com\/product\/yoast-seo-wordpress\/ -->\n<title>Gabinete de Comunicaci\u00f3n - SGXX<\/title>\n<meta name=\"robots\" content=\"noindex, nofollow\" \/>\n<meta property=\"og:locale\" content=\"es_ES\" \/>\n<meta property=\"og:type\" content=\"article\" \/>\n<meta property=\"og:title\" content=\"Gabinete de Comunicaci\u00f3n - SGXX\" \/>\n<meta property=\"og:description\" content=\"[vc_row][vc_column][vc_empty_space][\/vc_column][\/vc_row][vc_row][vc_column width=\u00bb1\/2&#8243; css=\u00bb.vc_custom_1523880446254{padding-top: 50px !important;padding-right: 40px !important;padding-bottom: 10px !important;padding-left: 40px !important;background-color: #e0e0e0 !important;}\u00bb][vc_column_text] Contacto [\/vc_column_text][vc_column_text css=\u00bb.vc_custom_1557128695088{margin-bottom: 0px !important;}\u00bb] Si es usted un medio de comunicaci\u00f3n o periodista profesional, puede contactar con el responsable de Comunicaci\u00f3n de la SGXX en la siguiente direcci\u00f3n de email: comunicacion@sgxx.org Tambi\u00e9n puede recibir convocatorias y notas de prensa suscribi\u00e9ndose a [&hellip;]\" \/>\n<meta property=\"og:url\" content=\"https:\/\/sgxx.org\/es\/gabinete-de-comunicacion\/\" \/>\n<meta property=\"og:site_name\" content=\"SGXX\" \/>\n<meta property=\"article:publisher\" content=\"https:\/\/es-es.facebook.com\/pages\/Sociedade-Galega-Xerontoloxia-e-Xeriatria\/327400652646\" \/>\n<meta property=\"article:modified_time\" content=\"2019-05-07T11:51:03+00:00\" \/>\n<meta name=\"twitter:card\" content=\"summary_large_image\" \/>\n<meta name=\"twitter:label1\" content=\"Tiempo de lectura\" \/>\n\t<meta name=\"twitter:data1\" content=\"3 minutos\" \/>\n<script type=\"application\/ld+json\" class=\"yoast-schema-graph\">{\"@context\":\"https:\\\/\\\/schema.org\",\"@graph\":[{\"@type\":\"WebPage\",\"@id\":\"https:\\\/\\\/sgxx.org\\\/es\\\/gabinete-de-comunicacion\\\/\",\"url\":\"https:\\\/\\\/sgxx.org\\\/es\\\/gabinete-de-comunicacion\\\/\",\"name\":\"Gabinete de Comunicaci\u00f3n - SGXX\",\"isPartOf\":{\"@id\":\"https:\\\/\\\/sgxx.org\\\/#website\"},\"datePublished\":\"2019-05-06T07:46:58+00:00\",\"dateModified\":\"2019-05-07T11:51:03+00:00\",\"breadcrumb\":{\"@id\":\"https:\\\/\\\/sgxx.org\\\/es\\\/gabinete-de-comunicacion\\\/#breadcrumb\"},\"inLanguage\":\"es\",\"potentialAction\":[{\"@type\":\"ReadAction\",\"target\":[\"https:\\\/\\\/sgxx.org\\\/es\\\/gabinete-de-comunicacion\\\/\"]}]},{\"@type\":\"BreadcrumbList\",\"@id\":\"https:\\\/\\\/sgxx.org\\\/es\\\/gabinete-de-comunicacion\\\/#breadcrumb\",\"itemListElement\":[{\"@type\":\"ListItem\",\"position\":1,\"name\":\"Portada\",\"item\":\"https:\\\/\\\/sgxx.org\\\/es\\\/\"},{\"@type\":\"ListItem\",\"position\":2,\"name\":\"Gabinete de Comunicaci\u00f3n\"}]},{\"@type\":\"WebSite\",\"@id\":\"https:\\\/\\\/sgxx.org\\\/#website\",\"url\":\"https:\\\/\\\/sgxx.org\\\/\",\"name\":\"SGXX\",\"description\":\"Web da Sociedade Galega de Xerontolox\u00eda e Xeriatr\u00eda\",\"publisher\":{\"@id\":\"https:\\\/\\\/sgxx.org\\\/#organization\"},\"potentialAction\":[{\"@type\":\"SearchAction\",\"target\":{\"@type\":\"EntryPoint\",\"urlTemplate\":\"https:\\\/\\\/sgxx.org\\\/?s={search_term_string}\"},\"query-input\":{\"@type\":\"PropertyValueSpecification\",\"valueRequired\":true,\"valueName\":\"search_term_string\"}}],\"inLanguage\":\"es\"},{\"@type\":\"Organization\",\"@id\":\"https:\\\/\\\/sgxx.org\\\/#organization\",\"name\":\"Sociedade Galega de Xerontolox\u00eda e Xeriatr\u00eda (SGXX)\",\"url\":\"https:\\\/\\\/sgxx.org\\\/\",\"logo\":{\"@type\":\"ImageObject\",\"inLanguage\":\"es\",\"@id\":\"https:\\\/\\\/sgxx.org\\\/#\\\/schema\\\/logo\\\/image\\\/\",\"url\":\"https:\\\/\\\/sgxx.org\\\/wp-content\\\/uploads\\\/2016\\\/09\\\/sgxx-logo-1.png\",\"contentUrl\":\"https:\\\/\\\/sgxx.org\\\/wp-content\\\/uploads\\\/2016\\\/09\\\/sgxx-logo-1.png\",\"width\":200,\"height\":200,\"caption\":\"Sociedade Galega de Xerontolox\u00eda e Xeriatr\u00eda (SGXX)\"},\"image\":{\"@id\":\"https:\\\/\\\/sgxx.org\\\/#\\\/schema\\\/logo\\\/image\\\/\"},\"sameAs\":[\"https:\\\/\\\/es-es.facebook.com\\\/pages\\\/Sociedade-Galega-Xerontoloxia-e-Xeriatria\\\/327400652646\"]}]}<\/script>\n<!-- \/ Yoast SEO plugin. -->","yoast_head_json":{"title":"Gabinete de Comunicaci\u00f3n - SGXX","robots":{"index":"noindex","follow":"nofollow"},"og_locale":"es_ES","og_type":"article","og_title":"Gabinete de Comunicaci\u00f3n - SGXX","og_description":"[vc_row][vc_column][vc_empty_space][\/vc_column][\/vc_row][vc_row][vc_column width=\u00bb1\/2&#8243; css=\u00bb.vc_custom_1523880446254{padding-top: 50px !important;padding-right: 40px !important;padding-bottom: 10px !important;padding-left: 40px !important;background-color: #e0e0e0 !important;}\u00bb][vc_column_text] Contacto [\/vc_column_text][vc_column_text css=\u00bb.vc_custom_1557128695088{margin-bottom: 0px !important;}\u00bb] Si es usted un medio de comunicaci\u00f3n o periodista profesional, puede contactar con el responsable de Comunicaci\u00f3n de la SGXX en la siguiente direcci\u00f3n de email: comunicacion@sgxx.org Tambi\u00e9n puede recibir convocatorias y notas de prensa suscribi\u00e9ndose a [&hellip;]","og_url":"https:\/\/sgxx.org\/es\/gabinete-de-comunicacion\/","og_site_name":"SGXX","article_publisher":"https:\/\/es-es.facebook.com\/pages\/Sociedade-Galega-Xerontoloxia-e-Xeriatria\/327400652646","article_modified_time":"2019-05-07T11:51:03+00:00","twitter_card":"summary_large_image","twitter_misc":{"Tiempo de lectura":"3 minutos"},"schema":{"@context":"https:\/\/schema.org","@graph":[{"@type":"WebPage","@id":"https:\/\/sgxx.org\/es\/gabinete-de-comunicacion\/","url":"https:\/\/sgxx.org\/es\/gabinete-de-comunicacion\/","name":"Gabinete de Comunicaci\u00f3n - SGXX","isPartOf":{"@id":"https:\/\/sgxx.org\/#website"},"datePublished":"2019-05-06T07:46:58+00:00","dateModified":"2019-05-07T11:51:03+00:00","breadcrumb":{"@id":"https:\/\/sgxx.org\/es\/gabinete-de-comunicacion\/#breadcrumb"},"inLanguage":"es","potentialAction":[{"@type":"ReadAction","target":["https:\/\/sgxx.org\/es\/gabinete-de-comunicacion\/"]}]},{"@type":"BreadcrumbList","@id":"https:\/\/sgxx.org\/es\/gabinete-de-comunicacion\/#breadcrumb","itemListElement":[{"@type":"ListItem","position":1,"name":"Portada","item":"https:\/\/sgxx.org\/es\/"},{"@type":"ListItem","position":2,"name":"Gabinete de Comunicaci\u00f3n"}]},{"@type":"WebSite","@id":"https:\/\/sgxx.org\/#website","url":"https:\/\/sgxx.org\/","name":"SGXX","description":"Web da Sociedade Galega de Xerontolox\u00eda e Xeriatr\u00eda","publisher":{"@id":"https:\/\/sgxx.org\/#organization"},"potentialAction":[{"@type":"SearchAction","target":{"@type":"EntryPoint","urlTemplate":"https:\/\/sgxx.org\/?s={search_term_string}"},"query-input":{"@type":"PropertyValueSpecification","valueRequired":true,"valueName":"search_term_string"}}],"inLanguage":"es"},{"@type":"Organization","@id":"https:\/\/sgxx.org\/#organization","name":"Sociedade Galega de Xerontolox\u00eda e Xeriatr\u00eda (SGXX)","url":"https:\/\/sgxx.org\/","logo":{"@type":"ImageObject","inLanguage":"es","@id":"https:\/\/sgxx.org\/#\/schema\/logo\/image\/","url":"https:\/\/sgxx.org\/wp-content\/uploads\/2016\/09\/sgxx-logo-1.png","contentUrl":"https:\/\/sgxx.org\/wp-content\/uploads\/2016\/09\/sgxx-logo-1.png","width":200,"height":200,"caption":"Sociedade Galega de Xerontolox\u00eda e Xeriatr\u00eda (SGXX)"},"image":{"@id":"https:\/\/sgxx.org\/#\/schema\/logo\/image\/"},"sameAs":["https:\/\/es-es.facebook.com\/pages\/Sociedade-Galega-Xerontoloxia-e-Xeriatria\/327400652646"]}]}},"_links":{"self":[{"href":"https:\/\/sgxx.org\/es\/wp-json\/wp\/v2\/pages\/4696","targetHints":{"allow":["GET"]}}],"collection":[{"href":"https:\/\/sgxx.org\/es\/wp-json\/wp\/v2\/pages"}],"about":[{"href":"https:\/\/sgxx.org\/es\/wp-json\/wp\/v2\/types\/page"}],"author":[{"embeddable":true,"href":"https:\/\/sgxx.org\/es\/wp-json\/wp\/v2\/users\/6"}],"replies":[{"embeddable":true,"href":"https:\/\/sgxx.org\/es\/wp-json\/wp\/v2\/comments?post=4696"}],"version-history":[{"count":3,"href":"https:\/\/sgxx.org\/es\/wp-json\/wp\/v2\/pages\/4696\/revisions"}],"predecessor-version":[{"id":4740,"href":"https:\/\/sgxx.org\/es\/wp-json\/wp\/v2\/pages\/4696\/revisions\/4740"}],"wp:attachment":[{"href":"https:\/\/sgxx.org\/es\/wp-json\/wp\/v2\/media?parent=4696"}],"curies":[{"name":"wp","href":"https:\/\/api.w.org\/{rel}","templated":true}]}}