{"id":4699,"date":"2019-05-06T10:29:27","date_gmt":"2019-05-06T08:29:27","guid":{"rendered":"https:\/\/sgxx.org\/?page_id=4699"},"modified":"2019-05-06T10:29:27","modified_gmt":"2019-05-06T08:29:27","slug":"mas-informacion-sobre-las-cookies","status":"publish","type":"page","link":"https:\/\/sgxx.org\/es\/mas-informacion-sobre-las-cookies\/","title":{"rendered":"M\u00e1s informaci\u00f3n sobre las cookies"},"content":{"rendered":"<div class=\"wpb-content-wrapper\">[vc_row][vc_column][vc_column_text css=\u00bb.vc_custom_1557131347725{margin-bottom: 0px !important;}\u00bb]\n<h2>\u00bfQu\u00e9 es una cookie?<\/h2>\n<p>Una cookie es un fichero de texto <strong>inofensivo<\/strong> que se almacena en su navegador cuando visita casi cualquier p\u00e1gina web. La utilidad de una cookie es que la web sea capaz de recordar su visita cuando vuelva a navegar por esa p\u00e1gina. Aunque mucha gente no lo sabe las cookies se llevan utilizando desde hace 20 a\u00f1os, cuando aparecieron los primeros navegadores para la World Wide Web.<\/p>\n<h2>\u00bfQu\u00e9 NO ES una cookie?<\/h2>\n<p>No es un virus, ni un troyano, ni un gusano, ni spam, ni spyware, ni abre ventanas pop- up.<\/p>\n<h2>\u00bfQu\u00e9 informaci\u00f3n almacena una <em>cookie<\/em>?<\/h2>\n<p>Las cookies no suelen almacenar informaci\u00f3n sensible sobre usted, como tarjetas de cr\u00e9dito o datos bancarios, fotograf\u00edas, o su DNI o informaci\u00f3n personal, etc. Os datos que guardan son de car\u00e1cter t\u00e9cnico, preferencias personales, personalizaci\u00f3n de contenidos, etc.<\/p>\n<p>El servidor web no le asocia a usted como comparece si no a su navegador web. De hecho, si usted navega habitualmente con Internet Explorer y prueba a navegar por la misma web con Firefox o Chrome ver\u00e1 que la web no se da cuenta de que es usted la misma persona porque en realidad est\u00e1 asociando al navegador, no a la persona.<\/p>\n<h2>\u00bfQu\u00e9 tipo de <em>cookies<\/em> existen?<\/h2>\n<ul>\n<li><em>Cookies<\/em> t\u00e9cnicas: Son las m\u00e1s elementales y permiten, entre otras cosas, saber cu\u00e1ndo est\u00e1 navegando un humano o una aplicaci\u00f3n automatizada, cuando navega un usuario an\u00f3nimo y un registrado, tareas b\u00e1sicas para o funcionamiento de cualquier web din\u00e1mica.<\/li>\n<li><em>Cookies<\/em> de an\u00e1lisis: Recogen informaci\u00f3n sobre o tipo de navegaci\u00f3n que est\u00e1 realizando, las secciones que m\u00e1s utiliza, productos consultados, franja horaria de uso, idioma, etc.<\/li>\n<li><em>Cookies<\/em> publicitarias: Muestran publicidad en funci\u00f3n da su navegaci\u00f3n, o su pa\u00eds de origen, idioma, etc.<\/li>\n<\/ul>\n<h2>\u00bfQu\u00e9 son las <em>cookies<\/em> propias e las de terceros?<\/h2>\n<p>Las cookies propias son las generadas por la p\u00e1gina que est\u00e1 visitando y las de terceros son las generadas por servicios o proveedores externos como Facebook, Twitter, Google, etc.<\/p>\n<h2>\u00bfQu\u00e9 sucede al desactivar las <em>cookies<\/em>?<\/h2>\n<p>Para que entienda el alcance que puede tener desactivar las <em>cookies&lt;\/em &gt; le mostramos unos ejemplos:<\/em><\/p>\n<ul>\n<li>No podr\u00e1 compartir contenidos de esa web en Facebook, Twitter o cualquier otra red social.<\/li>\n<li>El sitio web no podr\u00e1 adaptar los contenidos a sus preferencias personales, como suele ocurrir en las tiendas online.<\/li>\n<li>No podr\u00e1 acceder al \u00e1rea personal de esa web, como por ejemplo <em>Mi cuenta&lt;\/em &gt;, o <em>Mi perfil&lt;\/em &gt; o <em>Mis pedidos<\/em>.<\/em><\/em><\/li>\n<li>Tiendas online: Le ser\u00e1 imposible realizar compras online, tendr\u00e1n que ser telef\u00f3nicas o visitando la tienda f\u00edsica si es que dispone de ella.<\/li>\n<li>No ser\u00e1 posible personalizar sus preferencias geogr\u00e1ficas como franja horaria, divisa o idioma.<\/li>\n<li>El sitio web no podr\u00e1 realizar anal\u00edticas web sobre visitantes y tr\u00e1fico en la web, lo que dificultar\u00e1 que la web sea competitiva.<\/li>\n<li>No podr\u00e1 escribir en el blog, no podr\u00e1 subir fotos, publicar comentarios, valorar o puntuar contenidos. La web tampoco podr\u00e1 saber se usted es un humano o una aplicaci\u00f3n automatizada que publica <em>spam<\/em>.<\/li>\n<li>No se podr\u00e1 mostrar publicidad sectorizada, lo que reducir\u00e1 los ingresos publicitarios de la web.<\/li>\n<li>Todas las redes sociales usan <em>cookies&lt;\/em &gt;, si las desactiva no podr\u00e1 utilizar ninguna red social.<\/em><\/li>\n<\/ul>\n<h2>\u00bfSe pueden eliminar las <em>cookies<\/em>?<\/h2>\n<p>S\u00ed. No solo eliminar, tambi\u00e9n bloquear, de forma general o particular para un dominio espec\u00edfico.<\/p>\n<p>Para eliminar las <em>cookies&lt;\/em &gt; de un sitio web debe ir a la configuraci\u00f3n de su navegador y all\u00ed podr\u00e1 buscar las asociadas al dominio en cuesti\u00f3n y proceder a su eliminaci\u00f3n.<\/em><\/p>\n<h2>Configuraci\u00f3n de <em>cookies&lt;\/em &gt; para los navegadores m\u00e1s populares<\/em><\/h2>\n<p>A continuaci\u00f3n le indicamos c\u00f3mo acceder a una <em>cookie&lt;\/em &gt; determinada del navegador &lt; b&gt;Chrome&lt;\/b &gt;. Nota: estes pasos podr\u00e1n variar en funci\u00f3n de la versi\u00f3n del navegador:<\/em><\/p>\n<ol>\n<li>Vaya a la Configuraci\u00f3n o Preferencias mediante el men\u00fa Archivo o bien picando el icono de personalizaci\u00f3n que aparece arriba a la derecha.<\/li>\n<li>Ver\u00e1 diferentes secciones, pique la opci\u00f3n <em>Mostrar opciones avanzadas<\/em>.<\/li>\n<li>Vaya a <em>Privacidad&lt;\/em &gt;, <em>Configuraci\u00f3n de contenido<\/em>.<\/em><\/li>\n<li>Seleccione <em>Todas las <em>cookies&lt;\/em &gt; y datos de sitios<\/em>.<\/em><\/li>\n<li>Aparecer\u00e1 una lista con todas las <em>cookies&lt;\/em &gt; ordenadas por dominio. Para que le sea m\u00e1s f\u00e1cil encontrar las <em>cookies&lt;\/em &gt; de un determinado dominio introduzca parcial o totalmente la direcci\u00f3n en el campo <em>Buscar cookies<\/em>.<\/em><\/em><\/li>\n<li>Tras realizar este filtro aparecer\u00e1n en pantalla una o varias l\u00edneas con las <em>cookies&lt;\/em &gt; de la web solicitada. Ahora solo tiene que seleccionarla y pulsar la <em>X&lt;\/em &gt; para proceder a su eliminaci\u00f3n.<\/em><\/em><\/li>\n<\/ol>\n<p>Para acceder a la configuraci\u00f3n de <em>cookies&lt;\/em &gt; del navegador &lt; b&gt;Internet Explorer&lt;\/b &gt; siga estes pasos (pueden variar en funci\u00f3n de la versi\u00f3n del navegador):<\/em><\/p>\n<ol>\n<li>Vaya a <em>Herramientas&lt;\/em &gt;, <em>Opciones de Internet<\/em><\/em><\/li>\n<li>Haga click en <em>Privacidad<\/em>.<\/li>\n<li>Mueva el deslizador hasta ajustar el nivel de privacidad que desea.<\/li>\n<\/ol>\n<p>Para acceder a la configuraci\u00f3n de <em>cookies&lt;\/em &gt; del navegador &lt; b&gt;Firefox&lt;\/b &gt; siga estes pasos (pueden variar en funci\u00f3n de la versi\u00f3n del navegador):<\/em><\/p>\n<ol>\n<li>Vaya a <em>Opciones&lt;\/em &gt; o <em>Preferencias&lt;\/em &gt; seg\u00fan\u00a0 su sistema operativo.<\/em><\/em><\/li>\n<li>Haga click en <em>Privacidad<\/em>.<\/li>\n<li>En <em>Historial&lt;\/em &gt; elija <em>Usar una configuraci\u00f3n personalizada para su historial<\/em>.<\/em><\/li>\n<li>Ahora ver\u00e1 la opci\u00f3n <em>Aceptar cookies&lt;\/em &gt;, podr\u00e1 activarla o desactivarla seg\u00fan sus preferencias.<\/em><\/li>\n<\/ol>\n<p>Para acceder a la configuraci\u00f3n de <em>cookies&lt;\/em &gt; del navegador &lt; b&gt;Safari para OSX&lt;\/b &gt; siga estes pasos (pueden variar en funci\u00f3n de la versi\u00f3n del navegador):<\/em><\/p>\n<ol>\n<li>Vaya a <em>Preferencias&lt;\/em &gt;, luego <em>Privacidad<\/em>.<\/em><\/li>\n<li>En este lugar ver\u00e1 la opci\u00f3n <em>Bloquear cookies&lt;\/em &gt; para que ajuste el tipo de bloqueo que desea realizar.<\/em><\/li>\n<\/ol>\n<p>Para acceder a la configuraci\u00f3n de <em>cookies&lt;\/em &gt; del navegador &lt; b&gt;Safari para iOS&lt;\/b &gt; siga estes pasos (pueden variar en funci\u00f3n de la versi\u00f3n del navegador):<\/em><\/p>\n<ol>\n<li>Vaya a <em>Ajustes&lt;\/em &gt;, luego <em>Safari<\/em>.<\/em><\/li>\n<li>Vaya a <em>Privacidad y Seguridad&lt;\/em &gt;, ver\u00e1 la opci\u00f3n <em>Bloquear cookies&lt;\/em &gt; para que ajuste el tipo de bloqueo que desea realizar.<\/em><\/em><\/li>\n<\/ol>\n<p>Para acceder la configuraci\u00f3n de <em>cookies&lt;\/em &gt; del navegador para dispositivos &lt; b&gt;Android&lt;\/b &gt; siga estes pasos (pueden variar en funci\u00f3n de la versi\u00f3n del navegador):<\/em><\/p>\n<ol>\n<li>Ejecute el navegador y pulse la tecla <em>Men\u00fa&lt;\/em &gt;, luego <em>Ajustes<\/em>.<\/em><\/li>\n<li>Vaya a <em>Seguridad e Privacidad&lt;\/em &gt;, ver\u00e1 la opci\u00f3n <em>Aceptar cookies&lt;\/em &gt; para que active o desactive la casa.<\/em><\/em><\/li>\n<\/ol>\n<p>Para acceder a la configuraci\u00f3n de <em>cookies&lt;\/em &gt; del navegador para dispositivos &lt; b&gt;Windows Phone&lt;\/b &gt; siga estes pasos (pueden variar en funci\u00f3n de la versi\u00f3n del navegador):<\/em><\/p>\n<ol>\n<li>Abra <em>Internet Explorer&lt;\/em &gt;, luego <em>M\u00e1s&lt;\/em &gt;, luego <em>Configuraci\u00f3n<\/em><\/em><\/em><\/li>\n<li>Ahora puede activar o desactivar la casa <em>Permitir cookies<\/em>.<\/li>\n<\/ol>\n[\/vc_column_text][\/vc_column][\/vc_row]\n<\/div>","protected":false},"excerpt":{"rendered":"<p>[vc_row][vc_column][vc_column_text css=\u00bb.vc_custom_1557131347725{margin-bottom: 0px !important;}\u00bb] \u00bfQu\u00e9 es una cookie? Una cookie es un fichero de texto inofensivo que se almacena en su navegador cuando visita casi cualquier p\u00e1gina web. La utilidad de una cookie es que la web sea capaz de recordar su visita cuando vuelva a navegar por esa p\u00e1gina. Aunque mucha gente no lo [&hellip;]<\/p>\n","protected":false},"author":6,"featured_media":0,"parent":0,"menu_order":0,"comment_status":"closed","ping_status":"closed","template":"","meta":{"footnotes":""},"class_list":["post-4699","page","type-page","status-publish","hentry"],"yoast_head":"<!-- This site is optimized with the Yoast SEO plugin v26.9 - https:\/\/yoast.com\/product\/yoast-seo-wordpress\/ -->\n<title>M\u00e1s informaci\u00f3n sobre las cookies - SGXX<\/title>\n<meta name=\"robots\" content=\"index, follow, max-snippet:-1, max-image-preview:large, max-video-preview:-1\" \/>\n<link rel=\"canonical\" href=\"https:\/\/sgxx.org\/es\/mas-informacion-sobre-las-cookies\/\" \/>\n<meta property=\"og:locale\" content=\"es_ES\" \/>\n<meta property=\"og:type\" content=\"article\" \/>\n<meta property=\"og:title\" content=\"M\u00e1s informaci\u00f3n sobre las cookies - SGXX\" \/>\n<meta property=\"og:description\" content=\"[vc_row][vc_column][vc_column_text css=\u00bb.vc_custom_1557131347725{margin-bottom: 0px !important;}\u00bb] \u00bfQu\u00e9 es una cookie? Una cookie es un fichero de texto inofensivo que se almacena en su navegador cuando visita casi cualquier p\u00e1gina web. La utilidad de una cookie es que la web sea capaz de recordar su visita cuando vuelva a navegar por esa p\u00e1gina. Aunque mucha gente no lo [&hellip;]\" \/>\n<meta property=\"og:url\" content=\"https:\/\/sgxx.org\/es\/mas-informacion-sobre-las-cookies\/\" \/>\n<meta property=\"og:site_name\" content=\"SGXX\" \/>\n<meta property=\"article:publisher\" content=\"https:\/\/es-es.facebook.com\/pages\/Sociedade-Galega-Xerontoloxia-e-Xeriatria\/327400652646\" \/>\n<meta name=\"twitter:card\" content=\"summary_large_image\" \/>\n<meta name=\"twitter:label1\" content=\"Tiempo de lectura\" \/>\n\t<meta name=\"twitter:data1\" content=\"6 minutos\" \/>\n<script type=\"application\/ld+json\" class=\"yoast-schema-graph\">{\"@context\":\"https:\/\/schema.org\",\"@graph\":[{\"@type\":\"WebPage\",\"@id\":\"https:\/\/sgxx.org\/es\/mas-informacion-sobre-las-cookies\/\",\"url\":\"https:\/\/sgxx.org\/es\/mas-informacion-sobre-las-cookies\/\",\"name\":\"M\u00e1s informaci\u00f3n sobre las cookies - SGXX\",\"isPartOf\":{\"@id\":\"https:\/\/sgxx.org\/#website\"},\"datePublished\":\"2019-05-06T08:29:27+00:00\",\"breadcrumb\":{\"@id\":\"https:\/\/sgxx.org\/es\/mas-informacion-sobre-las-cookies\/#breadcrumb\"},\"inLanguage\":\"es\",\"potentialAction\":[{\"@type\":\"ReadAction\",\"target\":[\"https:\/\/sgxx.org\/es\/mas-informacion-sobre-las-cookies\/\"]}]},{\"@type\":\"BreadcrumbList\",\"@id\":\"https:\/\/sgxx.org\/es\/mas-informacion-sobre-las-cookies\/#breadcrumb\",\"itemListElement\":[{\"@type\":\"ListItem\",\"position\":1,\"name\":\"Portada\",\"item\":\"https:\/\/sgxx.org\/es\/\"},{\"@type\":\"ListItem\",\"position\":2,\"name\":\"M\u00e1s informaci\u00f3n sobre las cookies\"}]},{\"@type\":\"WebSite\",\"@id\":\"https:\/\/sgxx.org\/#website\",\"url\":\"https:\/\/sgxx.org\/\",\"name\":\"SGXX\",\"description\":\"Web da Sociedade Galega de Xerontolox\u00eda e Xeriatr\u00eda\",\"publisher\":{\"@id\":\"https:\/\/sgxx.org\/#organization\"},\"potentialAction\":[{\"@type\":\"SearchAction\",\"target\":{\"@type\":\"EntryPoint\",\"urlTemplate\":\"https:\/\/sgxx.org\/?s={search_term_string}\"},\"query-input\":{\"@type\":\"PropertyValueSpecification\",\"valueRequired\":true,\"valueName\":\"search_term_string\"}}],\"inLanguage\":\"es\"},{\"@type\":\"Organization\",\"@id\":\"https:\/\/sgxx.org\/#organization\",\"name\":\"Sociedade Galega de Xerontolox\u00eda e Xeriatr\u00eda (SGXX)\",\"url\":\"https:\/\/sgxx.org\/\",\"logo\":{\"@type\":\"ImageObject\",\"inLanguage\":\"es\",\"@id\":\"https:\/\/sgxx.org\/#\/schema\/logo\/image\/\",\"url\":\"https:\/\/sgxx.org\/wp-content\/uploads\/2016\/09\/sgxx-logo-1.png\",\"contentUrl\":\"https:\/\/sgxx.org\/wp-content\/uploads\/2016\/09\/sgxx-logo-1.png\",\"width\":200,\"height\":200,\"caption\":\"Sociedade Galega de Xerontolox\u00eda e Xeriatr\u00eda (SGXX)\"},\"image\":{\"@id\":\"https:\/\/sgxx.org\/#\/schema\/logo\/image\/\"},\"sameAs\":[\"https:\/\/es-es.facebook.com\/pages\/Sociedade-Galega-Xerontoloxia-e-Xeriatria\/327400652646\"]}]}<\/script>\n<!-- \/ Yoast SEO plugin. -->","yoast_head_json":{"title":"M\u00e1s informaci\u00f3n sobre las cookies - SGXX","robots":{"index":"index","follow":"follow","max-snippet":"max-snippet:-1","max-image-preview":"max-image-preview:large","max-video-preview":"max-video-preview:-1"},"canonical":"https:\/\/sgxx.org\/es\/mas-informacion-sobre-las-cookies\/","og_locale":"es_ES","og_type":"article","og_title":"M\u00e1s informaci\u00f3n sobre las cookies - SGXX","og_description":"[vc_row][vc_column][vc_column_text css=\u00bb.vc_custom_1557131347725{margin-bottom: 0px !important;}\u00bb] \u00bfQu\u00e9 es una cookie? Una cookie es un fichero de texto inofensivo que se almacena en su navegador cuando visita casi cualquier p\u00e1gina web. La utilidad de una cookie es que la web sea capaz de recordar su visita cuando vuelva a navegar por esa p\u00e1gina. Aunque mucha gente no lo [&hellip;]","og_url":"https:\/\/sgxx.org\/es\/mas-informacion-sobre-las-cookies\/","og_site_name":"SGXX","article_publisher":"https:\/\/es-es.facebook.com\/pages\/Sociedade-Galega-Xerontoloxia-e-Xeriatria\/327400652646","twitter_card":"summary_large_image","twitter_misc":{"Tiempo de lectura":"6 minutos"},"schema":{"@context":"https:\/\/schema.org","@graph":[{"@type":"WebPage","@id":"https:\/\/sgxx.org\/es\/mas-informacion-sobre-las-cookies\/","url":"https:\/\/sgxx.org\/es\/mas-informacion-sobre-las-cookies\/","name":"M\u00e1s informaci\u00f3n sobre las cookies - SGXX","isPartOf":{"@id":"https:\/\/sgxx.org\/#website"},"datePublished":"2019-05-06T08:29:27+00:00","breadcrumb":{"@id":"https:\/\/sgxx.org\/es\/mas-informacion-sobre-las-cookies\/#breadcrumb"},"inLanguage":"es","potentialAction":[{"@type":"ReadAction","target":["https:\/\/sgxx.org\/es\/mas-informacion-sobre-las-cookies\/"]}]},{"@type":"BreadcrumbList","@id":"https:\/\/sgxx.org\/es\/mas-informacion-sobre-las-cookies\/#breadcrumb","itemListElement":[{"@type":"ListItem","position":1,"name":"Portada","item":"https:\/\/sgxx.org\/es\/"},{"@type":"ListItem","position":2,"name":"M\u00e1s informaci\u00f3n sobre las cookies"}]},{"@type":"WebSite","@id":"https:\/\/sgxx.org\/#website","url":"https:\/\/sgxx.org\/","name":"SGXX","description":"Web da Sociedade Galega de Xerontolox\u00eda e Xeriatr\u00eda","publisher":{"@id":"https:\/\/sgxx.org\/#organization"},"potentialAction":[{"@type":"SearchAction","target":{"@type":"EntryPoint","urlTemplate":"https:\/\/sgxx.org\/?s={search_term_string}"},"query-input":{"@type":"PropertyValueSpecification","valueRequired":true,"valueName":"search_term_string"}}],"inLanguage":"es"},{"@type":"Organization","@id":"https:\/\/sgxx.org\/#organization","name":"Sociedade Galega de Xerontolox\u00eda e Xeriatr\u00eda (SGXX)","url":"https:\/\/sgxx.org\/","logo":{"@type":"ImageObject","inLanguage":"es","@id":"https:\/\/sgxx.org\/#\/schema\/logo\/image\/","url":"https:\/\/sgxx.org\/wp-content\/uploads\/2016\/09\/sgxx-logo-1.png","contentUrl":"https:\/\/sgxx.org\/wp-content\/uploads\/2016\/09\/sgxx-logo-1.png","width":200,"height":200,"caption":"Sociedade Galega de Xerontolox\u00eda e Xeriatr\u00eda (SGXX)"},"image":{"@id":"https:\/\/sgxx.org\/#\/schema\/logo\/image\/"},"sameAs":["https:\/\/es-es.facebook.com\/pages\/Sociedade-Galega-Xerontoloxia-e-Xeriatria\/327400652646"]}]}},"_links":{"self":[{"href":"https:\/\/sgxx.org\/es\/wp-json\/wp\/v2\/pages\/4699","targetHints":{"allow":["GET"]}}],"collection":[{"href":"https:\/\/sgxx.org\/es\/wp-json\/wp\/v2\/pages"}],"about":[{"href":"https:\/\/sgxx.org\/es\/wp-json\/wp\/v2\/types\/page"}],"author":[{"embeddable":true,"href":"https:\/\/sgxx.org\/es\/wp-json\/wp\/v2\/users\/6"}],"replies":[{"embeddable":true,"href":"https:\/\/sgxx.org\/es\/wp-json\/wp\/v2\/comments?post=4699"}],"version-history":[{"count":3,"href":"https:\/\/sgxx.org\/es\/wp-json\/wp\/v2\/pages\/4699\/revisions"}],"predecessor-version":[{"id":4702,"href":"https:\/\/sgxx.org\/es\/wp-json\/wp\/v2\/pages\/4699\/revisions\/4702"}],"wp:attachment":[{"href":"https:\/\/sgxx.org\/es\/wp-json\/wp\/v2\/media?parent=4699"}],"curies":[{"name":"wp","href":"https:\/\/api.w.org\/{rel}","templated":true}]}}