{"id":4706,"date":"2019-05-06T12:25:58","date_gmt":"2019-05-06T10:25:58","guid":{"rendered":"https:\/\/sgxx.org\/?page_id=4706"},"modified":"2019-05-06T12:25:58","modified_gmt":"2019-05-06T10:25:58","slug":"area-del-alumnado","status":"publish","type":"page","link":"https:\/\/sgxx.org\/es\/area-del-alumnado\/","title":{"rendered":"\u00c1rea del alumnado"},"content":{"rendered":"<div class=\"wpb-content-wrapper\">[vc_row][vc_column][vc_empty_space][vc_row_inner][vc_column_inner width=\u00bb1\/2&#8243;][vc_column_text css=\u00bb.vc_custom_1557138323204{margin-bottom: 0px !important;}\u00bb]En el <strong>\u00c1rea del alumnado<\/strong> tienes a tu disposici\u00f3n la documentaci\u00f3n relativa a tu participaci\u00f3n en las actividades organizadas por la SGXX.<\/p>\n<p><strong>C\u00f3mo acceder:<\/strong><br \/>\nUsuario: email<br \/>\nContrase\u00f1a: DNI completo (Ex. 12345678A)[\/vc_column_text][\/vc_column_inner][vc_column_inner width=\u00bb1\/2&#8243;][vc_column_text][pc-login-form align=\u00bbleft\u00bb][\/vc_column_text][vc_separator color=\u00bbblack\u00bb css=\u00bb.vc_custom_1518543788870{margin-top: 16px !important;margin-bottom: 16px !important;}\u00bb][vc_column_text css=\u00bb.vc_custom_1557138351476{margin-bottom: 0px !important;}\u00bb]Si tienes problemas para acceder, por favor, emplea este formulario.<\/p>\n[caldera_form id=\u00bbCF59d3ccc597780&#8243;]\n[\/vc_column_text][\/vc_column_inner][\/vc_row_inner][vc_empty_space][\/vc_column][\/vc_row][vc_row][vc_column][vc_column_text]\n[\/vc_column_text][\/vc_column][\/vc_row][vc_row][vc_column][vc_empty_space height=\u00bb64px\u00bb][\/vc_column][\/vc_row][vc_row][vc_column][vc_column_text]\n[\/vc_column_text][\/vc_column][\/vc_row]\n<\/div>","protected":false},"excerpt":{"rendered":"<p>[vc_row][vc_column][vc_empty_space][vc_row_inner][vc_column_inner width=\u00bb1\/2&#8243;][vc_column_text css=\u00bb.vc_custom_1557138323204{margin-bottom: 0px !important;}\u00bb]En el \u00c1rea del alumnado tienes a tu disposici\u00f3n la documentaci\u00f3n relativa a tu participaci\u00f3n en las actividades organizadas por la SGXX. C\u00f3mo acceder: Usuario: email Contrase\u00f1a: DNI completo (Ex. 12345678A)[\/vc_column_text][\/vc_column_inner][vc_column_inner width=\u00bb1\/2&#8243;][vc_column_text][pc-login-form align=\u00bbleft\u00bb][\/vc_column_text][vc_separator color=\u00bbblack\u00bb css=\u00bb.vc_custom_1518543788870{margin-top: 16px !important;margin-bottom: 16px !important;}\u00bb][vc_column_text css=\u00bb.vc_custom_1557138351476{margin-bottom: 0px !important;}\u00bb]Si tienes problemas para acceder, por favor, emplea este formulario. [&hellip;]<\/p>\n","protected":false},"author":6,"featured_media":0,"parent":0,"menu_order":0,"comment_status":"closed","ping_status":"closed","template":"","meta":{"footnotes":""},"class_list":["post-4706","page","type-page","status-publish","hentry"],"yoast_head":"<!-- This site is optimized with the Yoast SEO plugin v27.3 - https:\/\/yoast.com\/product\/yoast-seo-wordpress\/ -->\n<title>\u00c1rea del alumnado - SGXX<\/title>\n<meta name=\"robots\" content=\"noindex, nofollow\" \/>\n<meta property=\"og:locale\" content=\"es_ES\" \/>\n<meta property=\"og:type\" content=\"article\" \/>\n<meta property=\"og:title\" content=\"\u00c1rea del alumnado - SGXX\" \/>\n<meta property=\"og:description\" content=\"[vc_row][vc_column][vc_empty_space][vc_row_inner][vc_column_inner width=\u00bb1\/2&#8243;][vc_column_text css=\u00bb.vc_custom_1557138323204{margin-bottom: 0px !important;}\u00bb]En el \u00c1rea del alumnado tienes a tu disposici\u00f3n la documentaci\u00f3n relativa a tu participaci\u00f3n en las actividades organizadas por la SGXX. C\u00f3mo acceder: Usuario: email Contrase\u00f1a: DNI completo (Ex. 12345678A)[\/vc_column_text][\/vc_column_inner][vc_column_inner width=\u00bb1\/2&#8243;][vc_column_text][pc-login-form align=\u00bbleft\u00bb][\/vc_column_text][vc_separator color=\u00bbblack\u00bb css=\u00bb.vc_custom_1518543788870{margin-top: 16px !important;margin-bottom: 16px !important;}\u00bb][vc_column_text css=\u00bb.vc_custom_1557138351476{margin-bottom: 0px !important;}\u00bb]Si tienes problemas para acceder, por favor, emplea este formulario. [&hellip;]\" \/>\n<meta property=\"og:url\" content=\"https:\/\/sgxx.org\/es\/area-del-alumnado\/\" \/>\n<meta property=\"og:site_name\" content=\"SGXX\" \/>\n<meta property=\"article:publisher\" content=\"https:\/\/es-es.facebook.com\/pages\/Sociedade-Galega-Xerontoloxia-e-Xeriatria\/327400652646\" \/>\n<meta name=\"twitter:card\" content=\"summary_large_image\" \/>\n<meta name=\"twitter:label1\" content=\"Tiempo de lectura\" \/>\n\t<meta name=\"twitter:data1\" content=\"1 minuto\" \/>\n<script type=\"application\/ld+json\" class=\"yoast-schema-graph\">{\"@context\":\"https:\\\/\\\/schema.org\",\"@graph\":[{\"@type\":\"WebPage\",\"@id\":\"https:\\\/\\\/sgxx.org\\\/es\\\/area-del-alumnado\\\/\",\"url\":\"https:\\\/\\\/sgxx.org\\\/es\\\/area-del-alumnado\\\/\",\"name\":\"\u00c1rea del alumnado - SGXX\",\"isPartOf\":{\"@id\":\"https:\\\/\\\/sgxx.org\\\/#website\"},\"datePublished\":\"2019-05-06T10:25:58+00:00\",\"breadcrumb\":{\"@id\":\"https:\\\/\\\/sgxx.org\\\/es\\\/area-del-alumnado\\\/#breadcrumb\"},\"inLanguage\":\"es\",\"potentialAction\":[{\"@type\":\"ReadAction\",\"target\":[\"https:\\\/\\\/sgxx.org\\\/es\\\/area-del-alumnado\\\/\"]}]},{\"@type\":\"BreadcrumbList\",\"@id\":\"https:\\\/\\\/sgxx.org\\\/es\\\/area-del-alumnado\\\/#breadcrumb\",\"itemListElement\":[{\"@type\":\"ListItem\",\"position\":1,\"name\":\"Portada\",\"item\":\"https:\\\/\\\/sgxx.org\\\/es\\\/\"},{\"@type\":\"ListItem\",\"position\":2,\"name\":\"\u00c1rea del alumnado\"}]},{\"@type\":\"WebSite\",\"@id\":\"https:\\\/\\\/sgxx.org\\\/#website\",\"url\":\"https:\\\/\\\/sgxx.org\\\/\",\"name\":\"SGXX\",\"description\":\"Web da Sociedade Galega de Xerontolox\u00eda e Xeriatr\u00eda\",\"publisher\":{\"@id\":\"https:\\\/\\\/sgxx.org\\\/#organization\"},\"potentialAction\":[{\"@type\":\"SearchAction\",\"target\":{\"@type\":\"EntryPoint\",\"urlTemplate\":\"https:\\\/\\\/sgxx.org\\\/?s={search_term_string}\"},\"query-input\":{\"@type\":\"PropertyValueSpecification\",\"valueRequired\":true,\"valueName\":\"search_term_string\"}}],\"inLanguage\":\"es\"},{\"@type\":\"Organization\",\"@id\":\"https:\\\/\\\/sgxx.org\\\/#organization\",\"name\":\"Sociedade Galega de Xerontolox\u00eda e Xeriatr\u00eda (SGXX)\",\"url\":\"https:\\\/\\\/sgxx.org\\\/\",\"logo\":{\"@type\":\"ImageObject\",\"inLanguage\":\"es\",\"@id\":\"https:\\\/\\\/sgxx.org\\\/#\\\/schema\\\/logo\\\/image\\\/\",\"url\":\"https:\\\/\\\/sgxx.org\\\/wp-content\\\/uploads\\\/2016\\\/09\\\/sgxx-logo-1.png\",\"contentUrl\":\"https:\\\/\\\/sgxx.org\\\/wp-content\\\/uploads\\\/2016\\\/09\\\/sgxx-logo-1.png\",\"width\":200,\"height\":200,\"caption\":\"Sociedade Galega de Xerontolox\u00eda e Xeriatr\u00eda (SGXX)\"},\"image\":{\"@id\":\"https:\\\/\\\/sgxx.org\\\/#\\\/schema\\\/logo\\\/image\\\/\"},\"sameAs\":[\"https:\\\/\\\/es-es.facebook.com\\\/pages\\\/Sociedade-Galega-Xerontoloxia-e-Xeriatria\\\/327400652646\"]}]}<\/script>\n<!-- \/ Yoast SEO plugin. -->","yoast_head_json":{"title":"\u00c1rea del alumnado - SGXX","robots":{"index":"noindex","follow":"nofollow"},"og_locale":"es_ES","og_type":"article","og_title":"\u00c1rea del alumnado - SGXX","og_description":"[vc_row][vc_column][vc_empty_space][vc_row_inner][vc_column_inner width=\u00bb1\/2&#8243;][vc_column_text css=\u00bb.vc_custom_1557138323204{margin-bottom: 0px !important;}\u00bb]En el \u00c1rea del alumnado tienes a tu disposici\u00f3n la documentaci\u00f3n relativa a tu participaci\u00f3n en las actividades organizadas por la SGXX. C\u00f3mo acceder: Usuario: email Contrase\u00f1a: DNI completo (Ex. 12345678A)[\/vc_column_text][\/vc_column_inner][vc_column_inner width=\u00bb1\/2&#8243;][vc_column_text][pc-login-form align=\u00bbleft\u00bb][\/vc_column_text][vc_separator color=\u00bbblack\u00bb css=\u00bb.vc_custom_1518543788870{margin-top: 16px !important;margin-bottom: 16px !important;}\u00bb][vc_column_text css=\u00bb.vc_custom_1557138351476{margin-bottom: 0px !important;}\u00bb]Si tienes problemas para acceder, por favor, emplea este formulario. [&hellip;]","og_url":"https:\/\/sgxx.org\/es\/area-del-alumnado\/","og_site_name":"SGXX","article_publisher":"https:\/\/es-es.facebook.com\/pages\/Sociedade-Galega-Xerontoloxia-e-Xeriatria\/327400652646","twitter_card":"summary_large_image","twitter_misc":{"Tiempo de lectura":"1 minuto"},"schema":{"@context":"https:\/\/schema.org","@graph":[{"@type":"WebPage","@id":"https:\/\/sgxx.org\/es\/area-del-alumnado\/","url":"https:\/\/sgxx.org\/es\/area-del-alumnado\/","name":"\u00c1rea del alumnado - SGXX","isPartOf":{"@id":"https:\/\/sgxx.org\/#website"},"datePublished":"2019-05-06T10:25:58+00:00","breadcrumb":{"@id":"https:\/\/sgxx.org\/es\/area-del-alumnado\/#breadcrumb"},"inLanguage":"es","potentialAction":[{"@type":"ReadAction","target":["https:\/\/sgxx.org\/es\/area-del-alumnado\/"]}]},{"@type":"BreadcrumbList","@id":"https:\/\/sgxx.org\/es\/area-del-alumnado\/#breadcrumb","itemListElement":[{"@type":"ListItem","position":1,"name":"Portada","item":"https:\/\/sgxx.org\/es\/"},{"@type":"ListItem","position":2,"name":"\u00c1rea del alumnado"}]},{"@type":"WebSite","@id":"https:\/\/sgxx.org\/#website","url":"https:\/\/sgxx.org\/","name":"SGXX","description":"Web da Sociedade Galega de Xerontolox\u00eda e Xeriatr\u00eda","publisher":{"@id":"https:\/\/sgxx.org\/#organization"},"potentialAction":[{"@type":"SearchAction","target":{"@type":"EntryPoint","urlTemplate":"https:\/\/sgxx.org\/?s={search_term_string}"},"query-input":{"@type":"PropertyValueSpecification","valueRequired":true,"valueName":"search_term_string"}}],"inLanguage":"es"},{"@type":"Organization","@id":"https:\/\/sgxx.org\/#organization","name":"Sociedade Galega de Xerontolox\u00eda e Xeriatr\u00eda (SGXX)","url":"https:\/\/sgxx.org\/","logo":{"@type":"ImageObject","inLanguage":"es","@id":"https:\/\/sgxx.org\/#\/schema\/logo\/image\/","url":"https:\/\/sgxx.org\/wp-content\/uploads\/2016\/09\/sgxx-logo-1.png","contentUrl":"https:\/\/sgxx.org\/wp-content\/uploads\/2016\/09\/sgxx-logo-1.png","width":200,"height":200,"caption":"Sociedade Galega de Xerontolox\u00eda e Xeriatr\u00eda (SGXX)"},"image":{"@id":"https:\/\/sgxx.org\/#\/schema\/logo\/image\/"},"sameAs":["https:\/\/es-es.facebook.com\/pages\/Sociedade-Galega-Xerontoloxia-e-Xeriatria\/327400652646"]}]}},"_links":{"self":[{"href":"https:\/\/sgxx.org\/es\/wp-json\/wp\/v2\/pages\/4706","targetHints":{"allow":["GET"]}}],"collection":[{"href":"https:\/\/sgxx.org\/es\/wp-json\/wp\/v2\/pages"}],"about":[{"href":"https:\/\/sgxx.org\/es\/wp-json\/wp\/v2\/types\/page"}],"author":[{"embeddable":true,"href":"https:\/\/sgxx.org\/es\/wp-json\/wp\/v2\/users\/6"}],"replies":[{"embeddable":true,"href":"https:\/\/sgxx.org\/es\/wp-json\/wp\/v2\/comments?post=4706"}],"version-history":[{"count":2,"href":"https:\/\/sgxx.org\/es\/wp-json\/wp\/v2\/pages\/4706\/revisions"}],"predecessor-version":[{"id":4708,"href":"https:\/\/sgxx.org\/es\/wp-json\/wp\/v2\/pages\/4706\/revisions\/4708"}],"wp:attachment":[{"href":"https:\/\/sgxx.org\/es\/wp-json\/wp\/v2\/media?parent=4706"}],"curies":[{"name":"wp","href":"https:\/\/api.w.org\/{rel}","templated":true}]}}