{"id":4709,"date":"2019-05-06T12:28:59","date_gmt":"2019-05-06T10:28:59","guid":{"rendered":"https:\/\/sgxx.org\/?page_id=4709"},"modified":"2024-04-10T14:20:41","modified_gmt":"2024-04-10T12:20:41","slug":"la-sgxx-en-los-medios","status":"publish","type":"page","link":"https:\/\/sgxx.org\/es\/la-sgxx-en-los-medios\/","title":{"rendered":"La SGXX en los medios"},"content":{"rendered":"<div class=\"wpb-content-wrapper\">[vc_row equal_columns=\u00bbtrue\u00bb][vc_column][vc_wp_custommenu nav_menu=\u00bb259&#8243; title=\u00bbVer por a\u00f1os anteriores\u00bb el_class=\u00bbsgxx-medios years\u00bb][vc_wp_custommenu nav_menu=\u00bb402&#8243; title=\u00bbVer por medio\u00bb el_class=\u00bbsgxx-medios media\u00bb][vc_column_text css=\u00bb.vc_custom_1712751459758{margin-bottom: 0px !important;}\u00bb]\n<h3 id=\"2024\">2024<\/h3>\n[\/vc_column_text][mk_news count=\u00bb-1&#8243; image_height=\u00bb320&#8243; pagination=\u00bbfalse\u00bb categories=\u00bb2024&#8243;][vc_column_text css=\u00bb.vc_custom_1712751451500{margin-bottom: 0px !important;}\u00bb]\n<h3 id=\"2023\">2023<\/h3>\n[\/vc_column_text][mk_news count=\u00bb-1&#8243; image_height=\u00bb320&#8243; pagination=\u00bbfalse\u00bb categories=\u00bb2023&#8243;][vc_column_text css=\u00bb.vc_custom_1660737405709{margin-bottom: 0px !important;}\u00bb]\n<h3 id=\"2022\">2022<\/h3>\n[\/vc_column_text][mk_news count=\u00bb-1&#8243; image_height=\u00bb320&#8243; pagination=\u00bbfalse\u00bb categories=\u00bb2022&#8243;][vc_column_text css=\u00bb.vc_custom_1655115261923{margin-bottom: 0px !important;}\u00bb]\n<h3 id=\"2021\">2021<\/h3>\n[\/vc_column_text][mk_news count=\u00bb-1&#8243; image_height=\u00bb320&#8243; pagination=\u00bbfalse\u00bb categories=\u00bb2021&#8243;][vc_column_text css=\u00bb.vc_custom_1655115272976{margin-bottom: 0px !important;}\u00bb]\n<h3 id=\"2020\">2020<\/h3>\n[\/vc_column_text][mk_news count=\u00bb-1&#8243; image_height=\u00bb320&#8243; pagination=\u00bbfalse\u00bb categories=\u00bb2020&#8243;][vc_column_text css=\u00bb.vc_custom_1658217408982{margin-bottom: 0px !important;}\u00bb]\n<h3 id=\"2017\">2017<\/h3>\n[\/vc_column_text][mk_news count=\u00bb-1&#8243; image_height=\u00bb320&#8243; pagination=\u00bbfalse\u00bb categories=\u00bb2017&#8243;][vc_column_text css=\u00bb.vc_custom_1658162969126{margin-bottom: 0px !important;}\u00bb]\n<h3 id=\"2016\">2016<\/h3>\n[\/vc_column_text][mk_news count=\u00bb-1&#8243; image_height=\u00bb320&#8243; pagination=\u00bbfalse\u00bb categories=\u00bb2016&#8243;][vc_column_text css=\u00bb.vc_custom_1660738724820{margin-bottom: 0px !important;}\u00bb]\n<h3 id=\"2015\">2015<\/h3>\n[\/vc_column_text][mk_news count=\u00bb-1&#8243; image_height=\u00bb320&#8243; pagination=\u00bbfalse\u00bb categories=\u00bb2015&#8243;][vc_column_text css=\u00bb.vc_custom_1660739880393{margin-bottom: 0px !important;}\u00bb]\n<h3 id=\"2014\">2014<\/h3>\n[\/vc_column_text][mk_news count=\u00bb-1&#8243; image_height=\u00bb320&#8243; pagination=\u00bbfalse\u00bb categories=\u00bb2014&#8243;][vc_column_text css=\u00bb.vc_custom_1660741617835{margin-bottom: 0px !important;}\u00bb]\n<h3 id=\"2013\">2013<\/h3>\n[\/vc_column_text][mk_news count=\u00bb-1&#8243; image_height=\u00bb320&#8243; pagination=\u00bbfalse\u00bb categories=\u00bb2013&#8243;][vc_column_text css=\u00bb.vc_custom_1660743007771{margin-bottom: 0px !important;}\u00bb]\n<h3 id=\"2012\">2012<\/h3>\n[\/vc_column_text][mk_news count=\u00bb-1&#8243; image_height=\u00bb320&#8243; pagination=\u00bbfalse\u00bb categories=\u00bb2012&#8243;][vc_column_text css=\u00bb.vc_custom_1660749996868{margin-bottom: 0px !important;}\u00bb]\n<h3 id=\"2011\">2011<\/h3>\n[\/vc_column_text][mk_news count=\u00bb-1&#8243; image_height=\u00bb320&#8243; pagination=\u00bbfalse\u00bb categories=\u00bb2011&#8243;][vc_column_text css=\u00bb.vc_custom_1660751965664{margin-bottom: 0px !important;}\u00bb]\n<h3 id=\"2010\">2010<\/h3>\n[\/vc_column_text][mk_news count=\u00bb-1&#8243; image_height=\u00bb320&#8243; pagination=\u00bbfalse\u00bb categories=\u00bb2010&#8243;][vc_column_text css=\u00bb.vc_custom_1660752211119{margin-bottom: 0px !important;}\u00bb]\n<h3 id=\"2009\">2009<\/h3>\n[\/vc_column_text][mk_news count=\u00bb-1&#8243; image_height=\u00bb320&#8243; pagination=\u00bbfalse\u00bb categories=\u00bb2009&#8243;][\/vc_column][\/vc_row]\n<\/div>","protected":false},"excerpt":{"rendered":"<p>[vc_row equal_columns=\u00bbtrue\u00bb][vc_column][vc_wp_custommenu nav_menu=\u00bb259&#8243; title=\u00bbVer por a\u00f1os anteriores\u00bb el_class=\u00bbsgxx-medios years\u00bb][vc_wp_custommenu nav_menu=\u00bb402&#8243; title=\u00bbVer por medio\u00bb el_class=\u00bbsgxx-medios media\u00bb][vc_column_text css=\u00bb.vc_custom_1712751459758{margin-bottom: 0px !important;}\u00bb] 2024 [\/vc_column_text][mk_news count=\u00bb-1&#8243; image_height=\u00bb320&#8243; pagination=\u00bbfalse\u00bb categories=\u00bb2024&#8243;][vc_column_text css=\u00bb.vc_custom_1712751451500{margin-bottom: 0px !important;}\u00bb] 2023 [\/vc_column_text][mk_news count=\u00bb-1&#8243; image_height=\u00bb320&#8243; pagination=\u00bbfalse\u00bb categories=\u00bb2023&#8243;][vc_column_text css=\u00bb.vc_custom_1660737405709{margin-bottom: 0px !important;}\u00bb] 2022 [\/vc_column_text][mk_news count=\u00bb-1&#8243; image_height=\u00bb320&#8243; pagination=\u00bbfalse\u00bb categories=\u00bb2022&#8243;][vc_column_text css=\u00bb.vc_custom_1655115261923{margin-bottom: 0px !important;}\u00bb] 2021 [\/vc_column_text][mk_news count=\u00bb-1&#8243; image_height=\u00bb320&#8243; pagination=\u00bbfalse\u00bb categories=\u00bb2021&#8243;][vc_column_text css=\u00bb.vc_custom_1655115272976{margin-bottom: 0px !important;}\u00bb] 2020 [&hellip;]<\/p>\n","protected":false},"author":6,"featured_media":0,"parent":0,"menu_order":0,"comment_status":"closed","ping_status":"closed","template":"","meta":{"footnotes":""},"class_list":["post-4709","page","type-page","status-publish","hentry"],"yoast_head":"<!-- This site is optimized with the Yoast SEO plugin v26.9 - https:\/\/yoast.com\/product\/yoast-seo-wordpress\/ -->\n<title>Prensa \u00b7 Impactos de la Sociedade Galega Xerontolox\u00eda e Xeriatr\u00eda<\/title>\n<meta name=\"description\" content=\"En esta secci\u00f3n puedes consultar los art\u00edculos y publicaciones en los que la SGXX hace aparici\u00f3n y comunicaciones en su objetivo de mejorar la calidad de vida de los mayores.\" \/>\n<meta name=\"robots\" content=\"index, follow, max-snippet:-1, max-image-preview:large, max-video-preview:-1\" \/>\n<link rel=\"canonical\" href=\"https:\/\/sgxx.org\/es\/la-sgxx-en-los-medios\/\" \/>\n<meta property=\"og:locale\" content=\"es_ES\" \/>\n<meta property=\"og:type\" content=\"article\" \/>\n<meta property=\"og:title\" content=\"Prensa \u00b7 Impactos de la Sociedade Galega Xerontolox\u00eda e Xeriatr\u00eda\" \/>\n<meta property=\"og:description\" content=\"En esta secci\u00f3n puedes consultar los art\u00edculos y publicaciones en los que la SGXX hace aparici\u00f3n y comunicaciones en su objetivo de mejorar la calidad de vida de los mayores.\" \/>\n<meta property=\"og:url\" content=\"https:\/\/sgxx.org\/es\/la-sgxx-en-los-medios\/\" \/>\n<meta property=\"og:site_name\" content=\"SGXX\" \/>\n<meta property=\"article:publisher\" content=\"https:\/\/es-es.facebook.com\/pages\/Sociedade-Galega-Xerontoloxia-e-Xeriatria\/327400652646\" \/>\n<meta property=\"article:modified_time\" content=\"2024-04-10T12:20:41+00:00\" \/>\n<meta name=\"twitter:card\" content=\"summary_large_image\" \/>\n<meta name=\"twitter:label1\" content=\"Tiempo de lectura\" \/>\n\t<meta name=\"twitter:data1\" content=\"1 minuto\" \/>\n<script type=\"application\/ld+json\" class=\"yoast-schema-graph\">{\"@context\":\"https:\/\/schema.org\",\"@graph\":[{\"@type\":\"WebPage\",\"@id\":\"https:\/\/sgxx.org\/es\/la-sgxx-en-los-medios\/\",\"url\":\"https:\/\/sgxx.org\/es\/la-sgxx-en-los-medios\/\",\"name\":\"Prensa \u00b7 Impactos de la Sociedade Galega Xerontolox\u00eda e Xeriatr\u00eda\",\"isPartOf\":{\"@id\":\"https:\/\/sgxx.org\/#website\"},\"datePublished\":\"2019-05-06T10:28:59+00:00\",\"dateModified\":\"2024-04-10T12:20:41+00:00\",\"description\":\"En esta secci\u00f3n puedes consultar los art\u00edculos y publicaciones en los que la SGXX hace aparici\u00f3n y comunicaciones en su objetivo de mejorar la calidad de vida de los mayores.\",\"breadcrumb\":{\"@id\":\"https:\/\/sgxx.org\/es\/la-sgxx-en-los-medios\/#breadcrumb\"},\"inLanguage\":\"es\",\"potentialAction\":[{\"@type\":\"ReadAction\",\"target\":[\"https:\/\/sgxx.org\/es\/la-sgxx-en-los-medios\/\"]}]},{\"@type\":\"BreadcrumbList\",\"@id\":\"https:\/\/sgxx.org\/es\/la-sgxx-en-los-medios\/#breadcrumb\",\"itemListElement\":[{\"@type\":\"ListItem\",\"position\":1,\"name\":\"Portada\",\"item\":\"https:\/\/sgxx.org\/es\/\"},{\"@type\":\"ListItem\",\"position\":2,\"name\":\"La SGXX en los medios\"}]},{\"@type\":\"WebSite\",\"@id\":\"https:\/\/sgxx.org\/#website\",\"url\":\"https:\/\/sgxx.org\/\",\"name\":\"SGXX\",\"description\":\"Web da Sociedade Galega de Xerontolox\u00eda e Xeriatr\u00eda\",\"publisher\":{\"@id\":\"https:\/\/sgxx.org\/#organization\"},\"potentialAction\":[{\"@type\":\"SearchAction\",\"target\":{\"@type\":\"EntryPoint\",\"urlTemplate\":\"https:\/\/sgxx.org\/?s={search_term_string}\"},\"query-input\":{\"@type\":\"PropertyValueSpecification\",\"valueRequired\":true,\"valueName\":\"search_term_string\"}}],\"inLanguage\":\"es\"},{\"@type\":\"Organization\",\"@id\":\"https:\/\/sgxx.org\/#organization\",\"name\":\"Sociedade Galega de Xerontolox\u00eda e Xeriatr\u00eda (SGXX)\",\"url\":\"https:\/\/sgxx.org\/\",\"logo\":{\"@type\":\"ImageObject\",\"inLanguage\":\"es\",\"@id\":\"https:\/\/sgxx.org\/#\/schema\/logo\/image\/\",\"url\":\"https:\/\/sgxx.org\/wp-content\/uploads\/2016\/09\/sgxx-logo-1.png\",\"contentUrl\":\"https:\/\/sgxx.org\/wp-content\/uploads\/2016\/09\/sgxx-logo-1.png\",\"width\":200,\"height\":200,\"caption\":\"Sociedade Galega de Xerontolox\u00eda e Xeriatr\u00eda (SGXX)\"},\"image\":{\"@id\":\"https:\/\/sgxx.org\/#\/schema\/logo\/image\/\"},\"sameAs\":[\"https:\/\/es-es.facebook.com\/pages\/Sociedade-Galega-Xerontoloxia-e-Xeriatria\/327400652646\"]}]}<\/script>\n<!-- \/ Yoast SEO plugin. -->","yoast_head_json":{"title":"Prensa \u00b7 Impactos de la Sociedade Galega Xerontolox\u00eda e Xeriatr\u00eda","description":"En esta secci\u00f3n puedes consultar los art\u00edculos y publicaciones en los que la SGXX hace aparici\u00f3n y comunicaciones en su objetivo de mejorar la calidad de vida de los mayores.","robots":{"index":"index","follow":"follow","max-snippet":"max-snippet:-1","max-image-preview":"max-image-preview:large","max-video-preview":"max-video-preview:-1"},"canonical":"https:\/\/sgxx.org\/es\/la-sgxx-en-los-medios\/","og_locale":"es_ES","og_type":"article","og_title":"Prensa \u00b7 Impactos de la Sociedade Galega Xerontolox\u00eda e Xeriatr\u00eda","og_description":"En esta secci\u00f3n puedes consultar los art\u00edculos y publicaciones en los que la SGXX hace aparici\u00f3n y comunicaciones en su objetivo de mejorar la calidad de vida de los mayores.","og_url":"https:\/\/sgxx.org\/es\/la-sgxx-en-los-medios\/","og_site_name":"SGXX","article_publisher":"https:\/\/es-es.facebook.com\/pages\/Sociedade-Galega-Xerontoloxia-e-Xeriatria\/327400652646","article_modified_time":"2024-04-10T12:20:41+00:00","twitter_card":"summary_large_image","twitter_misc":{"Tiempo de lectura":"1 minuto"},"schema":{"@context":"https:\/\/schema.org","@graph":[{"@type":"WebPage","@id":"https:\/\/sgxx.org\/es\/la-sgxx-en-los-medios\/","url":"https:\/\/sgxx.org\/es\/la-sgxx-en-los-medios\/","name":"Prensa \u00b7 Impactos de la Sociedade Galega Xerontolox\u00eda e Xeriatr\u00eda","isPartOf":{"@id":"https:\/\/sgxx.org\/#website"},"datePublished":"2019-05-06T10:28:59+00:00","dateModified":"2024-04-10T12:20:41+00:00","description":"En esta secci\u00f3n puedes consultar los art\u00edculos y publicaciones en los que la SGXX hace aparici\u00f3n y comunicaciones en su objetivo de mejorar la calidad de vida de los mayores.","breadcrumb":{"@id":"https:\/\/sgxx.org\/es\/la-sgxx-en-los-medios\/#breadcrumb"},"inLanguage":"es","potentialAction":[{"@type":"ReadAction","target":["https:\/\/sgxx.org\/es\/la-sgxx-en-los-medios\/"]}]},{"@type":"BreadcrumbList","@id":"https:\/\/sgxx.org\/es\/la-sgxx-en-los-medios\/#breadcrumb","itemListElement":[{"@type":"ListItem","position":1,"name":"Portada","item":"https:\/\/sgxx.org\/es\/"},{"@type":"ListItem","position":2,"name":"La SGXX en los medios"}]},{"@type":"WebSite","@id":"https:\/\/sgxx.org\/#website","url":"https:\/\/sgxx.org\/","name":"SGXX","description":"Web da Sociedade Galega de Xerontolox\u00eda e Xeriatr\u00eda","publisher":{"@id":"https:\/\/sgxx.org\/#organization"},"potentialAction":[{"@type":"SearchAction","target":{"@type":"EntryPoint","urlTemplate":"https:\/\/sgxx.org\/?s={search_term_string}"},"query-input":{"@type":"PropertyValueSpecification","valueRequired":true,"valueName":"search_term_string"}}],"inLanguage":"es"},{"@type":"Organization","@id":"https:\/\/sgxx.org\/#organization","name":"Sociedade Galega de Xerontolox\u00eda e Xeriatr\u00eda (SGXX)","url":"https:\/\/sgxx.org\/","logo":{"@type":"ImageObject","inLanguage":"es","@id":"https:\/\/sgxx.org\/#\/schema\/logo\/image\/","url":"https:\/\/sgxx.org\/wp-content\/uploads\/2016\/09\/sgxx-logo-1.png","contentUrl":"https:\/\/sgxx.org\/wp-content\/uploads\/2016\/09\/sgxx-logo-1.png","width":200,"height":200,"caption":"Sociedade Galega de Xerontolox\u00eda e Xeriatr\u00eda (SGXX)"},"image":{"@id":"https:\/\/sgxx.org\/#\/schema\/logo\/image\/"},"sameAs":["https:\/\/es-es.facebook.com\/pages\/Sociedade-Galega-Xerontoloxia-e-Xeriatria\/327400652646"]}]}},"_links":{"self":[{"href":"https:\/\/sgxx.org\/es\/wp-json\/wp\/v2\/pages\/4709","targetHints":{"allow":["GET"]}}],"collection":[{"href":"https:\/\/sgxx.org\/es\/wp-json\/wp\/v2\/pages"}],"about":[{"href":"https:\/\/sgxx.org\/es\/wp-json\/wp\/v2\/types\/page"}],"author":[{"embeddable":true,"href":"https:\/\/sgxx.org\/es\/wp-json\/wp\/v2\/users\/6"}],"replies":[{"embeddable":true,"href":"https:\/\/sgxx.org\/es\/wp-json\/wp\/v2\/comments?post=4709"}],"version-history":[{"count":3,"href":"https:\/\/sgxx.org\/es\/wp-json\/wp\/v2\/pages\/4709\/revisions"}],"predecessor-version":[{"id":7711,"href":"https:\/\/sgxx.org\/es\/wp-json\/wp\/v2\/pages\/4709\/revisions\/7711"}],"wp:attachment":[{"href":"https:\/\/sgxx.org\/es\/wp-json\/wp\/v2\/media?parent=4709"}],"curies":[{"name":"wp","href":"https:\/\/api.w.org\/{rel}","templated":true}]}}