{"id":4715,"date":"2019-05-06T12:54:13","date_gmt":"2019-05-06T10:54:13","guid":{"rendered":"https:\/\/sgxx.org\/?page_id=4715"},"modified":"2019-05-06T12:54:13","modified_gmt":"2019-05-06T10:54:13","slug":"aviso-legal","status":"publish","type":"page","link":"https:\/\/sgxx.org\/es\/aviso-legal\/","title":{"rendered":"Aviso Legal"},"content":{"rendered":"<div class=\"wpb-content-wrapper\">[vc_row][vc_column][vc_empty_space][vc_column_text]<strong>AVISO LEGAL DO SITIO WEB DA SOCIEDADE GALEGA DE XERONTOLOX\u00cdA E XERIATR\u00cdA (SGXX)<\/strong>[\/vc_column_text][vc_column_text css=\u00bb.vc_custom_1557140048540{margin-bottom: 0px !important;}\u00bb]1. DATOS IDENTIFICATIVOS<br \/>\nEn cumplimiento con el deber de informaci\u00f3n recogido en art\u00edculo 10 de la Ley 34\/2002, de 11 de julio, de Servicios de la Sociedad de la Informaci\u00f3n y del Comercio Electr\u00f3nico, a continuaci\u00f3n se reflejan los siguientes datos: la empresa titular del dominio web es la SOCIEDADE GALEGA DE XERONTOLOX\u00cdA E XERIATR\u00cdA (en adelante SGXX), con domicilio para estes efectos en C\/ San Pedro de Mezonzo 39-41. CP 15701 Santiago de Compostela, A Coru\u00f1a. CIF: G-32117921. Correo electr\u00f3nico de contacto: info@sgxx.org.<\/p>\n<p>2. USUARIOS<br \/>\nEl acceso y\/o uso de este portal de SGXX atribuye la condici\u00f3n de USUARIO, que acepta, desde lo dicho acceso y\/o uso, las Condiciones Generales de Uso aqu\u00ed reflejadas. Las citadas Condiciones ser\u00e1n de aplicaci\u00f3n independientemente de las Condiciones Generales de Contrataci\u00f3n que en su caso resulten de obligado cumplimiento.<\/p>\n<p>3. USO DEL PORTAL<br \/>\nwww.sgxx.org proporciona el acceso a multitud de informaciones, servicios, programas o datos (en adelante, \u00ablos contenidos\u00bb) en Internet pertenecientes a la SGXX o a sus licenciantes a los que el USUARIO pueda tener acceso. El USUARIO asume la responsabilidad del uso del portal. La dicha responsabilidad se extiende al registro que hab\u00eda sido necesario para acceder a determinados servicios o contenidos.<\/p>\n<p>En el dicho registro el USUARIO ser\u00e1 responsable de acercar informaci\u00f3n veraz y l\u00edcita. Como consecuencia de este registro, al USUARIO se le puede proporcionar una contrase\u00f1a de la que ser\u00e1 responsable, comprometi\u00e9ndose a hacer un uso dilixente y confidencial de esta. El USUARIO se compromete a hacer un uso acomodado de los contenidos y servicios (como por ejemplo servicios de chat, foros de discusi\u00f3n o grupos de noticias) que SGXX ofrece a trav\u00e9s de su portal y con car\u00e1cter enunciativo pero no limitativo, a no los emplear para (i) incurrir en actividades il\u00edcitas, ilegales o contrarias a la buena fe y a la orden p\u00fablica; (ii) difundir contenidos o propaganda de car\u00e1cter racista, xen\u00f3fobo, pornogr\u00e1fico-ilegal, de apolog\u00eda del terrorismo o atentatorio contra los derechos humanos; (iii) provocar da\u00f1os en los sistemas f\u00edsicos y l\u00f3gicos de SGXX, de sus proveedores o de terceras personas, introducir o difundir en la red virus inform\u00e1ticos o #cualquier otros sistemas f\u00edsicos o l\u00f3gicos que sean susceptibles de provocar los da\u00f1os anteriormente mencionados; (iv) intentar acceder y, en su caso, utilizar las cuentas de correo electr\u00f3nico de otros usuarios y modificar o manipular sus mensajes. SGXX se reserva el derecho de retirar todos aquellos comentarios y aportaciones que vulneren el respeto a la dignidad de la persona, que sean discriminatorios, xen\u00f3fobos, racistas, pornogr\u00e1ficos, que atenten contra la juventud o la infancia, la orden o la seguridad p\u00fablica o que, a su juicio, no resultaran acomodados para su publicaci\u00f3n. En cualquiera caso, SGXX no ser\u00e1 responsable de las opiniones vertidas por los usuarios a trav\u00e9s de los foros, chats, u otras herramientas de participaci\u00f3n.<\/p>\n<p>1. PROTECCI\u00d3N DE DATOS<\/p>\n<p>SGXX cumple con las directrices de la Ley Org\u00e1nica 15\/1999 de 13 de diciembre de Protecci\u00f3n de Datos de Car\u00e1cter Personal, el Real Decreto 1720\/2007 de 21 de diciembre por lo que se aprueba el Reglamento de desarrollo de la Ley Org\u00e1nica y dem\u00e1s normativa vigente en cada momento, y la viere por garantizar un correcto uso y tratamiento de los datos personales del usuario. Para eso, junto a cada formulario de solicito de datos de car\u00e1cter personal, en los servicios que el usuario pueda solicitar la SGXX, har\u00e1 saber al usuario de la existencia y aceptaci\u00f3n de las condiciones particulares del tratamiento de sus datos en cada caso, inform\u00e1ndolo de la responsabilidad del fichero creado, la direcci\u00f3n del responsable, la posibilidad de ejercer sus derechos de acceso, rectificaci\u00f3n, cancelaci\u00f3n u oposici\u00f3n, la finalidad del tratamiento y las comunicaciones de datos a terceros en su caso. Asimismo, SGXX informa que da cumplimiento a la Ley 34\/2002 de 11 de julio, de Servicios de la Sociedad de la Informaci\u00f3n y el Comercio Electr\u00f3nico y le solicitar\u00e1 su consentimiento al tratamiento de su correo electr\u00f3nico con fines comerciales en cada momento.\u00a0Los datos personales solicitados en nuestra p\u00e1gina web forman parte de ficheros responsabilidad de SGXX y son tratados por esta con las siguientes finalidades:<\/p>\n<p>Contacto general:Resolver las consultas formuladas a la SGXX, as\u00ed como atender las solicitudes de informaci\u00f3n sobre los servicios que ofrecemos. El registro en los formularios y usos en esta web implica la aceptaci\u00f3n de esta Pol\u00edtica de Privacidad.<\/p>\n<p>Eventualmente, esta Pol\u00edtica de Privacidad puede ser revisada con el fin de actualizar los cambios en la legislaci\u00f3n vigente, actualizar nuestros procedimientos de recogida y uso de la informaci\u00f3n de car\u00e1cter personal, la aparici\u00f3n de nuevos servicios o la exclusi\u00f3n de otros. Estos cambios ser\u00e1n vigentes a partir de su publicaci\u00f3n en la web, por lo que es importante que revises regularmente esta Pol\u00edtica de Privacidad con el fin de permanecer informados sobre los cambios habidos. La SGXX se reserva la facultad de investigar cualquier contenido que atente contra esta Pol\u00edtica de Privacidad as\u00ed como en el uso incorrecto, indebido y fraudulento de las condiciones expuestas.<\/p>\n<p>SGXX solo usar\u00e1 tu informaci\u00f3n de car\u00e1cter personal en virtud de esta Pol\u00edtica de Privacidad y, con car\u00e1cter general, solicitar\u00e1 tu consentimiento para utilizar tu informaci\u00f3n de car\u00e1cter personal con fines distintos de aquellos para los cu\u00e1les los otorgaste en los formularios.<\/p>\n<p><span class=\"unknown\">SGXX no utilizar\u00e1 tus datos personales con finalidades incompatibles a las que figuran en esta cl\u00e1usula.<br \/>\n<\/span>SGXX est\u00e1 presente tambi\u00e9n en redes sociales c\u00f3mo Facebook,Twitter, Linkedin, Pinterest, Google +, entre otras.<br \/>\nSGXX no comparte ni comunica ninguna informaci\u00f3n personal de los usuarios amigos en ninguna red social de las anteriormente citadas ni en ninguna otra red social. Y en cada uno de estos medios sociales, SGXX es usuario administrador de las cuentas incluidas en las mencionadas redes sociales, adopta las medidas de seguridad y configuraciones de privacidad id\u00f3neas que proporcionan estas redes sociales. Puedes consultar sus Pol\u00edticas de Privacidad y Condiciones de Uso de cada red social en sus p\u00e1ginas web correspondientes.<\/p>\n<p>SGXX adopta medidas de \u00edndole t\u00e9cnica, administrativa y organizativa nos sus sistemas con el fin de proteger la informaci\u00f3n de car\u00e1cter personal, evitando su p\u00e9rdida, robo, divulgaci\u00f3n, alteraci\u00f3n o uso no autorizado.<br \/>\nPuede ejercer sus derechos de Acceso, Rectificaci\u00f3n, Cancelaci\u00f3n y Oposici\u00f3n a trav\u00e9s de C\/ San Pedro de Mezonzo 39-41. CP 15701 Santiago de Compostela, A Coru\u00f1a. o por correo electr\u00f3nico: info@sgxx.org. Se desea darse de baja en cualquiera de los servicios de notificaciones de SGXX, puede hacerlo en cualquier momento a trav\u00e9s de la direcci\u00f3n\u00a0de info@sgxx.org.<\/p>\n<p>1. PROPIEDAD INTELECTUAL <span class=\"unknown\">E<\/span> <span class=\"unknown\">INDUSTRIAL<\/span><\/p>\n<p>SGXX por s\u00ed o como cesionaria, es titular de todos los derechos de propiedad intelectual e industrial de su p\u00e1gina web, as\u00ed como de los elementos contenidos en esta (a t\u00edtulo enunciativo, im\u00e1genes, son, audio, v\u00eddeo, software o textos; marcas o logotipos, combinaciones de colores, estructura y dise\u00f1o, selecci\u00f3n de materiales usados, programas de ordenador necesarios para su funcionamiento, acceso y uso, etc.), titularidad de SGXX o bien de sus licenciantes.<\/p>\n<p>Todos los derechos reservados. En virtud del dispuesto en los art\u00edculos 8 y 32.1, p\u00e1rrafo segundo, de la Ley de Propiedad Intelectual, quedan expresamente prohibidas la reproducci\u00f3n, la distribuci\u00f3n y la comunicaci\u00f3n p\u00fablica, incluida su modalidad, de puesta la disposici\u00f3n, de la totalidad o parte de los contenidos de esta p\u00e1gina web, con fines comerciales, en cualquiera soporte y por cualquiera medio t\u00e9cnico, sin la autorizaci\u00f3n de SGXX. El USUARIO se compromete a respetar los derechos de Propiedad Intelectual e Industrial titularidad de SGXX. Podr\u00e1 visualizar los elementos del portal y mismo los imprimir, copiarlos y almacenarlos en el disco duro de su ordenador o en cualquier otro soporte f\u00edsico siempre y cuando sea, \u00fanica y exclusivamente, para su uso personal y privado. El USUARIO deber\u00e1 abstenerse de suprimir, alterar, eludir o manipular cualquier dispositivo de protecci\u00f3n o sistema de seguridad que estuviera instalado en el las p\u00e1ginas de SGXX.<\/p>\n<p>1. EXCLUSI\u00d3N DE GARANT\u00cdAS Y RESPONSABILIDAD<br \/>\nSGXX no se hace responsable, en ning\u00fan caso, de los da\u00f1os y perjuicios de cualquier naturaleza que pudieran ocasionar, a t\u00edtulo enunciativo: errores u omisiones en los contenidos, falta de disponibilidad del portal o la transmisi\u00f3n de virus o programas maliciosos o lesivos en los contenidos, a pesar de adoptar todas las medidas tecnol\u00f3gicas necesarias para evitarlo.<\/p>\n<p>2. MODIFICACIONES<br \/>\nSGXX se reserva el derecho de efectuar sin previo aviso las modificaciones que considere oportunas en su portal, pudiendo cambiar, suprimir o a\u00f1adir tanto los contenidos y servicios que se presten a trav\u00e9s de esta como la forma en la que estos aparezcan presentados o localizados en su portal.<\/p>\n<p>3. ENLACES<br \/>\nEn caso de que en www.sgxx.org se dispusieran enlaces o hiperv\u00ednculos hac\u00eda otros sitios de Internet, SGXX no ejercer\u00e1 ning\u00fan tipo de control sobre los dichos sitios y contenidos. En ning\u00fan caso SGXX asumir\u00e1 responsabilidad ninguna por los contenidos de alguno enlace perteneciente a un sitio web ajeno, ni garantizar\u00e1 la disponibilidad t\u00e9cnica, calidad, fiabilidad, exactitud, amplitud, veracidad, validez y constitucionalidad de cualquiera material o informaci\u00f3n contenida en ninguno de los dichos hiperv\u00ednculos u otros sitios de Internet. Igualmente la inclusi\u00f3n de estas conexiones externas no implicar\u00e1 ning\u00fan tipo de asociaci\u00f3n, fusi\u00f3n o participaci\u00f3n con las entidades conectadas.<\/p>\n<p>4. DERECHO DE EXCLUSI\u00d3N<br \/>\nSGXX se reserva el derecho a denegar o retirar el acceso a portal y\/o los servicios ofrecidos sin necesidad de preaviso, la instancia propia o de un tercero, la aquellos usuarios que incumplan las presentes Condiciones Generales de Uso.<\/p>\n<p>5. GENERALIDADES<br \/>\nSGXX perseguir\u00e1 el incumplimiento de las presentes condiciones as\u00ed como cualquier utilizaci\u00f3n indebida de su portal ejerciendo todas las acciones civiles y penitenciarias que le puedan corresponder en derecho.<\/p>\n<p>6. MODIFICACI\u00d3N DE LAS PRESENTES CONDICIONES Y DURACI\u00d3N<br \/>\nSGXX podr\u00e1 modificar en cualquier momento las condiciones aqu\u00ed determinadas, siendo debidamente publicada como aqu\u00ed aparecen. La vigencia de las citadas condiciones ir\u00e1 en funci\u00f3n de su exposici\u00f3n y estar\u00e1n vigentes hasta que sean modificadas por otras debidamente publicadas.<\/p>\n<p>7. LEGISLACI\u00d3N APLICABLE Y JURISDICCI\u00d3N<br \/>\nLa relaci\u00f3n entre SGXX y el USUARIO se regir\u00e1 por la normativa espa\u00f1ola vigente y cualquier controversia se someter\u00e1 seg\u00fan la legislaci\u00f3n y jurisdicci\u00f3n espa\u00f1olas.[\/vc_column_text][vc_empty_space height=\u00bb64px\u00bb][\/vc_column][\/vc_row]\n<\/div>","protected":false},"excerpt":{"rendered":"<p>[vc_row][vc_column][vc_empty_space][vc_column_text]AVISO LEGAL DO SITIO WEB DA SOCIEDADE GALEGA DE XERONTOLOX\u00cdA E XERIATR\u00cdA (SGXX)[\/vc_column_text][vc_column_text css=\u00bb.vc_custom_1557140048540{margin-bottom: 0px !important;}\u00bb]1. DATOS IDENTIFICATIVOS En cumplimiento con el deber de informaci\u00f3n recogido en art\u00edculo 10 de la Ley 34\/2002, de 11 de julio, de Servicios de la Sociedad de la Informaci\u00f3n y del Comercio Electr\u00f3nico, a continuaci\u00f3n se reflejan los siguientes [&hellip;]<\/p>\n","protected":false},"author":6,"featured_media":0,"parent":0,"menu_order":0,"comment_status":"closed","ping_status":"closed","template":"","meta":{"footnotes":""},"class_list":["post-4715","page","type-page","status-publish","hentry"],"yoast_head":"<!-- This site is optimized with the Yoast SEO plugin v27.3 - https:\/\/yoast.com\/product\/yoast-seo-wordpress\/ -->\n<title>Web de la SGXX \u00b7 Aviso legal<\/title>\n<meta name=\"robots\" content=\"noindex, nofollow\" \/>\n<meta property=\"og:locale\" content=\"es_ES\" \/>\n<meta property=\"og:type\" content=\"article\" \/>\n<meta property=\"og:title\" content=\"Web de la SGXX \u00b7 Aviso legal\" \/>\n<meta property=\"og:description\" content=\"[vc_row][vc_column][vc_empty_space][vc_column_text]AVISO LEGAL DO SITIO WEB DA SOCIEDADE GALEGA DE XERONTOLOX\u00cdA E XERIATR\u00cdA (SGXX)[\/vc_column_text][vc_column_text css=\u00bb.vc_custom_1557140048540{margin-bottom: 0px !important;}\u00bb]1. DATOS IDENTIFICATIVOS En cumplimiento con el deber de informaci\u00f3n recogido en art\u00edculo 10 de la Ley 34\/2002, de 11 de julio, de Servicios de la Sociedad de la Informaci\u00f3n y del Comercio Electr\u00f3nico, a continuaci\u00f3n se reflejan los siguientes [&hellip;]\" \/>\n<meta property=\"og:url\" content=\"https:\/\/sgxx.org\/es\/aviso-legal\/\" \/>\n<meta property=\"og:site_name\" content=\"SGXX\" \/>\n<meta property=\"article:publisher\" content=\"https:\/\/es-es.facebook.com\/pages\/Sociedade-Galega-Xerontoloxia-e-Xeriatria\/327400652646\" \/>\n<meta name=\"twitter:card\" content=\"summary_large_image\" \/>\n<meta name=\"twitter:label1\" content=\"Tiempo de lectura\" \/>\n\t<meta name=\"twitter:data1\" content=\"9 minutos\" \/>\n<script type=\"application\/ld+json\" class=\"yoast-schema-graph\">{\"@context\":\"https:\\\/\\\/schema.org\",\"@graph\":[{\"@type\":\"WebPage\",\"@id\":\"https:\\\/\\\/sgxx.org\\\/es\\\/aviso-legal\\\/\",\"url\":\"https:\\\/\\\/sgxx.org\\\/es\\\/aviso-legal\\\/\",\"name\":\"Web de la SGXX \u00b7 Aviso legal\",\"isPartOf\":{\"@id\":\"https:\\\/\\\/sgxx.org\\\/#website\"},\"datePublished\":\"2019-05-06T10:54:13+00:00\",\"breadcrumb\":{\"@id\":\"https:\\\/\\\/sgxx.org\\\/es\\\/aviso-legal\\\/#breadcrumb\"},\"inLanguage\":\"es\",\"potentialAction\":[{\"@type\":\"ReadAction\",\"target\":[\"https:\\\/\\\/sgxx.org\\\/es\\\/aviso-legal\\\/\"]}]},{\"@type\":\"BreadcrumbList\",\"@id\":\"https:\\\/\\\/sgxx.org\\\/es\\\/aviso-legal\\\/#breadcrumb\",\"itemListElement\":[{\"@type\":\"ListItem\",\"position\":1,\"name\":\"Portada\",\"item\":\"https:\\\/\\\/sgxx.org\\\/es\\\/\"},{\"@type\":\"ListItem\",\"position\":2,\"name\":\"Aviso Legal\"}]},{\"@type\":\"WebSite\",\"@id\":\"https:\\\/\\\/sgxx.org\\\/#website\",\"url\":\"https:\\\/\\\/sgxx.org\\\/\",\"name\":\"SGXX\",\"description\":\"Web da Sociedade Galega de Xerontolox\u00eda e Xeriatr\u00eda\",\"publisher\":{\"@id\":\"https:\\\/\\\/sgxx.org\\\/#organization\"},\"potentialAction\":[{\"@type\":\"SearchAction\",\"target\":{\"@type\":\"EntryPoint\",\"urlTemplate\":\"https:\\\/\\\/sgxx.org\\\/?s={search_term_string}\"},\"query-input\":{\"@type\":\"PropertyValueSpecification\",\"valueRequired\":true,\"valueName\":\"search_term_string\"}}],\"inLanguage\":\"es\"},{\"@type\":\"Organization\",\"@id\":\"https:\\\/\\\/sgxx.org\\\/#organization\",\"name\":\"Sociedade Galega de Xerontolox\u00eda e Xeriatr\u00eda (SGXX)\",\"url\":\"https:\\\/\\\/sgxx.org\\\/\",\"logo\":{\"@type\":\"ImageObject\",\"inLanguage\":\"es\",\"@id\":\"https:\\\/\\\/sgxx.org\\\/#\\\/schema\\\/logo\\\/image\\\/\",\"url\":\"https:\\\/\\\/sgxx.org\\\/wp-content\\\/uploads\\\/2016\\\/09\\\/sgxx-logo-1.png\",\"contentUrl\":\"https:\\\/\\\/sgxx.org\\\/wp-content\\\/uploads\\\/2016\\\/09\\\/sgxx-logo-1.png\",\"width\":200,\"height\":200,\"caption\":\"Sociedade Galega de Xerontolox\u00eda e Xeriatr\u00eda (SGXX)\"},\"image\":{\"@id\":\"https:\\\/\\\/sgxx.org\\\/#\\\/schema\\\/logo\\\/image\\\/\"},\"sameAs\":[\"https:\\\/\\\/es-es.facebook.com\\\/pages\\\/Sociedade-Galega-Xerontoloxia-e-Xeriatria\\\/327400652646\"]}]}<\/script>\n<!-- \/ Yoast SEO plugin. -->","yoast_head_json":{"title":"Web de la SGXX \u00b7 Aviso legal","robots":{"index":"noindex","follow":"nofollow"},"og_locale":"es_ES","og_type":"article","og_title":"Web de la SGXX \u00b7 Aviso legal","og_description":"[vc_row][vc_column][vc_empty_space][vc_column_text]AVISO LEGAL DO SITIO WEB DA SOCIEDADE GALEGA DE XERONTOLOX\u00cdA E XERIATR\u00cdA (SGXX)[\/vc_column_text][vc_column_text css=\u00bb.vc_custom_1557140048540{margin-bottom: 0px !important;}\u00bb]1. DATOS IDENTIFICATIVOS En cumplimiento con el deber de informaci\u00f3n recogido en art\u00edculo 10 de la Ley 34\/2002, de 11 de julio, de Servicios de la Sociedad de la Informaci\u00f3n y del Comercio Electr\u00f3nico, a continuaci\u00f3n se reflejan los siguientes [&hellip;]","og_url":"https:\/\/sgxx.org\/es\/aviso-legal\/","og_site_name":"SGXX","article_publisher":"https:\/\/es-es.facebook.com\/pages\/Sociedade-Galega-Xerontoloxia-e-Xeriatria\/327400652646","twitter_card":"summary_large_image","twitter_misc":{"Tiempo de lectura":"9 minutos"},"schema":{"@context":"https:\/\/schema.org","@graph":[{"@type":"WebPage","@id":"https:\/\/sgxx.org\/es\/aviso-legal\/","url":"https:\/\/sgxx.org\/es\/aviso-legal\/","name":"Web de la SGXX \u00b7 Aviso legal","isPartOf":{"@id":"https:\/\/sgxx.org\/#website"},"datePublished":"2019-05-06T10:54:13+00:00","breadcrumb":{"@id":"https:\/\/sgxx.org\/es\/aviso-legal\/#breadcrumb"},"inLanguage":"es","potentialAction":[{"@type":"ReadAction","target":["https:\/\/sgxx.org\/es\/aviso-legal\/"]}]},{"@type":"BreadcrumbList","@id":"https:\/\/sgxx.org\/es\/aviso-legal\/#breadcrumb","itemListElement":[{"@type":"ListItem","position":1,"name":"Portada","item":"https:\/\/sgxx.org\/es\/"},{"@type":"ListItem","position":2,"name":"Aviso Legal"}]},{"@type":"WebSite","@id":"https:\/\/sgxx.org\/#website","url":"https:\/\/sgxx.org\/","name":"SGXX","description":"Web da Sociedade Galega de Xerontolox\u00eda e Xeriatr\u00eda","publisher":{"@id":"https:\/\/sgxx.org\/#organization"},"potentialAction":[{"@type":"SearchAction","target":{"@type":"EntryPoint","urlTemplate":"https:\/\/sgxx.org\/?s={search_term_string}"},"query-input":{"@type":"PropertyValueSpecification","valueRequired":true,"valueName":"search_term_string"}}],"inLanguage":"es"},{"@type":"Organization","@id":"https:\/\/sgxx.org\/#organization","name":"Sociedade Galega de Xerontolox\u00eda e Xeriatr\u00eda (SGXX)","url":"https:\/\/sgxx.org\/","logo":{"@type":"ImageObject","inLanguage":"es","@id":"https:\/\/sgxx.org\/#\/schema\/logo\/image\/","url":"https:\/\/sgxx.org\/wp-content\/uploads\/2016\/09\/sgxx-logo-1.png","contentUrl":"https:\/\/sgxx.org\/wp-content\/uploads\/2016\/09\/sgxx-logo-1.png","width":200,"height":200,"caption":"Sociedade Galega de Xerontolox\u00eda e Xeriatr\u00eda (SGXX)"},"image":{"@id":"https:\/\/sgxx.org\/#\/schema\/logo\/image\/"},"sameAs":["https:\/\/es-es.facebook.com\/pages\/Sociedade-Galega-Xerontoloxia-e-Xeriatria\/327400652646"]}]}},"_links":{"self":[{"href":"https:\/\/sgxx.org\/es\/wp-json\/wp\/v2\/pages\/4715","targetHints":{"allow":["GET"]}}],"collection":[{"href":"https:\/\/sgxx.org\/es\/wp-json\/wp\/v2\/pages"}],"about":[{"href":"https:\/\/sgxx.org\/es\/wp-json\/wp\/v2\/types\/page"}],"author":[{"embeddable":true,"href":"https:\/\/sgxx.org\/es\/wp-json\/wp\/v2\/users\/6"}],"replies":[{"embeddable":true,"href":"https:\/\/sgxx.org\/es\/wp-json\/wp\/v2\/comments?post=4715"}],"version-history":[{"count":2,"href":"https:\/\/sgxx.org\/es\/wp-json\/wp\/v2\/pages\/4715\/revisions"}],"predecessor-version":[{"id":4717,"href":"https:\/\/sgxx.org\/es\/wp-json\/wp\/v2\/pages\/4715\/revisions\/4717"}],"wp:attachment":[{"href":"https:\/\/sgxx.org\/es\/wp-json\/wp\/v2\/media?parent=4715"}],"curies":[{"name":"wp","href":"https:\/\/api.w.org\/{rel}","templated":true}]}}