{"id":7217,"date":"2023-01-14T13:01:23","date_gmt":"2023-01-14T12:01:23","guid":{"rendered":"https:\/\/sgxx.org\/formacion\/"},"modified":"2026-02-19T11:54:46","modified_gmt":"2026-02-19T10:54:46","slug":"formacion","status":"publish","type":"page","link":"https:\/\/sgxx.org\/es\/formacion\/","title":{"rendered":"Formaci\u00f3n"},"content":{"rendered":"<div class=\"wpb-content-wrapper\">[vc_row fullwidth=\u00bbtrue\u00bb css=\u00bb.vc_custom_1674474049296{padding-top: 20px !important;padding-bottom: 20px !important;background-color: #efefef !important;}\u00bb][vc_column][vc_column_text align=\u00bbcenter\u00bb css=\u00bb.vc_custom_1674474065089{margin-bottom: 0px !important;}\u00bb]Para realizar cualquier consulta sobre las acciones de formaci\u00f3n de esta secci\u00f3n, utiliza el formulario de <a href=\"https:\/\/sgxx.org\/es\/contacta-con-nosotros\/\">CONTACTO<\/a> seleccionando como <strong>\u00abMotivo de consulta\u00bb<\/strong> la opci\u00f3n <strong>\u00abFormaci\u00f3n\u00bb<\/strong>[\/vc_column_text][\/vc_column][\/vc_row]\n<\/div>","protected":false},"excerpt":{"rendered":"<p>[vc_row fullwidth=\u00bbtrue\u00bb css=\u00bb.vc_custom_1674474049296{padding-top: 20px !important;padding-bottom: 20px !important;background-color: #efefef !important;}\u00bb][vc_column][vc_column_text align=\u00bbcenter\u00bb css=\u00bb.vc_custom_1674474065089{margin-bottom: 0px !important;}\u00bb]Para realizar cualquier consulta sobre las acciones de formaci\u00f3n de esta secci\u00f3n, utiliza el formulario de CONTACTO seleccionando como \u00abMotivo de consulta\u00bb la opci\u00f3n \u00abFormaci\u00f3n\u00bb[\/vc_column_text][\/vc_column][\/vc_row]<\/p>\n","protected":false},"author":6,"featured_media":0,"parent":0,"menu_order":0,"comment_status":"closed","ping_status":"closed","template":"","meta":{"footnotes":""},"class_list":["post-7217","page","type-page","status-publish","hentry"],"yoast_head":"<!-- This site is optimized with the Yoast SEO plugin v26.9 - https:\/\/yoast.com\/product\/yoast-seo-wordpress\/ -->\n<title>Cursos e iniciativas formativas - SGXX<\/title>\n<meta name=\"description\" content=\"En esta secci\u00f3n compartimos informaci\u00f3n sobre los diferentes cursos que organizamos o promovemos a trav\u00e9s de otras organizaciones.\" \/>\n<meta name=\"robots\" content=\"index, follow, max-snippet:-1, max-image-preview:large, max-video-preview:-1\" \/>\n<link rel=\"canonical\" href=\"https:\/\/sgxx.org\/es\/formacion\/\" \/>\n<meta property=\"og:locale\" content=\"es_ES\" \/>\n<meta property=\"og:type\" content=\"article\" \/>\n<meta property=\"og:title\" content=\"Cursos e iniciativas formativas - SGXX\" \/>\n<meta property=\"og:description\" content=\"En esta secci\u00f3n compartimos informaci\u00f3n sobre los diferentes cursos que organizamos o promovemos a trav\u00e9s de otras organizaciones.\" \/>\n<meta property=\"og:url\" content=\"https:\/\/sgxx.org\/es\/formacion\/\" \/>\n<meta property=\"og:site_name\" content=\"SGXX\" \/>\n<meta property=\"article:publisher\" content=\"https:\/\/es-es.facebook.com\/pages\/Sociedade-Galega-Xerontoloxia-e-Xeriatria\/327400652646\" \/>\n<meta property=\"article:modified_time\" content=\"2026-02-19T10:54:46+00:00\" \/>\n<meta name=\"twitter:card\" content=\"summary_large_image\" \/>\n<meta name=\"twitter:label1\" content=\"Tiempo de lectura\" \/>\n\t<meta name=\"twitter:data1\" content=\"1 minuto\" \/>\n<script type=\"application\/ld+json\" class=\"yoast-schema-graph\">{\"@context\":\"https:\/\/schema.org\",\"@graph\":[{\"@type\":\"WebPage\",\"@id\":\"https:\/\/sgxx.org\/es\/formacion\/\",\"url\":\"https:\/\/sgxx.org\/es\/formacion\/\",\"name\":\"Cursos e iniciativas formativas - SGXX\",\"isPartOf\":{\"@id\":\"https:\/\/sgxx.org\/#website\"},\"datePublished\":\"2023-01-14T12:01:23+00:00\",\"dateModified\":\"2026-02-19T10:54:46+00:00\",\"description\":\"En esta secci\u00f3n compartimos informaci\u00f3n sobre los diferentes cursos que organizamos o promovemos a trav\u00e9s de otras organizaciones.\",\"breadcrumb\":{\"@id\":\"https:\/\/sgxx.org\/es\/formacion\/#breadcrumb\"},\"inLanguage\":\"es\",\"potentialAction\":[{\"@type\":\"ReadAction\",\"target\":[\"https:\/\/sgxx.org\/es\/formacion\/\"]}]},{\"@type\":\"BreadcrumbList\",\"@id\":\"https:\/\/sgxx.org\/es\/formacion\/#breadcrumb\",\"itemListElement\":[{\"@type\":\"ListItem\",\"position\":1,\"name\":\"Portada\",\"item\":\"https:\/\/sgxx.org\/es\/\"},{\"@type\":\"ListItem\",\"position\":2,\"name\":\"Formaci\u00f3n\"}]},{\"@type\":\"WebSite\",\"@id\":\"https:\/\/sgxx.org\/#website\",\"url\":\"https:\/\/sgxx.org\/\",\"name\":\"SGXX\",\"description\":\"Web da Sociedade Galega de Xerontolox\u00eda e Xeriatr\u00eda\",\"publisher\":{\"@id\":\"https:\/\/sgxx.org\/#organization\"},\"potentialAction\":[{\"@type\":\"SearchAction\",\"target\":{\"@type\":\"EntryPoint\",\"urlTemplate\":\"https:\/\/sgxx.org\/?s={search_term_string}\"},\"query-input\":{\"@type\":\"PropertyValueSpecification\",\"valueRequired\":true,\"valueName\":\"search_term_string\"}}],\"inLanguage\":\"es\"},{\"@type\":\"Organization\",\"@id\":\"https:\/\/sgxx.org\/#organization\",\"name\":\"Sociedade Galega de Xerontolox\u00eda e Xeriatr\u00eda (SGXX)\",\"url\":\"https:\/\/sgxx.org\/\",\"logo\":{\"@type\":\"ImageObject\",\"inLanguage\":\"es\",\"@id\":\"https:\/\/sgxx.org\/#\/schema\/logo\/image\/\",\"url\":\"https:\/\/sgxx.org\/wp-content\/uploads\/2016\/09\/sgxx-logo-1.png\",\"contentUrl\":\"https:\/\/sgxx.org\/wp-content\/uploads\/2016\/09\/sgxx-logo-1.png\",\"width\":200,\"height\":200,\"caption\":\"Sociedade Galega de Xerontolox\u00eda e Xeriatr\u00eda (SGXX)\"},\"image\":{\"@id\":\"https:\/\/sgxx.org\/#\/schema\/logo\/image\/\"},\"sameAs\":[\"https:\/\/es-es.facebook.com\/pages\/Sociedade-Galega-Xerontoloxia-e-Xeriatria\/327400652646\"]}]}<\/script>\n<!-- \/ Yoast SEO plugin. -->","yoast_head_json":{"title":"Cursos e iniciativas formativas - SGXX","description":"En esta secci\u00f3n compartimos informaci\u00f3n sobre los diferentes cursos que organizamos o promovemos a trav\u00e9s de otras organizaciones.","robots":{"index":"index","follow":"follow","max-snippet":"max-snippet:-1","max-image-preview":"max-image-preview:large","max-video-preview":"max-video-preview:-1"},"canonical":"https:\/\/sgxx.org\/es\/formacion\/","og_locale":"es_ES","og_type":"article","og_title":"Cursos e iniciativas formativas - SGXX","og_description":"En esta secci\u00f3n compartimos informaci\u00f3n sobre los diferentes cursos que organizamos o promovemos a trav\u00e9s de otras organizaciones.","og_url":"https:\/\/sgxx.org\/es\/formacion\/","og_site_name":"SGXX","article_publisher":"https:\/\/es-es.facebook.com\/pages\/Sociedade-Galega-Xerontoloxia-e-Xeriatria\/327400652646","article_modified_time":"2026-02-19T10:54:46+00:00","twitter_card":"summary_large_image","twitter_misc":{"Tiempo de lectura":"1 minuto"},"schema":{"@context":"https:\/\/schema.org","@graph":[{"@type":"WebPage","@id":"https:\/\/sgxx.org\/es\/formacion\/","url":"https:\/\/sgxx.org\/es\/formacion\/","name":"Cursos e iniciativas formativas - SGXX","isPartOf":{"@id":"https:\/\/sgxx.org\/#website"},"datePublished":"2023-01-14T12:01:23+00:00","dateModified":"2026-02-19T10:54:46+00:00","description":"En esta secci\u00f3n compartimos informaci\u00f3n sobre los diferentes cursos que organizamos o promovemos a trav\u00e9s de otras organizaciones.","breadcrumb":{"@id":"https:\/\/sgxx.org\/es\/formacion\/#breadcrumb"},"inLanguage":"es","potentialAction":[{"@type":"ReadAction","target":["https:\/\/sgxx.org\/es\/formacion\/"]}]},{"@type":"BreadcrumbList","@id":"https:\/\/sgxx.org\/es\/formacion\/#breadcrumb","itemListElement":[{"@type":"ListItem","position":1,"name":"Portada","item":"https:\/\/sgxx.org\/es\/"},{"@type":"ListItem","position":2,"name":"Formaci\u00f3n"}]},{"@type":"WebSite","@id":"https:\/\/sgxx.org\/#website","url":"https:\/\/sgxx.org\/","name":"SGXX","description":"Web da Sociedade Galega de Xerontolox\u00eda e Xeriatr\u00eda","publisher":{"@id":"https:\/\/sgxx.org\/#organization"},"potentialAction":[{"@type":"SearchAction","target":{"@type":"EntryPoint","urlTemplate":"https:\/\/sgxx.org\/?s={search_term_string}"},"query-input":{"@type":"PropertyValueSpecification","valueRequired":true,"valueName":"search_term_string"}}],"inLanguage":"es"},{"@type":"Organization","@id":"https:\/\/sgxx.org\/#organization","name":"Sociedade Galega de Xerontolox\u00eda e Xeriatr\u00eda (SGXX)","url":"https:\/\/sgxx.org\/","logo":{"@type":"ImageObject","inLanguage":"es","@id":"https:\/\/sgxx.org\/#\/schema\/logo\/image\/","url":"https:\/\/sgxx.org\/wp-content\/uploads\/2016\/09\/sgxx-logo-1.png","contentUrl":"https:\/\/sgxx.org\/wp-content\/uploads\/2016\/09\/sgxx-logo-1.png","width":200,"height":200,"caption":"Sociedade Galega de Xerontolox\u00eda e Xeriatr\u00eda (SGXX)"},"image":{"@id":"https:\/\/sgxx.org\/#\/schema\/logo\/image\/"},"sameAs":["https:\/\/es-es.facebook.com\/pages\/Sociedade-Galega-Xerontoloxia-e-Xeriatria\/327400652646"]}]}},"_links":{"self":[{"href":"https:\/\/sgxx.org\/es\/wp-json\/wp\/v2\/pages\/7217","targetHints":{"allow":["GET"]}}],"collection":[{"href":"https:\/\/sgxx.org\/es\/wp-json\/wp\/v2\/pages"}],"about":[{"href":"https:\/\/sgxx.org\/es\/wp-json\/wp\/v2\/types\/page"}],"author":[{"embeddable":true,"href":"https:\/\/sgxx.org\/es\/wp-json\/wp\/v2\/users\/6"}],"replies":[{"embeddable":true,"href":"https:\/\/sgxx.org\/es\/wp-json\/wp\/v2\/comments?post=7217"}],"version-history":[{"count":4,"href":"https:\/\/sgxx.org\/es\/wp-json\/wp\/v2\/pages\/7217\/revisions"}],"predecessor-version":[{"id":8906,"href":"https:\/\/sgxx.org\/es\/wp-json\/wp\/v2\/pages\/7217\/revisions\/8906"}],"wp:attachment":[{"href":"https:\/\/sgxx.org\/es\/wp-json\/wp\/v2\/media?parent=7217"}],"curies":[{"name":"wp","href":"https:\/\/api.w.org\/{rel}","templated":true}]}}