{"id":7350,"date":"2023-05-05T14:31:13","date_gmt":"2023-05-05T12:31:13","guid":{"rendered":"https:\/\/sgxx.org\/cuestionario\/"},"modified":"2023-05-05T19:20:20","modified_gmt":"2023-05-05T17:20:20","slug":"cuestionario-formacion","status":"publish","type":"page","link":"https:\/\/sgxx.org\/es\/cuestionario-formacion\/","title":{"rendered":"Cuestionario"},"content":{"rendered":"<div class=\"wpb-content-wrapper\">[vc_row css=\u00bb.vc_custom_1683101073767{margin-top: 30px !important;margin-bottom: 30px !important;}\u00bb][vc_column width=\u00bb1\/6&#8243;][\/vc_column][vc_column width=\u00bb2\/3&#8243;][vc_column_text css=\u00bb.vc_custom_1683283767772{margin-bottom: 0px !important;}\u00bb]\n<h2>\u00bfC\u00f3mo abordamos el deterioro cognitivo en las consultas de atenci\u00f3n primaria?<\/h2>\n<p>Esta encuesta est\u00e1 elaborada por el Grupo de Trabajo de Atenci\u00f3n al Mayor de Asociaci\u00f3n Galega de Medicina Familiar e Comunitaria (Agamfec) y la Sociedade Galega de Xerontolog\u00eda e Xeriatr\u00eda (SGXX).<\/p>\n<p>Es de car\u00e1cter an\u00f3nimo y voluntario. Los investigadores se comprometen a no realizar ninguna acci\u00f3n que comprometa el anonimato de los encuestados. La encuesta consta de 25 preguntas y te llevar\u00e1 unos 10 minutos aproximadamente.<\/p>\n<p>Compartiremos los resultados en el XXXIII Congreso de la SGXX y tambi\u00e9n ser\u00e1 publicados en art\u00edculos cient\u00edficos y en las p\u00e1ginas web de ambas sociedades.<\/p>\n<p>Gracias por colaborar.<\/p>\n<p><em>Para cualquier duda o aclaraci\u00f3n puedes enviarnos un correo a: chefernandez7@gmail.com<\/em>[\/vc_column_text][vc_separator color=\u00bbmulled_wine\u00bb el_width=\u00bb80&#8243; css=\u00bb.vc_custom_1683283797066{margin-top: 20px !important;margin-bottom: 20px !important;}\u00bb][\/vc_column][vc_column width=\u00bb1\/6&#8243;][\/vc_column][\/vc_row]\n<\/div>","protected":false},"excerpt":{"rendered":"<p>[vc_row css=\u00bb.vc_custom_1683101073767{margin-top: 30px !important;margin-bottom: 30px !important;}\u00bb][vc_column width=\u00bb1\/6&#8243;][\/vc_column][vc_column width=\u00bb2\/3&#8243;][vc_column_text css=\u00bb.vc_custom_1683283767772{margin-bottom: 0px !important;}\u00bb] \u00bfC\u00f3mo abordamos el deterioro cognitivo en las consultas de atenci\u00f3n primaria? Esta encuesta est\u00e1 elaborada por el Grupo de Trabajo de Atenci\u00f3n al Mayor de Asociaci\u00f3n Galega de Medicina Familiar e Comunitaria (Agamfec) y la Sociedade Galega de Xerontolog\u00eda e Xeriatr\u00eda (SGXX). Es de [&hellip;]<\/p>\n","protected":false},"author":6,"featured_media":0,"parent":0,"menu_order":0,"comment_status":"closed","ping_status":"closed","template":"","meta":{"footnotes":""},"class_list":["post-7350","page","type-page","status-publish","hentry"],"yoast_head":"<!-- This site is optimized with the Yoast SEO plugin v26.9 - https:\/\/yoast.com\/product\/yoast-seo-wordpress\/ -->\n<title>Cuestionario - SGXX<\/title>\n<meta name=\"robots\" content=\"noindex, nofollow\" \/>\n<meta property=\"og:locale\" content=\"es_ES\" \/>\n<meta property=\"og:type\" content=\"article\" \/>\n<meta property=\"og:title\" content=\"Cuestionario - SGXX\" \/>\n<meta property=\"og:description\" content=\"[vc_row css=\u00bb.vc_custom_1683101073767{margin-top: 30px !important;margin-bottom: 30px !important;}\u00bb][vc_column width=\u00bb1\/6&#8243;][\/vc_column][vc_column width=\u00bb2\/3&#8243;][vc_column_text css=\u00bb.vc_custom_1683283767772{margin-bottom: 0px !important;}\u00bb] \u00bfC\u00f3mo abordamos el deterioro cognitivo en las consultas de atenci\u00f3n primaria? Esta encuesta est\u00e1 elaborada por el Grupo de Trabajo de Atenci\u00f3n al Mayor de Asociaci\u00f3n Galega de Medicina Familiar e Comunitaria (Agamfec) y la Sociedade Galega de Xerontolog\u00eda e Xeriatr\u00eda (SGXX). Es de [&hellip;]\" \/>\n<meta property=\"og:url\" content=\"https:\/\/sgxx.org\/es\/cuestionario-formacion\/\" \/>\n<meta property=\"og:site_name\" content=\"SGXX\" \/>\n<meta property=\"article:publisher\" content=\"https:\/\/es-es.facebook.com\/pages\/Sociedade-Galega-Xerontoloxia-e-Xeriatria\/327400652646\" \/>\n<meta property=\"article:modified_time\" content=\"2023-05-05T17:20:20+00:00\" \/>\n<meta name=\"twitter:card\" content=\"summary_large_image\" \/>\n<meta name=\"twitter:label1\" content=\"Tiempo de lectura\" \/>\n\t<meta name=\"twitter:data1\" content=\"1 minuto\" \/>\n<script type=\"application\/ld+json\" class=\"yoast-schema-graph\">{\"@context\":\"https:\/\/schema.org\",\"@graph\":[{\"@type\":\"WebPage\",\"@id\":\"https:\/\/sgxx.org\/es\/cuestionario-formacion\/\",\"url\":\"https:\/\/sgxx.org\/es\/cuestionario-formacion\/\",\"name\":\"Cuestionario - SGXX\",\"isPartOf\":{\"@id\":\"https:\/\/sgxx.org\/#website\"},\"datePublished\":\"2023-05-05T12:31:13+00:00\",\"dateModified\":\"2023-05-05T17:20:20+00:00\",\"breadcrumb\":{\"@id\":\"https:\/\/sgxx.org\/es\/cuestionario-formacion\/#breadcrumb\"},\"inLanguage\":\"es\",\"potentialAction\":[{\"@type\":\"ReadAction\",\"target\":[\"https:\/\/sgxx.org\/es\/cuestionario-formacion\/\"]}]},{\"@type\":\"BreadcrumbList\",\"@id\":\"https:\/\/sgxx.org\/es\/cuestionario-formacion\/#breadcrumb\",\"itemListElement\":[{\"@type\":\"ListItem\",\"position\":1,\"name\":\"Portada\",\"item\":\"https:\/\/sgxx.org\/es\/\"},{\"@type\":\"ListItem\",\"position\":2,\"name\":\"Cuestionario\"}]},{\"@type\":\"WebSite\",\"@id\":\"https:\/\/sgxx.org\/#website\",\"url\":\"https:\/\/sgxx.org\/\",\"name\":\"SGXX\",\"description\":\"Web da Sociedade Galega de Xerontolox\u00eda e Xeriatr\u00eda\",\"publisher\":{\"@id\":\"https:\/\/sgxx.org\/#organization\"},\"potentialAction\":[{\"@type\":\"SearchAction\",\"target\":{\"@type\":\"EntryPoint\",\"urlTemplate\":\"https:\/\/sgxx.org\/?s={search_term_string}\"},\"query-input\":{\"@type\":\"PropertyValueSpecification\",\"valueRequired\":true,\"valueName\":\"search_term_string\"}}],\"inLanguage\":\"es\"},{\"@type\":\"Organization\",\"@id\":\"https:\/\/sgxx.org\/#organization\",\"name\":\"Sociedade Galega de Xerontolox\u00eda e Xeriatr\u00eda (SGXX)\",\"url\":\"https:\/\/sgxx.org\/\",\"logo\":{\"@type\":\"ImageObject\",\"inLanguage\":\"es\",\"@id\":\"https:\/\/sgxx.org\/#\/schema\/logo\/image\/\",\"url\":\"https:\/\/sgxx.org\/wp-content\/uploads\/2016\/09\/sgxx-logo-1.png\",\"contentUrl\":\"https:\/\/sgxx.org\/wp-content\/uploads\/2016\/09\/sgxx-logo-1.png\",\"width\":200,\"height\":200,\"caption\":\"Sociedade Galega de Xerontolox\u00eda e Xeriatr\u00eda (SGXX)\"},\"image\":{\"@id\":\"https:\/\/sgxx.org\/#\/schema\/logo\/image\/\"},\"sameAs\":[\"https:\/\/es-es.facebook.com\/pages\/Sociedade-Galega-Xerontoloxia-e-Xeriatria\/327400652646\"]}]}<\/script>\n<!-- \/ Yoast SEO plugin. -->","yoast_head_json":{"title":"Cuestionario - SGXX","robots":{"index":"noindex","follow":"nofollow"},"og_locale":"es_ES","og_type":"article","og_title":"Cuestionario - SGXX","og_description":"[vc_row css=\u00bb.vc_custom_1683101073767{margin-top: 30px !important;margin-bottom: 30px !important;}\u00bb][vc_column width=\u00bb1\/6&#8243;][\/vc_column][vc_column width=\u00bb2\/3&#8243;][vc_column_text css=\u00bb.vc_custom_1683283767772{margin-bottom: 0px !important;}\u00bb] \u00bfC\u00f3mo abordamos el deterioro cognitivo en las consultas de atenci\u00f3n primaria? Esta encuesta est\u00e1 elaborada por el Grupo de Trabajo de Atenci\u00f3n al Mayor de Asociaci\u00f3n Galega de Medicina Familiar e Comunitaria (Agamfec) y la Sociedade Galega de Xerontolog\u00eda e Xeriatr\u00eda (SGXX). Es de [&hellip;]","og_url":"https:\/\/sgxx.org\/es\/cuestionario-formacion\/","og_site_name":"SGXX","article_publisher":"https:\/\/es-es.facebook.com\/pages\/Sociedade-Galega-Xerontoloxia-e-Xeriatria\/327400652646","article_modified_time":"2023-05-05T17:20:20+00:00","twitter_card":"summary_large_image","twitter_misc":{"Tiempo de lectura":"1 minuto"},"schema":{"@context":"https:\/\/schema.org","@graph":[{"@type":"WebPage","@id":"https:\/\/sgxx.org\/es\/cuestionario-formacion\/","url":"https:\/\/sgxx.org\/es\/cuestionario-formacion\/","name":"Cuestionario - SGXX","isPartOf":{"@id":"https:\/\/sgxx.org\/#website"},"datePublished":"2023-05-05T12:31:13+00:00","dateModified":"2023-05-05T17:20:20+00:00","breadcrumb":{"@id":"https:\/\/sgxx.org\/es\/cuestionario-formacion\/#breadcrumb"},"inLanguage":"es","potentialAction":[{"@type":"ReadAction","target":["https:\/\/sgxx.org\/es\/cuestionario-formacion\/"]}]},{"@type":"BreadcrumbList","@id":"https:\/\/sgxx.org\/es\/cuestionario-formacion\/#breadcrumb","itemListElement":[{"@type":"ListItem","position":1,"name":"Portada","item":"https:\/\/sgxx.org\/es\/"},{"@type":"ListItem","position":2,"name":"Cuestionario"}]},{"@type":"WebSite","@id":"https:\/\/sgxx.org\/#website","url":"https:\/\/sgxx.org\/","name":"SGXX","description":"Web da Sociedade Galega de Xerontolox\u00eda e Xeriatr\u00eda","publisher":{"@id":"https:\/\/sgxx.org\/#organization"},"potentialAction":[{"@type":"SearchAction","target":{"@type":"EntryPoint","urlTemplate":"https:\/\/sgxx.org\/?s={search_term_string}"},"query-input":{"@type":"PropertyValueSpecification","valueRequired":true,"valueName":"search_term_string"}}],"inLanguage":"es"},{"@type":"Organization","@id":"https:\/\/sgxx.org\/#organization","name":"Sociedade Galega de Xerontolox\u00eda e Xeriatr\u00eda (SGXX)","url":"https:\/\/sgxx.org\/","logo":{"@type":"ImageObject","inLanguage":"es","@id":"https:\/\/sgxx.org\/#\/schema\/logo\/image\/","url":"https:\/\/sgxx.org\/wp-content\/uploads\/2016\/09\/sgxx-logo-1.png","contentUrl":"https:\/\/sgxx.org\/wp-content\/uploads\/2016\/09\/sgxx-logo-1.png","width":200,"height":200,"caption":"Sociedade Galega de Xerontolox\u00eda e Xeriatr\u00eda (SGXX)"},"image":{"@id":"https:\/\/sgxx.org\/#\/schema\/logo\/image\/"},"sameAs":["https:\/\/es-es.facebook.com\/pages\/Sociedade-Galega-Xerontoloxia-e-Xeriatria\/327400652646"]}]}},"_links":{"self":[{"href":"https:\/\/sgxx.org\/es\/wp-json\/wp\/v2\/pages\/7350","targetHints":{"allow":["GET"]}}],"collection":[{"href":"https:\/\/sgxx.org\/es\/wp-json\/wp\/v2\/pages"}],"about":[{"href":"https:\/\/sgxx.org\/es\/wp-json\/wp\/v2\/types\/page"}],"author":[{"embeddable":true,"href":"https:\/\/sgxx.org\/es\/wp-json\/wp\/v2\/users\/6"}],"replies":[{"embeddable":true,"href":"https:\/\/sgxx.org\/es\/wp-json\/wp\/v2\/comments?post=7350"}],"version-history":[{"count":3,"href":"https:\/\/sgxx.org\/es\/wp-json\/wp\/v2\/pages\/7350\/revisions"}],"predecessor-version":[{"id":7364,"href":"https:\/\/sgxx.org\/es\/wp-json\/wp\/v2\/pages\/7350\/revisions\/7364"}],"wp:attachment":[{"href":"https:\/\/sgxx.org\/es\/wp-json\/wp\/v2\/media?parent=7350"}],"curies":[{"name":"wp","href":"https:\/\/api.w.org\/{rel}","templated":true}]}}