{"id":7382,"date":"2023-06-05T18:55:23","date_gmt":"2023-06-05T16:55:23","guid":{"rendered":"https:\/\/sgxx.org\/dr-roberto-bugidos-benavides\/"},"modified":"2023-06-05T19:41:26","modified_gmt":"2023-06-05T17:41:26","slug":"dr-roberto-bugidos-benavides","status":"publish","type":"page","link":"https:\/\/sgxx.org\/es\/biografias\/dr-roberto-bugidos-benavides\/","title":{"rendered":"Dr. Roberto Bugidos Benavides"},"content":{"rendered":"<div class=\"wpb-content-wrapper\">[vc_row css=\u00bb.vc_custom_1685983910600{margin-top: 30px !important;margin-bottom: 30px !important;}\u00bb][vc_column width=\u00bb1\/3&#8243;][vc_single_image image=\u00bb7375&#8243; img_size=\u00bbfull\u00bb alignment=\u00bbcenter\u00bb][\/vc_column][vc_column width=\u00bb2\/3&#8243;][vc_column_text css=\u00bb.vc_custom_1685984054494{margin-bottom: 0px !important;}\u00bb]El doctor Roberto Bugidos Benavides naci\u00f3 en Le\u00f3n, en 1962 y falleci\u00f3 prematuramente, en el a\u00f1o 2002, con tan solo 40 a\u00f1os.<\/p>\n<p>Realiz\u00f3 la residencia en Geriatr\u00eda en el Hospital Cl\u00ednico San Carlos y posteriormente se incorpor\u00f3 como m\u00e9dico adjunto al Servicio de Geriatr\u00eda del Hospital Xeral Calde de Lugo.<\/p>\n<p>Fue un pilar fundamental en el desarrollo de la especialidad en la comunidad gallega, siendo cofundador del Servicio de Geriatr\u00eda de Lugo, con el Dr.Fernando Veiga, desarrollando una intensa actividad asistencial, docente e investigadora. Tambi\u00e9n fue pionero en el campo de la Bio\u00e9tica cl\u00ednica, formando parte del primer Comit\u00e9 de Bio\u00e9tica en Lugo y de la redacci\u00f3n de la Ley de Autonom\u00eda Gallega del paciente.<\/p>\n<p>De base cient\u00edfica, transmit\u00eda sus conocimientos de forma f\u00e1cil y pr\u00e1ctica, convirti\u00e9ndose en un referente para la Geriatr\u00eda espa\u00f1ola. Particip\u00f3 de forma activa en muchos foros cient\u00edficos nacionales e internacionales, que contribuy\u00f3 a engrandecer. Fue autor de numerosas investigaciones y estudios sobre envejecimientos y personas mayores.<\/p>\n<p>Las personas que le conoc\u00edan lo defin\u00edan como \u201cuna persona afable, candorosa, sencilla, humilde, trabajadora, comprensiva, siempre dispuesta a ayudar y, lo m\u00e1s importante, sin esperar a cambio nada m\u00e1s que saber que hab\u00eda podido prestar esa ayuda. Cu\u00e1ntas cosas humanas y profesionales, como m\u00e9dico residente, como m\u00e9dico adjunto o como ponente, hemos podido aprender de \u00e9l\u201d.[\/vc_column_text][\/vc_column][\/vc_row]\n<\/div>","protected":false},"excerpt":{"rendered":"<p>[vc_row css=\u00bb.vc_custom_1685983910600{margin-top: 30px !important;margin-bottom: 30px !important;}\u00bb][vc_column width=\u00bb1\/3&#8243;][vc_single_image image=\u00bb7375&#8243; img_size=\u00bbfull\u00bb alignment=\u00bbcenter\u00bb][\/vc_column][vc_column width=\u00bb2\/3&#8243;][vc_column_text css=\u00bb.vc_custom_1685984054494{margin-bottom: 0px !important;}\u00bb]El doctor Roberto Bugidos Benavides naci\u00f3 en Le\u00f3n, en 1962 y falleci\u00f3 prematuramente, en el a\u00f1o 2002, con tan solo 40 a\u00f1os. Realiz\u00f3 la residencia en Geriatr\u00eda en el Hospital Cl\u00ednico San Carlos y posteriormente se incorpor\u00f3 como m\u00e9dico adjunto al Servicio [&hellip;]<\/p>\n","protected":false},"author":6,"featured_media":7376,"parent":7433,"menu_order":0,"comment_status":"closed","ping_status":"closed","template":"","meta":{"footnotes":""},"class_list":["post-7382","page","type-page","status-publish","has-post-thumbnail","hentry"],"yoast_head":"<!-- This site is optimized with the Yoast SEO plugin v26.9 - https:\/\/yoast.com\/product\/yoast-seo-wordpress\/ -->\n<title>Dr. Roberto Bugidos Benavides - SGXX<\/title>\n<meta name=\"description\" content=\"Descubre la trayectoria del Dr. Roberto Bugidos Benavides, referente en geriatr\u00eda en Galicia. Pionero en bio\u00e9tica cl\u00ednica y autor de investigaciones sobre envejecimiento. Su legado inspira a la comunidad geri\u00e1trica.\" \/>\n<meta name=\"robots\" content=\"index, follow, max-snippet:-1, max-image-preview:large, max-video-preview:-1\" \/>\n<link rel=\"canonical\" href=\"https:\/\/sgxx.org\/es\/biografias\/dr-roberto-bugidos-benavides\/\" \/>\n<meta property=\"og:locale\" content=\"es_ES\" \/>\n<meta property=\"og:type\" content=\"article\" \/>\n<meta property=\"og:title\" content=\"Dr. Roberto Bugidos Benavides - SGXX\" \/>\n<meta property=\"og:description\" content=\"Descubre la trayectoria del Dr. Roberto Bugidos Benavides, referente en geriatr\u00eda en Galicia. Pionero en bio\u00e9tica cl\u00ednica y autor de investigaciones sobre envejecimiento. Su legado inspira a la comunidad geri\u00e1trica.\" \/>\n<meta property=\"og:url\" content=\"https:\/\/sgxx.org\/es\/biografias\/dr-roberto-bugidos-benavides\/\" \/>\n<meta property=\"og:site_name\" content=\"SGXX\" \/>\n<meta property=\"article:publisher\" content=\"https:\/\/es-es.facebook.com\/pages\/Sociedade-Galega-Xerontoloxia-e-Xeriatria\/327400652646\" \/>\n<meta property=\"article:modified_time\" content=\"2023-06-05T17:41:26+00:00\" \/>\n<meta property=\"og:image\" content=\"https:\/\/sgxx.org\/wp-content\/uploads\/2023\/06\/dr-roberto-bugidos-benavides.jpg\" \/>\n\t<meta property=\"og:image:width\" content=\"550\" \/>\n\t<meta property=\"og:image:height\" content=\"548\" \/>\n\t<meta property=\"og:image:type\" content=\"image\/jpeg\" \/>\n<meta name=\"twitter:card\" content=\"summary_large_image\" \/>\n<meta name=\"twitter:label1\" content=\"Tiempo de lectura\" \/>\n\t<meta name=\"twitter:data1\" content=\"1 minuto\" \/>\n<script type=\"application\/ld+json\" class=\"yoast-schema-graph\">{\"@context\":\"https:\/\/schema.org\",\"@graph\":[{\"@type\":\"WebPage\",\"@id\":\"https:\/\/sgxx.org\/es\/biografias\/dr-roberto-bugidos-benavides\/\",\"url\":\"https:\/\/sgxx.org\/es\/biografias\/dr-roberto-bugidos-benavides\/\",\"name\":\"Dr. Roberto Bugidos Benavides - SGXX\",\"isPartOf\":{\"@id\":\"https:\/\/sgxx.org\/#website\"},\"primaryImageOfPage\":{\"@id\":\"https:\/\/sgxx.org\/es\/biografias\/dr-roberto-bugidos-benavides\/#primaryimage\"},\"image\":{\"@id\":\"https:\/\/sgxx.org\/es\/biografias\/dr-roberto-bugidos-benavides\/#primaryimage\"},\"thumbnailUrl\":\"https:\/\/sgxx.org\/wp-content\/uploads\/2023\/06\/dr-roberto-bugidos-benavides.jpg\",\"datePublished\":\"2023-06-05T16:55:23+00:00\",\"dateModified\":\"2023-06-05T17:41:26+00:00\",\"description\":\"Descubre la trayectoria del Dr. Roberto Bugidos Benavides, referente en geriatr\u00eda en Galicia. Pionero en bio\u00e9tica cl\u00ednica y autor de investigaciones sobre envejecimiento. Su legado inspira a la comunidad geri\u00e1trica.\",\"breadcrumb\":{\"@id\":\"https:\/\/sgxx.org\/es\/biografias\/dr-roberto-bugidos-benavides\/#breadcrumb\"},\"inLanguage\":\"es\",\"potentialAction\":[{\"@type\":\"ReadAction\",\"target\":[\"https:\/\/sgxx.org\/es\/biografias\/dr-roberto-bugidos-benavides\/\"]}]},{\"@type\":\"ImageObject\",\"inLanguage\":\"es\",\"@id\":\"https:\/\/sgxx.org\/es\/biografias\/dr-roberto-bugidos-benavides\/#primaryimage\",\"url\":\"https:\/\/sgxx.org\/wp-content\/uploads\/2023\/06\/dr-roberto-bugidos-benavides.jpg\",\"contentUrl\":\"https:\/\/sgxx.org\/wp-content\/uploads\/2023\/06\/dr-roberto-bugidos-benavides.jpg\",\"width\":550,\"height\":548,\"caption\":\"Dr. Roberto Bugidos Benavides\"},{\"@type\":\"BreadcrumbList\",\"@id\":\"https:\/\/sgxx.org\/es\/biografias\/dr-roberto-bugidos-benavides\/#breadcrumb\",\"itemListElement\":[{\"@type\":\"ListItem\",\"position\":1,\"name\":\"Portada\",\"item\":\"https:\/\/sgxx.org\/es\/\"},{\"@type\":\"ListItem\",\"position\":2,\"name\":\"Biograf\u00edas\",\"item\":\"https:\/\/sgxx.org\/es\/biografias\/\"},{\"@type\":\"ListItem\",\"position\":3,\"name\":\"Dr. Roberto Bugidos Benavides\"}]},{\"@type\":\"WebSite\",\"@id\":\"https:\/\/sgxx.org\/#website\",\"url\":\"https:\/\/sgxx.org\/\",\"name\":\"SGXX\",\"description\":\"Web da Sociedade Galega de Xerontolox\u00eda e Xeriatr\u00eda\",\"publisher\":{\"@id\":\"https:\/\/sgxx.org\/#organization\"},\"potentialAction\":[{\"@type\":\"SearchAction\",\"target\":{\"@type\":\"EntryPoint\",\"urlTemplate\":\"https:\/\/sgxx.org\/?s={search_term_string}\"},\"query-input\":{\"@type\":\"PropertyValueSpecification\",\"valueRequired\":true,\"valueName\":\"search_term_string\"}}],\"inLanguage\":\"es\"},{\"@type\":\"Organization\",\"@id\":\"https:\/\/sgxx.org\/#organization\",\"name\":\"Sociedade Galega de Xerontolox\u00eda e Xeriatr\u00eda (SGXX)\",\"url\":\"https:\/\/sgxx.org\/\",\"logo\":{\"@type\":\"ImageObject\",\"inLanguage\":\"es\",\"@id\":\"https:\/\/sgxx.org\/#\/schema\/logo\/image\/\",\"url\":\"https:\/\/sgxx.org\/wp-content\/uploads\/2016\/09\/sgxx-logo-1.png\",\"contentUrl\":\"https:\/\/sgxx.org\/wp-content\/uploads\/2016\/09\/sgxx-logo-1.png\",\"width\":200,\"height\":200,\"caption\":\"Sociedade Galega de Xerontolox\u00eda e Xeriatr\u00eda (SGXX)\"},\"image\":{\"@id\":\"https:\/\/sgxx.org\/#\/schema\/logo\/image\/\"},\"sameAs\":[\"https:\/\/es-es.facebook.com\/pages\/Sociedade-Galega-Xerontoloxia-e-Xeriatria\/327400652646\"]}]}<\/script>\n<!-- \/ Yoast SEO plugin. -->","yoast_head_json":{"title":"Dr. Roberto Bugidos Benavides - SGXX","description":"Descubre la trayectoria del Dr. Roberto Bugidos Benavides, referente en geriatr\u00eda en Galicia. Pionero en bio\u00e9tica cl\u00ednica y autor de investigaciones sobre envejecimiento. Su legado inspira a la comunidad geri\u00e1trica.","robots":{"index":"index","follow":"follow","max-snippet":"max-snippet:-1","max-image-preview":"max-image-preview:large","max-video-preview":"max-video-preview:-1"},"canonical":"https:\/\/sgxx.org\/es\/biografias\/dr-roberto-bugidos-benavides\/","og_locale":"es_ES","og_type":"article","og_title":"Dr. Roberto Bugidos Benavides - SGXX","og_description":"Descubre la trayectoria del Dr. Roberto Bugidos Benavides, referente en geriatr\u00eda en Galicia. Pionero en bio\u00e9tica cl\u00ednica y autor de investigaciones sobre envejecimiento. Su legado inspira a la comunidad geri\u00e1trica.","og_url":"https:\/\/sgxx.org\/es\/biografias\/dr-roberto-bugidos-benavides\/","og_site_name":"SGXX","article_publisher":"https:\/\/es-es.facebook.com\/pages\/Sociedade-Galega-Xerontoloxia-e-Xeriatria\/327400652646","article_modified_time":"2023-06-05T17:41:26+00:00","og_image":[{"width":550,"height":548,"url":"https:\/\/sgxx.org\/wp-content\/uploads\/2023\/06\/dr-roberto-bugidos-benavides.jpg","type":"image\/jpeg"}],"twitter_card":"summary_large_image","twitter_misc":{"Tiempo de lectura":"1 minuto"},"schema":{"@context":"https:\/\/schema.org","@graph":[{"@type":"WebPage","@id":"https:\/\/sgxx.org\/es\/biografias\/dr-roberto-bugidos-benavides\/","url":"https:\/\/sgxx.org\/es\/biografias\/dr-roberto-bugidos-benavides\/","name":"Dr. Roberto Bugidos Benavides - SGXX","isPartOf":{"@id":"https:\/\/sgxx.org\/#website"},"primaryImageOfPage":{"@id":"https:\/\/sgxx.org\/es\/biografias\/dr-roberto-bugidos-benavides\/#primaryimage"},"image":{"@id":"https:\/\/sgxx.org\/es\/biografias\/dr-roberto-bugidos-benavides\/#primaryimage"},"thumbnailUrl":"https:\/\/sgxx.org\/wp-content\/uploads\/2023\/06\/dr-roberto-bugidos-benavides.jpg","datePublished":"2023-06-05T16:55:23+00:00","dateModified":"2023-06-05T17:41:26+00:00","description":"Descubre la trayectoria del Dr. Roberto Bugidos Benavides, referente en geriatr\u00eda en Galicia. Pionero en bio\u00e9tica cl\u00ednica y autor de investigaciones sobre envejecimiento. Su legado inspira a la comunidad geri\u00e1trica.","breadcrumb":{"@id":"https:\/\/sgxx.org\/es\/biografias\/dr-roberto-bugidos-benavides\/#breadcrumb"},"inLanguage":"es","potentialAction":[{"@type":"ReadAction","target":["https:\/\/sgxx.org\/es\/biografias\/dr-roberto-bugidos-benavides\/"]}]},{"@type":"ImageObject","inLanguage":"es","@id":"https:\/\/sgxx.org\/es\/biografias\/dr-roberto-bugidos-benavides\/#primaryimage","url":"https:\/\/sgxx.org\/wp-content\/uploads\/2023\/06\/dr-roberto-bugidos-benavides.jpg","contentUrl":"https:\/\/sgxx.org\/wp-content\/uploads\/2023\/06\/dr-roberto-bugidos-benavides.jpg","width":550,"height":548,"caption":"Dr. Roberto Bugidos Benavides"},{"@type":"BreadcrumbList","@id":"https:\/\/sgxx.org\/es\/biografias\/dr-roberto-bugidos-benavides\/#breadcrumb","itemListElement":[{"@type":"ListItem","position":1,"name":"Portada","item":"https:\/\/sgxx.org\/es\/"},{"@type":"ListItem","position":2,"name":"Biograf\u00edas","item":"https:\/\/sgxx.org\/es\/biografias\/"},{"@type":"ListItem","position":3,"name":"Dr. Roberto Bugidos Benavides"}]},{"@type":"WebSite","@id":"https:\/\/sgxx.org\/#website","url":"https:\/\/sgxx.org\/","name":"SGXX","description":"Web da Sociedade Galega de Xerontolox\u00eda e Xeriatr\u00eda","publisher":{"@id":"https:\/\/sgxx.org\/#organization"},"potentialAction":[{"@type":"SearchAction","target":{"@type":"EntryPoint","urlTemplate":"https:\/\/sgxx.org\/?s={search_term_string}"},"query-input":{"@type":"PropertyValueSpecification","valueRequired":true,"valueName":"search_term_string"}}],"inLanguage":"es"},{"@type":"Organization","@id":"https:\/\/sgxx.org\/#organization","name":"Sociedade Galega de Xerontolox\u00eda e Xeriatr\u00eda (SGXX)","url":"https:\/\/sgxx.org\/","logo":{"@type":"ImageObject","inLanguage":"es","@id":"https:\/\/sgxx.org\/#\/schema\/logo\/image\/","url":"https:\/\/sgxx.org\/wp-content\/uploads\/2016\/09\/sgxx-logo-1.png","contentUrl":"https:\/\/sgxx.org\/wp-content\/uploads\/2016\/09\/sgxx-logo-1.png","width":200,"height":200,"caption":"Sociedade Galega de Xerontolox\u00eda e Xeriatr\u00eda (SGXX)"},"image":{"@id":"https:\/\/sgxx.org\/#\/schema\/logo\/image\/"},"sameAs":["https:\/\/es-es.facebook.com\/pages\/Sociedade-Galega-Xerontoloxia-e-Xeriatria\/327400652646"]}]}},"_links":{"self":[{"href":"https:\/\/sgxx.org\/es\/wp-json\/wp\/v2\/pages\/7382","targetHints":{"allow":["GET"]}}],"collection":[{"href":"https:\/\/sgxx.org\/es\/wp-json\/wp\/v2\/pages"}],"about":[{"href":"https:\/\/sgxx.org\/es\/wp-json\/wp\/v2\/types\/page"}],"author":[{"embeddable":true,"href":"https:\/\/sgxx.org\/es\/wp-json\/wp\/v2\/users\/6"}],"replies":[{"embeddable":true,"href":"https:\/\/sgxx.org\/es\/wp-json\/wp\/v2\/comments?post=7382"}],"version-history":[{"count":3,"href":"https:\/\/sgxx.org\/es\/wp-json\/wp\/v2\/pages\/7382\/revisions"}],"predecessor-version":[{"id":7444,"href":"https:\/\/sgxx.org\/es\/wp-json\/wp\/v2\/pages\/7382\/revisions\/7444"}],"up":[{"embeddable":true,"href":"https:\/\/sgxx.org\/es\/wp-json\/wp\/v2\/pages\/7433"}],"wp:featuredmedia":[{"embeddable":true,"href":"https:\/\/sgxx.org\/es\/wp-json\/wp\/v2\/media\/7376"}],"wp:attachment":[{"href":"https:\/\/sgxx.org\/es\/wp-json\/wp\/v2\/media?parent=7382"}],"curies":[{"name":"wp","href":"https:\/\/api.w.org\/{rel}","templated":true}]}}