{"id":7391,"date":"2023-06-05T19:06:27","date_gmt":"2023-06-05T17:06:27","guid":{"rendered":"https:\/\/sgxx.org\/dr-fernando-jimenez-herrero\/"},"modified":"2023-06-05T19:40:32","modified_gmt":"2023-06-05T17:40:32","slug":"dr-fernando-jimenez-herrero","status":"publish","type":"page","link":"https:\/\/sgxx.org\/es\/biografias\/dr-fernando-jimenez-herrero\/","title":{"rendered":"Dr. Fernando Jim\u00e9nez Herrero"},"content":{"rendered":"<div class=\"wpb-content-wrapper\">[vc_row css=\u00bb.vc_custom_1685983910600{margin-top: 30px !important;margin-bottom: 30px !important;}\u00bb][vc_column width=\u00bb1\/3&#8243;][vc_single_image image=\u00bb7388&#8243; img_size=\u00bbfull\u00bb alignment=\u00bbcenter\u00bb][\/vc_column][vc_column width=\u00bb2\/3&#8243;][vc_column_text css=\u00bb.vc_custom_1685984442621{margin-bottom: 0px !important;}\u00bb]El Dr. Fernando Jim\u00e9nez Herrero naci\u00f3 en Nore\u00f1a (Asturias) el 14 de julio de 1924 y muri\u00f3 el 29 de marzo de 2007.<\/p>\n<p>Licenciado y doctor en Medicina-Cirug\u00eda por la Universidad Complutense de Madrid, se form\u00f3 en Medicina Interna y Geriatr\u00eda, entre los a\u00f1os 1949 y 1951, de la mano de tres destacados profesores de aquella \u00e9poca: Mara\u00f1\u00f3n, L\u00f3pez Ibor y Vallejo N\u00e1jera. Ya en Galicia, y tras haber ingresado en el cuerpo de m\u00e9dicos titulares en 1950, el doctor Jim\u00e9nez Herrero ejerci\u00f3 su labor profesional, primero en el municipio de Oleiros, donde lleg\u00f3 a ser alcalde, y luego en A Coru\u00f1a. Acad\u00e9mico numerario de la Real Academia de Medicina de Galicia por Geriatr\u00eda (1973).<\/p>\n<p>Dedic\u00f3 su vida a la docencia y a la medicina especializada en personas mayores. Fue profesor de Enfermer\u00eda Geri\u00e1trica en la Escuela Universitaria de Santiago y en la del Hospital Juan Canalejo de A Coru\u00f1a. Adem\u00e1s, fue jefe del Servicio de Geriatr\u00eda de la Cruz Roja de A Coru\u00f1a entre el a\u00f1o 1972 y el a\u00f1o 1998.<\/p>\n<p>Tambi\u00e9n fue presidente de la Sociedad Espa\u00f1ola de Geriatr\u00eda y Gerontolog\u00eda y de la Sociedade Galega de Xerontolox\u00eda e Xeriatr\u00eda. Autor de numerosos art\u00edculos y libros. Durante varios a\u00f1os dirigi\u00f3 la \u2018Revista Espa\u00f1ola de Geriatr\u00eda\u2019 de la Sociedad Espa\u00f1ola de Geriatr\u00eda y Gerontolog\u00eda.[\/vc_column_text][\/vc_column][\/vc_row]\n<\/div>","protected":false},"excerpt":{"rendered":"<p>[vc_row css=\u00bb.vc_custom_1685983910600{margin-top: 30px !important;margin-bottom: 30px !important;}\u00bb][vc_column width=\u00bb1\/3&#8243;][vc_single_image image=\u00bb7388&#8243; img_size=\u00bbfull\u00bb alignment=\u00bbcenter\u00bb][\/vc_column][vc_column width=\u00bb2\/3&#8243;][vc_column_text css=\u00bb.vc_custom_1685984442621{margin-bottom: 0px !important;}\u00bb]El Dr. Fernando Jim\u00e9nez Herrero naci\u00f3 en Nore\u00f1a (Asturias) el 14 de julio de 1924 y muri\u00f3 el 29 de marzo de 2007. Licenciado y doctor en Medicina-Cirug\u00eda por la Universidad Complutense de Madrid, se form\u00f3 en Medicina Interna y Geriatr\u00eda, entre [&hellip;]<\/p>\n","protected":false},"author":6,"featured_media":7389,"parent":7433,"menu_order":0,"comment_status":"closed","ping_status":"closed","template":"","meta":{"footnotes":""},"class_list":["post-7391","page","type-page","status-publish","has-post-thumbnail","hentry"],"yoast_head":"<!-- This site is optimized with the Yoast SEO plugin v26.9 - https:\/\/yoast.com\/product\/yoast-seo-wordpress\/ -->\n<title>Dr. Fernando Jim\u00e9nez Herrero - SGXX<\/title>\n<meta name=\"description\" content=\"Descubre la vida del Dr. Fernando Jim\u00e9nez Herrero, destacado m\u00e9dico y acad\u00e9mico en geriatr\u00eda. Su legado en docencia y cuidado de personas mayores sigue inspirando hoy.\" \/>\n<meta name=\"robots\" content=\"index, follow, max-snippet:-1, max-image-preview:large, max-video-preview:-1\" \/>\n<link rel=\"canonical\" href=\"https:\/\/sgxx.org\/es\/biografias\/dr-fernando-jimenez-herrero\/\" \/>\n<meta property=\"og:locale\" content=\"es_ES\" \/>\n<meta property=\"og:type\" content=\"article\" \/>\n<meta property=\"og:title\" content=\"Dr. Fernando Jim\u00e9nez Herrero - SGXX\" \/>\n<meta property=\"og:description\" content=\"Descubre la vida del Dr. Fernando Jim\u00e9nez Herrero, destacado m\u00e9dico y acad\u00e9mico en geriatr\u00eda. Su legado en docencia y cuidado de personas mayores sigue inspirando hoy.\" \/>\n<meta property=\"og:url\" content=\"https:\/\/sgxx.org\/es\/biografias\/dr-fernando-jimenez-herrero\/\" \/>\n<meta property=\"og:site_name\" content=\"SGXX\" \/>\n<meta property=\"article:publisher\" content=\"https:\/\/es-es.facebook.com\/pages\/Sociedade-Galega-Xerontoloxia-e-Xeriatria\/327400652646\" \/>\n<meta property=\"article:modified_time\" content=\"2023-06-05T17:40:32+00:00\" \/>\n<meta property=\"og:image\" content=\"https:\/\/sgxx.org\/wp-content\/uploads\/2023\/06\/dr-fernando-jimenez-herrero.jpg\" \/>\n\t<meta property=\"og:image:width\" content=\"550\" \/>\n\t<meta property=\"og:image:height\" content=\"621\" \/>\n\t<meta property=\"og:image:type\" content=\"image\/jpeg\" \/>\n<meta name=\"twitter:card\" content=\"summary_large_image\" \/>\n<meta name=\"twitter:label1\" content=\"Tiempo de lectura\" \/>\n\t<meta name=\"twitter:data1\" content=\"1 minuto\" \/>\n<script type=\"application\/ld+json\" class=\"yoast-schema-graph\">{\"@context\":\"https:\/\/schema.org\",\"@graph\":[{\"@type\":\"WebPage\",\"@id\":\"https:\/\/sgxx.org\/es\/biografias\/dr-fernando-jimenez-herrero\/\",\"url\":\"https:\/\/sgxx.org\/es\/biografias\/dr-fernando-jimenez-herrero\/\",\"name\":\"Dr. Fernando Jim\u00e9nez Herrero - SGXX\",\"isPartOf\":{\"@id\":\"https:\/\/sgxx.org\/#website\"},\"primaryImageOfPage\":{\"@id\":\"https:\/\/sgxx.org\/es\/biografias\/dr-fernando-jimenez-herrero\/#primaryimage\"},\"image\":{\"@id\":\"https:\/\/sgxx.org\/es\/biografias\/dr-fernando-jimenez-herrero\/#primaryimage\"},\"thumbnailUrl\":\"https:\/\/sgxx.org\/wp-content\/uploads\/2023\/06\/dr-fernando-jimenez-herrero.jpg\",\"datePublished\":\"2023-06-05T17:06:27+00:00\",\"dateModified\":\"2023-06-05T17:40:32+00:00\",\"description\":\"Descubre la vida del Dr. Fernando Jim\u00e9nez Herrero, destacado m\u00e9dico y acad\u00e9mico en geriatr\u00eda. Su legado en docencia y cuidado de personas mayores sigue inspirando hoy.\",\"breadcrumb\":{\"@id\":\"https:\/\/sgxx.org\/es\/biografias\/dr-fernando-jimenez-herrero\/#breadcrumb\"},\"inLanguage\":\"es\",\"potentialAction\":[{\"@type\":\"ReadAction\",\"target\":[\"https:\/\/sgxx.org\/es\/biografias\/dr-fernando-jimenez-herrero\/\"]}]},{\"@type\":\"ImageObject\",\"inLanguage\":\"es\",\"@id\":\"https:\/\/sgxx.org\/es\/biografias\/dr-fernando-jimenez-herrero\/#primaryimage\",\"url\":\"https:\/\/sgxx.org\/wp-content\/uploads\/2023\/06\/dr-fernando-jimenez-herrero.jpg\",\"contentUrl\":\"https:\/\/sgxx.org\/wp-content\/uploads\/2023\/06\/dr-fernando-jimenez-herrero.jpg\",\"width\":550,\"height\":621,\"caption\":\"Dr. Fernando Jim\u00e9nez Herrero\"},{\"@type\":\"BreadcrumbList\",\"@id\":\"https:\/\/sgxx.org\/es\/biografias\/dr-fernando-jimenez-herrero\/#breadcrumb\",\"itemListElement\":[{\"@type\":\"ListItem\",\"position\":1,\"name\":\"Portada\",\"item\":\"https:\/\/sgxx.org\/es\/\"},{\"@type\":\"ListItem\",\"position\":2,\"name\":\"Biograf\u00edas\",\"item\":\"https:\/\/sgxx.org\/es\/biografias\/\"},{\"@type\":\"ListItem\",\"position\":3,\"name\":\"Dr. Fernando Jim\u00e9nez Herrero\"}]},{\"@type\":\"WebSite\",\"@id\":\"https:\/\/sgxx.org\/#website\",\"url\":\"https:\/\/sgxx.org\/\",\"name\":\"SGXX\",\"description\":\"Web da Sociedade Galega de Xerontolox\u00eda e Xeriatr\u00eda\",\"publisher\":{\"@id\":\"https:\/\/sgxx.org\/#organization\"},\"potentialAction\":[{\"@type\":\"SearchAction\",\"target\":{\"@type\":\"EntryPoint\",\"urlTemplate\":\"https:\/\/sgxx.org\/?s={search_term_string}\"},\"query-input\":{\"@type\":\"PropertyValueSpecification\",\"valueRequired\":true,\"valueName\":\"search_term_string\"}}],\"inLanguage\":\"es\"},{\"@type\":\"Organization\",\"@id\":\"https:\/\/sgxx.org\/#organization\",\"name\":\"Sociedade Galega de Xerontolox\u00eda e Xeriatr\u00eda (SGXX)\",\"url\":\"https:\/\/sgxx.org\/\",\"logo\":{\"@type\":\"ImageObject\",\"inLanguage\":\"es\",\"@id\":\"https:\/\/sgxx.org\/#\/schema\/logo\/image\/\",\"url\":\"https:\/\/sgxx.org\/wp-content\/uploads\/2016\/09\/sgxx-logo-1.png\",\"contentUrl\":\"https:\/\/sgxx.org\/wp-content\/uploads\/2016\/09\/sgxx-logo-1.png\",\"width\":200,\"height\":200,\"caption\":\"Sociedade Galega de Xerontolox\u00eda e Xeriatr\u00eda (SGXX)\"},\"image\":{\"@id\":\"https:\/\/sgxx.org\/#\/schema\/logo\/image\/\"},\"sameAs\":[\"https:\/\/es-es.facebook.com\/pages\/Sociedade-Galega-Xerontoloxia-e-Xeriatria\/327400652646\"]}]}<\/script>\n<!-- \/ Yoast SEO plugin. -->","yoast_head_json":{"title":"Dr. Fernando Jim\u00e9nez Herrero - SGXX","description":"Descubre la vida del Dr. Fernando Jim\u00e9nez Herrero, destacado m\u00e9dico y acad\u00e9mico en geriatr\u00eda. Su legado en docencia y cuidado de personas mayores sigue inspirando hoy.","robots":{"index":"index","follow":"follow","max-snippet":"max-snippet:-1","max-image-preview":"max-image-preview:large","max-video-preview":"max-video-preview:-1"},"canonical":"https:\/\/sgxx.org\/es\/biografias\/dr-fernando-jimenez-herrero\/","og_locale":"es_ES","og_type":"article","og_title":"Dr. Fernando Jim\u00e9nez Herrero - SGXX","og_description":"Descubre la vida del Dr. Fernando Jim\u00e9nez Herrero, destacado m\u00e9dico y acad\u00e9mico en geriatr\u00eda. Su legado en docencia y cuidado de personas mayores sigue inspirando hoy.","og_url":"https:\/\/sgxx.org\/es\/biografias\/dr-fernando-jimenez-herrero\/","og_site_name":"SGXX","article_publisher":"https:\/\/es-es.facebook.com\/pages\/Sociedade-Galega-Xerontoloxia-e-Xeriatria\/327400652646","article_modified_time":"2023-06-05T17:40:32+00:00","og_image":[{"width":550,"height":621,"url":"https:\/\/sgxx.org\/wp-content\/uploads\/2023\/06\/dr-fernando-jimenez-herrero.jpg","type":"image\/jpeg"}],"twitter_card":"summary_large_image","twitter_misc":{"Tiempo de lectura":"1 minuto"},"schema":{"@context":"https:\/\/schema.org","@graph":[{"@type":"WebPage","@id":"https:\/\/sgxx.org\/es\/biografias\/dr-fernando-jimenez-herrero\/","url":"https:\/\/sgxx.org\/es\/biografias\/dr-fernando-jimenez-herrero\/","name":"Dr. Fernando Jim\u00e9nez Herrero - SGXX","isPartOf":{"@id":"https:\/\/sgxx.org\/#website"},"primaryImageOfPage":{"@id":"https:\/\/sgxx.org\/es\/biografias\/dr-fernando-jimenez-herrero\/#primaryimage"},"image":{"@id":"https:\/\/sgxx.org\/es\/biografias\/dr-fernando-jimenez-herrero\/#primaryimage"},"thumbnailUrl":"https:\/\/sgxx.org\/wp-content\/uploads\/2023\/06\/dr-fernando-jimenez-herrero.jpg","datePublished":"2023-06-05T17:06:27+00:00","dateModified":"2023-06-05T17:40:32+00:00","description":"Descubre la vida del Dr. Fernando Jim\u00e9nez Herrero, destacado m\u00e9dico y acad\u00e9mico en geriatr\u00eda. Su legado en docencia y cuidado de personas mayores sigue inspirando hoy.","breadcrumb":{"@id":"https:\/\/sgxx.org\/es\/biografias\/dr-fernando-jimenez-herrero\/#breadcrumb"},"inLanguage":"es","potentialAction":[{"@type":"ReadAction","target":["https:\/\/sgxx.org\/es\/biografias\/dr-fernando-jimenez-herrero\/"]}]},{"@type":"ImageObject","inLanguage":"es","@id":"https:\/\/sgxx.org\/es\/biografias\/dr-fernando-jimenez-herrero\/#primaryimage","url":"https:\/\/sgxx.org\/wp-content\/uploads\/2023\/06\/dr-fernando-jimenez-herrero.jpg","contentUrl":"https:\/\/sgxx.org\/wp-content\/uploads\/2023\/06\/dr-fernando-jimenez-herrero.jpg","width":550,"height":621,"caption":"Dr. Fernando Jim\u00e9nez Herrero"},{"@type":"BreadcrumbList","@id":"https:\/\/sgxx.org\/es\/biografias\/dr-fernando-jimenez-herrero\/#breadcrumb","itemListElement":[{"@type":"ListItem","position":1,"name":"Portada","item":"https:\/\/sgxx.org\/es\/"},{"@type":"ListItem","position":2,"name":"Biograf\u00edas","item":"https:\/\/sgxx.org\/es\/biografias\/"},{"@type":"ListItem","position":3,"name":"Dr. Fernando Jim\u00e9nez Herrero"}]},{"@type":"WebSite","@id":"https:\/\/sgxx.org\/#website","url":"https:\/\/sgxx.org\/","name":"SGXX","description":"Web da Sociedade Galega de Xerontolox\u00eda e Xeriatr\u00eda","publisher":{"@id":"https:\/\/sgxx.org\/#organization"},"potentialAction":[{"@type":"SearchAction","target":{"@type":"EntryPoint","urlTemplate":"https:\/\/sgxx.org\/?s={search_term_string}"},"query-input":{"@type":"PropertyValueSpecification","valueRequired":true,"valueName":"search_term_string"}}],"inLanguage":"es"},{"@type":"Organization","@id":"https:\/\/sgxx.org\/#organization","name":"Sociedade Galega de Xerontolox\u00eda e Xeriatr\u00eda (SGXX)","url":"https:\/\/sgxx.org\/","logo":{"@type":"ImageObject","inLanguage":"es","@id":"https:\/\/sgxx.org\/#\/schema\/logo\/image\/","url":"https:\/\/sgxx.org\/wp-content\/uploads\/2016\/09\/sgxx-logo-1.png","contentUrl":"https:\/\/sgxx.org\/wp-content\/uploads\/2016\/09\/sgxx-logo-1.png","width":200,"height":200,"caption":"Sociedade Galega de Xerontolox\u00eda e Xeriatr\u00eda (SGXX)"},"image":{"@id":"https:\/\/sgxx.org\/#\/schema\/logo\/image\/"},"sameAs":["https:\/\/es-es.facebook.com\/pages\/Sociedade-Galega-Xerontoloxia-e-Xeriatria\/327400652646"]}]}},"_links":{"self":[{"href":"https:\/\/sgxx.org\/es\/wp-json\/wp\/v2\/pages\/7391","targetHints":{"allow":["GET"]}}],"collection":[{"href":"https:\/\/sgxx.org\/es\/wp-json\/wp\/v2\/pages"}],"about":[{"href":"https:\/\/sgxx.org\/es\/wp-json\/wp\/v2\/types\/page"}],"author":[{"embeddable":true,"href":"https:\/\/sgxx.org\/es\/wp-json\/wp\/v2\/users\/6"}],"replies":[{"embeddable":true,"href":"https:\/\/sgxx.org\/es\/wp-json\/wp\/v2\/comments?post=7391"}],"version-history":[{"count":3,"href":"https:\/\/sgxx.org\/es\/wp-json\/wp\/v2\/pages\/7391\/revisions"}],"predecessor-version":[{"id":7436,"href":"https:\/\/sgxx.org\/es\/wp-json\/wp\/v2\/pages\/7391\/revisions\/7436"}],"up":[{"embeddable":true,"href":"https:\/\/sgxx.org\/es\/wp-json\/wp\/v2\/pages\/7433"}],"wp:featuredmedia":[{"embeddable":true,"href":"https:\/\/sgxx.org\/es\/wp-json\/wp\/v2\/media\/7389"}],"wp:attachment":[{"href":"https:\/\/sgxx.org\/es\/wp-json\/wp\/v2\/media?parent=7391"}],"curies":[{"name":"wp","href":"https:\/\/api.w.org\/{rel}","templated":true}]}}