{"id":7404,"date":"2023-06-05T19:18:20","date_gmt":"2023-06-05T17:18:20","guid":{"rendered":"https:\/\/sgxx.org\/dr-fernando-veiga-fernandez\/"},"modified":"2023-06-05T19:40:51","modified_gmt":"2023-06-05T17:40:51","slug":"dr-fernando-veiga-fernandez","status":"publish","type":"page","link":"https:\/\/sgxx.org\/es\/biografias\/dr-fernando-veiga-fernandez\/","title":{"rendered":"Dr. Fernando Veiga Fern\u00e1ndez"},"content":{"rendered":"<div class=\"wpb-content-wrapper\">[vc_row css=\u00bb.vc_custom_1685983910600{margin-top: 30px !important;margin-bottom: 30px !important;}\u00bb][vc_column width=\u00bb1\/3&#8243;][vc_single_image image=\u00bb7401&#8243; img_size=\u00bbfull\u00bb alignment=\u00bbcenter\u00bb][\/vc_column][vc_column width=\u00bb2\/3&#8243;][vc_column_text css=\u00bb.vc_custom_1685985208051{margin-bottom: 0px !important;}\u00bb]El Dr. Fernando Veiga Fern\u00e1ndez naci\u00f3 en Hervelle (A Pontenova, Lugo) en 1962 y muri\u00f3 en 2016.<\/p>\n<p>Impulsor de la geriatr\u00eda en Galicia, especialidad que estudi\u00f3 en la Universidad Complutense de Madrid, fue el primer geriatra que tuvo la provincia lucense y estuvo entre los primeros de Galicia. Fue un referente gallego y nacional de la geriatr\u00eda.<\/p>\n<p>Alumno de Fernando Jim\u00e9nez Herrero, su implicaci\u00f3n fue decisiva para la creaci\u00f3n del servicio de Geriatr\u00eda en el Hospital Universitario Lucus Augusti (HULA), un servicio imprescindible en una provincia tan envejecida como la lucense. Una muestra de su buen hacer es que el de Lugo fue uno de los escasos hospitales espa\u00f1oles que formaban residentes en esa especialidad.<\/p>\n<p>Durante su trayectoria profesional, el Dr. Veiga estuvo muy comprometido con la docencia y la investigaci\u00f3n, pero destac\u00f3 notablemente como facultativo cercano, con una gran empat\u00eda con las personas mayores y muy implicado en su dedicaci\u00f3n como m\u00e9dico geriatra. Compaginando la jefatura de servicio de Geriatr\u00eda del HULA con su actividad en una cl\u00ednica privada que ten\u00eda en Lugo.<\/p>\n<p>Presidi\u00f3 la Sociedad Gallega de Geriatr\u00eda y Gerontolog\u00eda, desde la que plante\u00f3 numerosas reivindicaciones para la especialidad, manteni\u00e9ndose como un miembro activo en ella hasta el final de sus d\u00edas.[\/vc_column_text][\/vc_column][\/vc_row]\n<\/div>","protected":false},"excerpt":{"rendered":"<p>[vc_row css=\u00bb.vc_custom_1685983910600{margin-top: 30px !important;margin-bottom: 30px !important;}\u00bb][vc_column width=\u00bb1\/3&#8243;][vc_single_image image=\u00bb7401&#8243; img_size=\u00bbfull\u00bb alignment=\u00bbcenter\u00bb][\/vc_column][vc_column width=\u00bb2\/3&#8243;][vc_column_text css=\u00bb.vc_custom_1685985208051{margin-bottom: 0px !important;}\u00bb]El Dr. Fernando Veiga Fern\u00e1ndez naci\u00f3 en Hervelle (A Pontenova, Lugo) en 1962 y muri\u00f3 en 2016. Impulsor de la geriatr\u00eda en Galicia, especialidad que estudi\u00f3 en la Universidad Complutense de Madrid, fue el primer geriatra que tuvo la provincia lucense y [&hellip;]<\/p>\n","protected":false},"author":6,"featured_media":7402,"parent":7433,"menu_order":0,"comment_status":"closed","ping_status":"closed","template":"","meta":{"footnotes":""},"class_list":["post-7404","page","type-page","status-publish","has-post-thumbnail","hentry"],"yoast_head":"<!-- This site is optimized with the Yoast SEO plugin v26.9 - https:\/\/yoast.com\/product\/yoast-seo-wordpress\/ -->\n<title>Dr. Fernando Veiga Fern\u00e1ndez - SGXX<\/title>\n<meta name=\"description\" content=\"El Dr. Fernando Veiga Fern\u00e1ndez, referente en geriatr\u00eda, pionero en Galicia. Impuls\u00f3 el servicio de Geriatr\u00eda en el HULA. Gran empat\u00eda con las personas mayores y compromiso con la especialidad.\" \/>\n<meta name=\"robots\" content=\"index, follow, max-snippet:-1, max-image-preview:large, max-video-preview:-1\" \/>\n<link rel=\"canonical\" href=\"https:\/\/sgxx.org\/es\/biografias\/dr-fernando-veiga-fernandez\/\" \/>\n<meta property=\"og:locale\" content=\"es_ES\" \/>\n<meta property=\"og:type\" content=\"article\" \/>\n<meta property=\"og:title\" content=\"Dr. Fernando Veiga Fern\u00e1ndez - SGXX\" \/>\n<meta property=\"og:description\" content=\"El Dr. Fernando Veiga Fern\u00e1ndez, referente en geriatr\u00eda, pionero en Galicia. Impuls\u00f3 el servicio de Geriatr\u00eda en el HULA. Gran empat\u00eda con las personas mayores y compromiso con la especialidad.\" \/>\n<meta property=\"og:url\" content=\"https:\/\/sgxx.org\/es\/biografias\/dr-fernando-veiga-fernandez\/\" \/>\n<meta property=\"og:site_name\" content=\"SGXX\" \/>\n<meta property=\"article:publisher\" content=\"https:\/\/es-es.facebook.com\/pages\/Sociedade-Galega-Xerontoloxia-e-Xeriatria\/327400652646\" \/>\n<meta property=\"article:modified_time\" content=\"2023-06-05T17:40:51+00:00\" \/>\n<meta property=\"og:image\" content=\"https:\/\/sgxx.org\/wp-content\/uploads\/2023\/06\/dr-fernando-veiga-fernandez.jpg\" \/>\n\t<meta property=\"og:image:width\" content=\"550\" \/>\n\t<meta property=\"og:image:height\" content=\"622\" \/>\n\t<meta property=\"og:image:type\" content=\"image\/jpeg\" \/>\n<meta name=\"twitter:card\" content=\"summary_large_image\" \/>\n<meta name=\"twitter:label1\" content=\"Tiempo de lectura\" \/>\n\t<meta name=\"twitter:data1\" content=\"1 minuto\" \/>\n<script type=\"application\/ld+json\" class=\"yoast-schema-graph\">{\"@context\":\"https:\/\/schema.org\",\"@graph\":[{\"@type\":\"WebPage\",\"@id\":\"https:\/\/sgxx.org\/es\/biografias\/dr-fernando-veiga-fernandez\/\",\"url\":\"https:\/\/sgxx.org\/es\/biografias\/dr-fernando-veiga-fernandez\/\",\"name\":\"Dr. Fernando Veiga Fern\u00e1ndez - SGXX\",\"isPartOf\":{\"@id\":\"https:\/\/sgxx.org\/#website\"},\"primaryImageOfPage\":{\"@id\":\"https:\/\/sgxx.org\/es\/biografias\/dr-fernando-veiga-fernandez\/#primaryimage\"},\"image\":{\"@id\":\"https:\/\/sgxx.org\/es\/biografias\/dr-fernando-veiga-fernandez\/#primaryimage\"},\"thumbnailUrl\":\"https:\/\/sgxx.org\/wp-content\/uploads\/2023\/06\/dr-fernando-veiga-fernandez.jpg\",\"datePublished\":\"2023-06-05T17:18:20+00:00\",\"dateModified\":\"2023-06-05T17:40:51+00:00\",\"description\":\"El Dr. Fernando Veiga Fern\u00e1ndez, referente en geriatr\u00eda, pionero en Galicia. Impuls\u00f3 el servicio de Geriatr\u00eda en el HULA. Gran empat\u00eda con las personas mayores y compromiso con la especialidad.\",\"breadcrumb\":{\"@id\":\"https:\/\/sgxx.org\/es\/biografias\/dr-fernando-veiga-fernandez\/#breadcrumb\"},\"inLanguage\":\"es\",\"potentialAction\":[{\"@type\":\"ReadAction\",\"target\":[\"https:\/\/sgxx.org\/es\/biografias\/dr-fernando-veiga-fernandez\/\"]}]},{\"@type\":\"ImageObject\",\"inLanguage\":\"es\",\"@id\":\"https:\/\/sgxx.org\/es\/biografias\/dr-fernando-veiga-fernandez\/#primaryimage\",\"url\":\"https:\/\/sgxx.org\/wp-content\/uploads\/2023\/06\/dr-fernando-veiga-fernandez.jpg\",\"contentUrl\":\"https:\/\/sgxx.org\/wp-content\/uploads\/2023\/06\/dr-fernando-veiga-fernandez.jpg\",\"width\":550,\"height\":622,\"caption\":\"Dr. Fernando Veiga Fern\u00e1ndez\"},{\"@type\":\"BreadcrumbList\",\"@id\":\"https:\/\/sgxx.org\/es\/biografias\/dr-fernando-veiga-fernandez\/#breadcrumb\",\"itemListElement\":[{\"@type\":\"ListItem\",\"position\":1,\"name\":\"Portada\",\"item\":\"https:\/\/sgxx.org\/es\/\"},{\"@type\":\"ListItem\",\"position\":2,\"name\":\"Biograf\u00edas\",\"item\":\"https:\/\/sgxx.org\/es\/biografias\/\"},{\"@type\":\"ListItem\",\"position\":3,\"name\":\"Dr. Fernando Veiga Fern\u00e1ndez\"}]},{\"@type\":\"WebSite\",\"@id\":\"https:\/\/sgxx.org\/#website\",\"url\":\"https:\/\/sgxx.org\/\",\"name\":\"SGXX\",\"description\":\"Web da Sociedade Galega de Xerontolox\u00eda e Xeriatr\u00eda\",\"publisher\":{\"@id\":\"https:\/\/sgxx.org\/#organization\"},\"potentialAction\":[{\"@type\":\"SearchAction\",\"target\":{\"@type\":\"EntryPoint\",\"urlTemplate\":\"https:\/\/sgxx.org\/?s={search_term_string}\"},\"query-input\":{\"@type\":\"PropertyValueSpecification\",\"valueRequired\":true,\"valueName\":\"search_term_string\"}}],\"inLanguage\":\"es\"},{\"@type\":\"Organization\",\"@id\":\"https:\/\/sgxx.org\/#organization\",\"name\":\"Sociedade Galega de Xerontolox\u00eda e Xeriatr\u00eda (SGXX)\",\"url\":\"https:\/\/sgxx.org\/\",\"logo\":{\"@type\":\"ImageObject\",\"inLanguage\":\"es\",\"@id\":\"https:\/\/sgxx.org\/#\/schema\/logo\/image\/\",\"url\":\"https:\/\/sgxx.org\/wp-content\/uploads\/2016\/09\/sgxx-logo-1.png\",\"contentUrl\":\"https:\/\/sgxx.org\/wp-content\/uploads\/2016\/09\/sgxx-logo-1.png\",\"width\":200,\"height\":200,\"caption\":\"Sociedade Galega de Xerontolox\u00eda e Xeriatr\u00eda (SGXX)\"},\"image\":{\"@id\":\"https:\/\/sgxx.org\/#\/schema\/logo\/image\/\"},\"sameAs\":[\"https:\/\/es-es.facebook.com\/pages\/Sociedade-Galega-Xerontoloxia-e-Xeriatria\/327400652646\"]}]}<\/script>\n<!-- \/ Yoast SEO plugin. -->","yoast_head_json":{"title":"Dr. Fernando Veiga Fern\u00e1ndez - SGXX","description":"El Dr. Fernando Veiga Fern\u00e1ndez, referente en geriatr\u00eda, pionero en Galicia. Impuls\u00f3 el servicio de Geriatr\u00eda en el HULA. Gran empat\u00eda con las personas mayores y compromiso con la especialidad.","robots":{"index":"index","follow":"follow","max-snippet":"max-snippet:-1","max-image-preview":"max-image-preview:large","max-video-preview":"max-video-preview:-1"},"canonical":"https:\/\/sgxx.org\/es\/biografias\/dr-fernando-veiga-fernandez\/","og_locale":"es_ES","og_type":"article","og_title":"Dr. Fernando Veiga Fern\u00e1ndez - SGXX","og_description":"El Dr. Fernando Veiga Fern\u00e1ndez, referente en geriatr\u00eda, pionero en Galicia. Impuls\u00f3 el servicio de Geriatr\u00eda en el HULA. Gran empat\u00eda con las personas mayores y compromiso con la especialidad.","og_url":"https:\/\/sgxx.org\/es\/biografias\/dr-fernando-veiga-fernandez\/","og_site_name":"SGXX","article_publisher":"https:\/\/es-es.facebook.com\/pages\/Sociedade-Galega-Xerontoloxia-e-Xeriatria\/327400652646","article_modified_time":"2023-06-05T17:40:51+00:00","og_image":[{"width":550,"height":622,"url":"https:\/\/sgxx.org\/wp-content\/uploads\/2023\/06\/dr-fernando-veiga-fernandez.jpg","type":"image\/jpeg"}],"twitter_card":"summary_large_image","twitter_misc":{"Tiempo de lectura":"1 minuto"},"schema":{"@context":"https:\/\/schema.org","@graph":[{"@type":"WebPage","@id":"https:\/\/sgxx.org\/es\/biografias\/dr-fernando-veiga-fernandez\/","url":"https:\/\/sgxx.org\/es\/biografias\/dr-fernando-veiga-fernandez\/","name":"Dr. Fernando Veiga Fern\u00e1ndez - SGXX","isPartOf":{"@id":"https:\/\/sgxx.org\/#website"},"primaryImageOfPage":{"@id":"https:\/\/sgxx.org\/es\/biografias\/dr-fernando-veiga-fernandez\/#primaryimage"},"image":{"@id":"https:\/\/sgxx.org\/es\/biografias\/dr-fernando-veiga-fernandez\/#primaryimage"},"thumbnailUrl":"https:\/\/sgxx.org\/wp-content\/uploads\/2023\/06\/dr-fernando-veiga-fernandez.jpg","datePublished":"2023-06-05T17:18:20+00:00","dateModified":"2023-06-05T17:40:51+00:00","description":"El Dr. Fernando Veiga Fern\u00e1ndez, referente en geriatr\u00eda, pionero en Galicia. Impuls\u00f3 el servicio de Geriatr\u00eda en el HULA. Gran empat\u00eda con las personas mayores y compromiso con la especialidad.","breadcrumb":{"@id":"https:\/\/sgxx.org\/es\/biografias\/dr-fernando-veiga-fernandez\/#breadcrumb"},"inLanguage":"es","potentialAction":[{"@type":"ReadAction","target":["https:\/\/sgxx.org\/es\/biografias\/dr-fernando-veiga-fernandez\/"]}]},{"@type":"ImageObject","inLanguage":"es","@id":"https:\/\/sgxx.org\/es\/biografias\/dr-fernando-veiga-fernandez\/#primaryimage","url":"https:\/\/sgxx.org\/wp-content\/uploads\/2023\/06\/dr-fernando-veiga-fernandez.jpg","contentUrl":"https:\/\/sgxx.org\/wp-content\/uploads\/2023\/06\/dr-fernando-veiga-fernandez.jpg","width":550,"height":622,"caption":"Dr. Fernando Veiga Fern\u00e1ndez"},{"@type":"BreadcrumbList","@id":"https:\/\/sgxx.org\/es\/biografias\/dr-fernando-veiga-fernandez\/#breadcrumb","itemListElement":[{"@type":"ListItem","position":1,"name":"Portada","item":"https:\/\/sgxx.org\/es\/"},{"@type":"ListItem","position":2,"name":"Biograf\u00edas","item":"https:\/\/sgxx.org\/es\/biografias\/"},{"@type":"ListItem","position":3,"name":"Dr. Fernando Veiga Fern\u00e1ndez"}]},{"@type":"WebSite","@id":"https:\/\/sgxx.org\/#website","url":"https:\/\/sgxx.org\/","name":"SGXX","description":"Web da Sociedade Galega de Xerontolox\u00eda e Xeriatr\u00eda","publisher":{"@id":"https:\/\/sgxx.org\/#organization"},"potentialAction":[{"@type":"SearchAction","target":{"@type":"EntryPoint","urlTemplate":"https:\/\/sgxx.org\/?s={search_term_string}"},"query-input":{"@type":"PropertyValueSpecification","valueRequired":true,"valueName":"search_term_string"}}],"inLanguage":"es"},{"@type":"Organization","@id":"https:\/\/sgxx.org\/#organization","name":"Sociedade Galega de Xerontolox\u00eda e Xeriatr\u00eda (SGXX)","url":"https:\/\/sgxx.org\/","logo":{"@type":"ImageObject","inLanguage":"es","@id":"https:\/\/sgxx.org\/#\/schema\/logo\/image\/","url":"https:\/\/sgxx.org\/wp-content\/uploads\/2016\/09\/sgxx-logo-1.png","contentUrl":"https:\/\/sgxx.org\/wp-content\/uploads\/2016\/09\/sgxx-logo-1.png","width":200,"height":200,"caption":"Sociedade Galega de Xerontolox\u00eda e Xeriatr\u00eda (SGXX)"},"image":{"@id":"https:\/\/sgxx.org\/#\/schema\/logo\/image\/"},"sameAs":["https:\/\/es-es.facebook.com\/pages\/Sociedade-Galega-Xerontoloxia-e-Xeriatria\/327400652646"]}]}},"_links":{"self":[{"href":"https:\/\/sgxx.org\/es\/wp-json\/wp\/v2\/pages\/7404","targetHints":{"allow":["GET"]}}],"collection":[{"href":"https:\/\/sgxx.org\/es\/wp-json\/wp\/v2\/pages"}],"about":[{"href":"https:\/\/sgxx.org\/es\/wp-json\/wp\/v2\/types\/page"}],"author":[{"embeddable":true,"href":"https:\/\/sgxx.org\/es\/wp-json\/wp\/v2\/users\/6"}],"replies":[{"embeddable":true,"href":"https:\/\/sgxx.org\/es\/wp-json\/wp\/v2\/comments?post=7404"}],"version-history":[{"count":3,"href":"https:\/\/sgxx.org\/es\/wp-json\/wp\/v2\/pages\/7404\/revisions"}],"predecessor-version":[{"id":7439,"href":"https:\/\/sgxx.org\/es\/wp-json\/wp\/v2\/pages\/7404\/revisions\/7439"}],"up":[{"embeddable":true,"href":"https:\/\/sgxx.org\/es\/wp-json\/wp\/v2\/pages\/7433"}],"wp:featuredmedia":[{"embeddable":true,"href":"https:\/\/sgxx.org\/es\/wp-json\/wp\/v2\/media\/7402"}],"wp:attachment":[{"href":"https:\/\/sgxx.org\/es\/wp-json\/wp\/v2\/media?parent=7404"}],"curies":[{"name":"wp","href":"https:\/\/api.w.org\/{rel}","templated":true}]}}