{"id":7414,"date":"2023-06-05T19:28:26","date_gmt":"2023-06-05T17:28:26","guid":{"rendered":"https:\/\/sgxx.org\/dr-luis-rodriguez-miguez\/"},"modified":"2023-06-05T19:41:09","modified_gmt":"2023-06-05T17:41:09","slug":"dr-luis-rodriguez-miguez","status":"publish","type":"page","link":"https:\/\/sgxx.org\/es\/biografias\/dr-luis-rodriguez-miguez\/","title":{"rendered":"Dr. Luis Rodr\u00edguez M\u00edguez"},"content":{"rendered":"<div class=\"wpb-content-wrapper\">[vc_row css=\u00bb.vc_custom_1685983910600{margin-top: 30px !important;margin-bottom: 30px !important;}\u00bb][vc_column width=\u00bb1\/3&#8243;][vc_single_image image=\u00bb7410&#8243; img_size=\u00bbfull\u00bb alignment=\u00bbcenter\u00bb][\/vc_column][vc_column width=\u00bb2\/3&#8243;][vc_column_text css=\u00bb.vc_custom_1685985961091{margin-bottom: 0px !important;}\u00bb]El Dr. Luis Rodr\u00edguez M\u00edguez naci\u00f3 en Santiago de Compostela (A Coru\u00f1a) en 1932 y muri\u00f3 en 2016.<\/p>\n<p>Licenciado y doctor en Medicina y Cirug\u00eda (Universidad de Santiago de Compostela), tambi\u00e9n se especializ\u00f3 en Sanidad Nacional, Medicina Preventiva y Salud.<\/p>\n<p>Es considerado el padre del estudio de las aguas mineromedicinales y del termalismo gallego contempor\u00e1neo. Acu\u00f1\u00f3 el t\u00e9rmino \u2018vila termal\u2019 y fue uno de los principales defensores de la incorporaci\u00f3n de los tratamientos balnearios en la sanidad p\u00fablica.<\/p>\n<p>Fue docente en las universidades de Vigo y Santiago. Durante sus \u00faltimos a\u00f1os de docencia ejerc\u00eda como profesor titular en el departamento de Biolog\u00eda Funcional y Ciencias de la Salud en la Facultad de Ciencias del Campus de Ourense (Universidad de Vigo).<\/p>\n<p>Tambi\u00e9n dirigi\u00f3 el Centro de Sanidad Ambiental de Santiago, fue jefe provincial de Sanidad de Ourense, director de Salud de la Delegaci\u00f3n Territorial de Ourense y director general de Salud P\u00fablica.<\/p>\n<p>Fue acad\u00e9mico de la Real Academia de Medicina y Cirug\u00eda y vicepresidente de la Sociedade Galega de Xerontolog\u00eda e Xeriatr\u00eda, de la que tambi\u00e9n fue socio fundador y presidente de la Comisi\u00f3n Gestora que impuls\u00f3 la creaci\u00f3n de esta sociedad.[\/vc_column_text][\/vc_column][\/vc_row]\n<\/div>","protected":false},"excerpt":{"rendered":"<p>[vc_row css=\u00bb.vc_custom_1685983910600{margin-top: 30px !important;margin-bottom: 30px !important;}\u00bb][vc_column width=\u00bb1\/3&#8243;][vc_single_image image=\u00bb7410&#8243; img_size=\u00bbfull\u00bb alignment=\u00bbcenter\u00bb][\/vc_column][vc_column width=\u00bb2\/3&#8243;][vc_column_text css=\u00bb.vc_custom_1685985961091{margin-bottom: 0px !important;}\u00bb]El Dr. Luis Rodr\u00edguez M\u00edguez naci\u00f3 en Santiago de Compostela (A Coru\u00f1a) en 1932 y muri\u00f3 en 2016. Licenciado y doctor en Medicina y Cirug\u00eda (Universidad de Santiago de Compostela), tambi\u00e9n se especializ\u00f3 en Sanidad Nacional, Medicina Preventiva y Salud. Es considerado [&hellip;]<\/p>\n","protected":false},"author":6,"featured_media":7411,"parent":7433,"menu_order":0,"comment_status":"closed","ping_status":"closed","template":"","meta":{"footnotes":""},"class_list":["post-7414","page","type-page","status-publish","has-post-thumbnail","hentry"],"yoast_head":"<!-- This site is optimized with the Yoast SEO plugin v26.9 - https:\/\/yoast.com\/product\/yoast-seo-wordpress\/ -->\n<title>Dr. Luis Rodr\u00edguez M\u00edguez - SGXX<\/title>\n<meta name=\"description\" content=\"Descubre la vida del Dr. Luis Rodr\u00edguez M\u00edguez, padre del termalismo gallego. Su legado en el estudio de las aguas mineromedicinales y la promoci\u00f3n de tratamientos balnearios en la sanidad p\u00fablica fue invaluable. Acad\u00e9mico y docente, dej\u00f3 una huella duradera en la salud p\u00fablica y la geriatr\u00eda gallega.\" \/>\n<meta name=\"robots\" content=\"index, follow, max-snippet:-1, max-image-preview:large, max-video-preview:-1\" \/>\n<link rel=\"canonical\" href=\"https:\/\/sgxx.org\/es\/biografias\/dr-luis-rodriguez-miguez\/\" \/>\n<meta property=\"og:locale\" content=\"es_ES\" \/>\n<meta property=\"og:type\" content=\"article\" \/>\n<meta property=\"og:title\" content=\"Dr. Luis Rodr\u00edguez M\u00edguez - SGXX\" \/>\n<meta property=\"og:description\" content=\"Descubre la vida del Dr. Luis Rodr\u00edguez M\u00edguez, padre del termalismo gallego. Su legado en el estudio de las aguas mineromedicinales y la promoci\u00f3n de tratamientos balnearios en la sanidad p\u00fablica fue invaluable. Acad\u00e9mico y docente, dej\u00f3 una huella duradera en la salud p\u00fablica y la geriatr\u00eda gallega.\" \/>\n<meta property=\"og:url\" content=\"https:\/\/sgxx.org\/es\/biografias\/dr-luis-rodriguez-miguez\/\" \/>\n<meta property=\"og:site_name\" content=\"SGXX\" \/>\n<meta property=\"article:publisher\" content=\"https:\/\/es-es.facebook.com\/pages\/Sociedade-Galega-Xerontoloxia-e-Xeriatria\/327400652646\" \/>\n<meta property=\"article:modified_time\" content=\"2023-06-05T17:41:09+00:00\" \/>\n<meta property=\"og:image\" content=\"https:\/\/sgxx.org\/wp-content\/uploads\/2023\/06\/dr-luis-rodriguez-miguez.jpg\" \/>\n\t<meta property=\"og:image:width\" content=\"550\" \/>\n\t<meta property=\"og:image:height\" content=\"622\" \/>\n\t<meta property=\"og:image:type\" content=\"image\/jpeg\" \/>\n<meta name=\"twitter:card\" content=\"summary_large_image\" \/>\n<meta name=\"twitter:label1\" content=\"Tiempo de lectura\" \/>\n\t<meta name=\"twitter:data1\" content=\"1 minuto\" \/>\n<script type=\"application\/ld+json\" class=\"yoast-schema-graph\">{\"@context\":\"https:\/\/schema.org\",\"@graph\":[{\"@type\":\"WebPage\",\"@id\":\"https:\/\/sgxx.org\/es\/biografias\/dr-luis-rodriguez-miguez\/\",\"url\":\"https:\/\/sgxx.org\/es\/biografias\/dr-luis-rodriguez-miguez\/\",\"name\":\"Dr. Luis Rodr\u00edguez M\u00edguez - SGXX\",\"isPartOf\":{\"@id\":\"https:\/\/sgxx.org\/#website\"},\"primaryImageOfPage\":{\"@id\":\"https:\/\/sgxx.org\/es\/biografias\/dr-luis-rodriguez-miguez\/#primaryimage\"},\"image\":{\"@id\":\"https:\/\/sgxx.org\/es\/biografias\/dr-luis-rodriguez-miguez\/#primaryimage\"},\"thumbnailUrl\":\"https:\/\/sgxx.org\/wp-content\/uploads\/2023\/06\/dr-luis-rodriguez-miguez.jpg\",\"datePublished\":\"2023-06-05T17:28:26+00:00\",\"dateModified\":\"2023-06-05T17:41:09+00:00\",\"description\":\"Descubre la vida del Dr. Luis Rodr\u00edguez M\u00edguez, padre del termalismo gallego. Su legado en el estudio de las aguas mineromedicinales y la promoci\u00f3n de tratamientos balnearios en la sanidad p\u00fablica fue invaluable. Acad\u00e9mico y docente, dej\u00f3 una huella duradera en la salud p\u00fablica y la geriatr\u00eda gallega.\",\"breadcrumb\":{\"@id\":\"https:\/\/sgxx.org\/es\/biografias\/dr-luis-rodriguez-miguez\/#breadcrumb\"},\"inLanguage\":\"es\",\"potentialAction\":[{\"@type\":\"ReadAction\",\"target\":[\"https:\/\/sgxx.org\/es\/biografias\/dr-luis-rodriguez-miguez\/\"]}]},{\"@type\":\"ImageObject\",\"inLanguage\":\"es\",\"@id\":\"https:\/\/sgxx.org\/es\/biografias\/dr-luis-rodriguez-miguez\/#primaryimage\",\"url\":\"https:\/\/sgxx.org\/wp-content\/uploads\/2023\/06\/dr-luis-rodriguez-miguez.jpg\",\"contentUrl\":\"https:\/\/sgxx.org\/wp-content\/uploads\/2023\/06\/dr-luis-rodriguez-miguez.jpg\",\"width\":550,\"height\":622,\"caption\":\"Dr. Luis Rodr\u00edguez M\u00edguez\"},{\"@type\":\"BreadcrumbList\",\"@id\":\"https:\/\/sgxx.org\/es\/biografias\/dr-luis-rodriguez-miguez\/#breadcrumb\",\"itemListElement\":[{\"@type\":\"ListItem\",\"position\":1,\"name\":\"Portada\",\"item\":\"https:\/\/sgxx.org\/es\/\"},{\"@type\":\"ListItem\",\"position\":2,\"name\":\"Biograf\u00edas\",\"item\":\"https:\/\/sgxx.org\/es\/biografias\/\"},{\"@type\":\"ListItem\",\"position\":3,\"name\":\"Dr. Luis Rodr\u00edguez M\u00edguez\"}]},{\"@type\":\"WebSite\",\"@id\":\"https:\/\/sgxx.org\/#website\",\"url\":\"https:\/\/sgxx.org\/\",\"name\":\"SGXX\",\"description\":\"Web da Sociedade Galega de Xerontolox\u00eda e Xeriatr\u00eda\",\"publisher\":{\"@id\":\"https:\/\/sgxx.org\/#organization\"},\"potentialAction\":[{\"@type\":\"SearchAction\",\"target\":{\"@type\":\"EntryPoint\",\"urlTemplate\":\"https:\/\/sgxx.org\/?s={search_term_string}\"},\"query-input\":{\"@type\":\"PropertyValueSpecification\",\"valueRequired\":true,\"valueName\":\"search_term_string\"}}],\"inLanguage\":\"es\"},{\"@type\":\"Organization\",\"@id\":\"https:\/\/sgxx.org\/#organization\",\"name\":\"Sociedade Galega de Xerontolox\u00eda e Xeriatr\u00eda (SGXX)\",\"url\":\"https:\/\/sgxx.org\/\",\"logo\":{\"@type\":\"ImageObject\",\"inLanguage\":\"es\",\"@id\":\"https:\/\/sgxx.org\/#\/schema\/logo\/image\/\",\"url\":\"https:\/\/sgxx.org\/wp-content\/uploads\/2016\/09\/sgxx-logo-1.png\",\"contentUrl\":\"https:\/\/sgxx.org\/wp-content\/uploads\/2016\/09\/sgxx-logo-1.png\",\"width\":200,\"height\":200,\"caption\":\"Sociedade Galega de Xerontolox\u00eda e Xeriatr\u00eda (SGXX)\"},\"image\":{\"@id\":\"https:\/\/sgxx.org\/#\/schema\/logo\/image\/\"},\"sameAs\":[\"https:\/\/es-es.facebook.com\/pages\/Sociedade-Galega-Xerontoloxia-e-Xeriatria\/327400652646\"]}]}<\/script>\n<!-- \/ Yoast SEO plugin. -->","yoast_head_json":{"title":"Dr. Luis Rodr\u00edguez M\u00edguez - SGXX","description":"Descubre la vida del Dr. Luis Rodr\u00edguez M\u00edguez, padre del termalismo gallego. Su legado en el estudio de las aguas mineromedicinales y la promoci\u00f3n de tratamientos balnearios en la sanidad p\u00fablica fue invaluable. Acad\u00e9mico y docente, dej\u00f3 una huella duradera en la salud p\u00fablica y la geriatr\u00eda gallega.","robots":{"index":"index","follow":"follow","max-snippet":"max-snippet:-1","max-image-preview":"max-image-preview:large","max-video-preview":"max-video-preview:-1"},"canonical":"https:\/\/sgxx.org\/es\/biografias\/dr-luis-rodriguez-miguez\/","og_locale":"es_ES","og_type":"article","og_title":"Dr. Luis Rodr\u00edguez M\u00edguez - SGXX","og_description":"Descubre la vida del Dr. Luis Rodr\u00edguez M\u00edguez, padre del termalismo gallego. Su legado en el estudio de las aguas mineromedicinales y la promoci\u00f3n de tratamientos balnearios en la sanidad p\u00fablica fue invaluable. Acad\u00e9mico y docente, dej\u00f3 una huella duradera en la salud p\u00fablica y la geriatr\u00eda gallega.","og_url":"https:\/\/sgxx.org\/es\/biografias\/dr-luis-rodriguez-miguez\/","og_site_name":"SGXX","article_publisher":"https:\/\/es-es.facebook.com\/pages\/Sociedade-Galega-Xerontoloxia-e-Xeriatria\/327400652646","article_modified_time":"2023-06-05T17:41:09+00:00","og_image":[{"width":550,"height":622,"url":"https:\/\/sgxx.org\/wp-content\/uploads\/2023\/06\/dr-luis-rodriguez-miguez.jpg","type":"image\/jpeg"}],"twitter_card":"summary_large_image","twitter_misc":{"Tiempo de lectura":"1 minuto"},"schema":{"@context":"https:\/\/schema.org","@graph":[{"@type":"WebPage","@id":"https:\/\/sgxx.org\/es\/biografias\/dr-luis-rodriguez-miguez\/","url":"https:\/\/sgxx.org\/es\/biografias\/dr-luis-rodriguez-miguez\/","name":"Dr. Luis Rodr\u00edguez M\u00edguez - SGXX","isPartOf":{"@id":"https:\/\/sgxx.org\/#website"},"primaryImageOfPage":{"@id":"https:\/\/sgxx.org\/es\/biografias\/dr-luis-rodriguez-miguez\/#primaryimage"},"image":{"@id":"https:\/\/sgxx.org\/es\/biografias\/dr-luis-rodriguez-miguez\/#primaryimage"},"thumbnailUrl":"https:\/\/sgxx.org\/wp-content\/uploads\/2023\/06\/dr-luis-rodriguez-miguez.jpg","datePublished":"2023-06-05T17:28:26+00:00","dateModified":"2023-06-05T17:41:09+00:00","description":"Descubre la vida del Dr. Luis Rodr\u00edguez M\u00edguez, padre del termalismo gallego. Su legado en el estudio de las aguas mineromedicinales y la promoci\u00f3n de tratamientos balnearios en la sanidad p\u00fablica fue invaluable. Acad\u00e9mico y docente, dej\u00f3 una huella duradera en la salud p\u00fablica y la geriatr\u00eda gallega.","breadcrumb":{"@id":"https:\/\/sgxx.org\/es\/biografias\/dr-luis-rodriguez-miguez\/#breadcrumb"},"inLanguage":"es","potentialAction":[{"@type":"ReadAction","target":["https:\/\/sgxx.org\/es\/biografias\/dr-luis-rodriguez-miguez\/"]}]},{"@type":"ImageObject","inLanguage":"es","@id":"https:\/\/sgxx.org\/es\/biografias\/dr-luis-rodriguez-miguez\/#primaryimage","url":"https:\/\/sgxx.org\/wp-content\/uploads\/2023\/06\/dr-luis-rodriguez-miguez.jpg","contentUrl":"https:\/\/sgxx.org\/wp-content\/uploads\/2023\/06\/dr-luis-rodriguez-miguez.jpg","width":550,"height":622,"caption":"Dr. Luis Rodr\u00edguez M\u00edguez"},{"@type":"BreadcrumbList","@id":"https:\/\/sgxx.org\/es\/biografias\/dr-luis-rodriguez-miguez\/#breadcrumb","itemListElement":[{"@type":"ListItem","position":1,"name":"Portada","item":"https:\/\/sgxx.org\/es\/"},{"@type":"ListItem","position":2,"name":"Biograf\u00edas","item":"https:\/\/sgxx.org\/es\/biografias\/"},{"@type":"ListItem","position":3,"name":"Dr. Luis Rodr\u00edguez M\u00edguez"}]},{"@type":"WebSite","@id":"https:\/\/sgxx.org\/#website","url":"https:\/\/sgxx.org\/","name":"SGXX","description":"Web da Sociedade Galega de Xerontolox\u00eda e Xeriatr\u00eda","publisher":{"@id":"https:\/\/sgxx.org\/#organization"},"potentialAction":[{"@type":"SearchAction","target":{"@type":"EntryPoint","urlTemplate":"https:\/\/sgxx.org\/?s={search_term_string}"},"query-input":{"@type":"PropertyValueSpecification","valueRequired":true,"valueName":"search_term_string"}}],"inLanguage":"es"},{"@type":"Organization","@id":"https:\/\/sgxx.org\/#organization","name":"Sociedade Galega de Xerontolox\u00eda e Xeriatr\u00eda (SGXX)","url":"https:\/\/sgxx.org\/","logo":{"@type":"ImageObject","inLanguage":"es","@id":"https:\/\/sgxx.org\/#\/schema\/logo\/image\/","url":"https:\/\/sgxx.org\/wp-content\/uploads\/2016\/09\/sgxx-logo-1.png","contentUrl":"https:\/\/sgxx.org\/wp-content\/uploads\/2016\/09\/sgxx-logo-1.png","width":200,"height":200,"caption":"Sociedade Galega de Xerontolox\u00eda e Xeriatr\u00eda (SGXX)"},"image":{"@id":"https:\/\/sgxx.org\/#\/schema\/logo\/image\/"},"sameAs":["https:\/\/es-es.facebook.com\/pages\/Sociedade-Galega-Xerontoloxia-e-Xeriatria\/327400652646"]}]}},"_links":{"self":[{"href":"https:\/\/sgxx.org\/es\/wp-json\/wp\/v2\/pages\/7414","targetHints":{"allow":["GET"]}}],"collection":[{"href":"https:\/\/sgxx.org\/es\/wp-json\/wp\/v2\/pages"}],"about":[{"href":"https:\/\/sgxx.org\/es\/wp-json\/wp\/v2\/types\/page"}],"author":[{"embeddable":true,"href":"https:\/\/sgxx.org\/es\/wp-json\/wp\/v2\/users\/6"}],"replies":[{"embeddable":true,"href":"https:\/\/sgxx.org\/es\/wp-json\/wp\/v2\/comments?post=7414"}],"version-history":[{"count":3,"href":"https:\/\/sgxx.org\/es\/wp-json\/wp\/v2\/pages\/7414\/revisions"}],"predecessor-version":[{"id":7442,"href":"https:\/\/sgxx.org\/es\/wp-json\/wp\/v2\/pages\/7414\/revisions\/7442"}],"up":[{"embeddable":true,"href":"https:\/\/sgxx.org\/es\/wp-json\/wp\/v2\/pages\/7433"}],"wp:featuredmedia":[{"embeddable":true,"href":"https:\/\/sgxx.org\/es\/wp-json\/wp\/v2\/media\/7411"}],"wp:attachment":[{"href":"https:\/\/sgxx.org\/es\/wp-json\/wp\/v2\/media?parent=7414"}],"curies":[{"name":"wp","href":"https:\/\/api.w.org\/{rel}","templated":true}]}}