{"id":7870,"date":"2024-06-13T20:37:04","date_gmt":"2024-06-13T18:37:04","guid":{"rendered":"https:\/\/sgxx.org\/perfil-del-contratante\/"},"modified":"2026-01-29T21:30:13","modified_gmt":"2026-01-29T20:30:13","slug":"perfil-del-contratante","status":"publish","type":"page","link":"https:\/\/sgxx.org\/es\/perfil-del-contratante\/","title":{"rendered":"Perfil del contratante"},"content":{"rendered":"<div class=\"wpb-content-wrapper\">[vc_row css=\u00bb.vc_custom_1718303951713{margin-top: 30px !important;margin-bottom: 30px !important;}\u00bb][vc_column][vc_row_inner][vc_column_inner][vc_single_image image=\u00bb8845&#8243; img_size=\u00bbfull\u00bb alignment=\u00bbcenter\u00bb css=\u00bb\u00bb][\/vc_column_inner][\/vc_row_inner][vc_column_text disable_pattern=\u00bbfalse\u00bb css=\u00bb.vc_custom_1769717804513{margin-bottom: 0px !important;}\u00bb]<span style=\"font-weight: 400;\">El perfil del contratante de la Sociedad Gallega de Geriatr\u00eda y Gerontolog\u00eda (SGXX) supone el medio de difusi\u00f3n a trav\u00e9s del cual se podr\u00e1 obtener toda la informaci\u00f3n relativa a las ofertas de contrataci\u00f3n administrativa que esta entidad realice.\u00a0<\/span><\/p>\n<p><span style=\"font-weight: 400;\">La funci\u00f3n de este perfil es informar a los potenciales licitadores de las ofertas que la SGXX mantiene abiertas, a efectos de que puedan presentar sus candidaturas. Haciendo clic en cualquiera de los siguientes enlaces, podr\u00e1 acceder a la informaci\u00f3n de la oferta concreta y participar, en caso de inter\u00e9s.<\/span>[\/vc_column_text][vc_column_text disable_pattern=\u00bbfalse\u00bb margin_bottom=\u00bb0&#8243; css=\u00bb.vc_custom_1769718610513{margin-bottom: 0px !important;}\u00bb]\n<h2>OFERTAS ABIERTAS<\/h2>\n<p><a href=\"https:\/\/sgxx.org\/es\/perfil-del-contratante\/proyecto-0434_longsocial2_1_e-servicio-de-alojamiento\/\">PROYECTO 0434_LONGSOCIAL2_1_E: Servicio de alojamiento<\/a><\/p>\n<p><a href=\"https:\/\/sgxx.org\/es\/perfil-del-contratante\/proyecto-0434_longsocial2_1_e-servicio-de-catering\/\">PROYECTO 0434_LONGSOCIAL2_1_E: Servicio de catering<\/a><\/p>\n<p><a href=\"https:\/\/sgxx.org\/es\/perfil-del-contratante\/proyecto-0434_longsocial2_1_e-servicio-de-consultoria-para-redaccion-de-3-articulos-tecnicos-a-partir-del-conocimiento-y-tematicas-extraidas-de-eventos-profesionales-organizados-por-la-sgxx\/\">PROYECTO 0434_LONGSOCIAL2_1_E: Servicio de consultor\u00eda para redacci\u00f3n de 3 art\u00edculos t\u00e9cnicos, a partir del conocimiento y tem\u00e1ticas extra\u00eddas de eventos profesionales organizados por la SGXX<\/a>[\/vc_column_text][vc_separator css=\u00bb.vc_custom_1769718027101{margin-top: 16px !important;margin-bottom: 16px !important;}\u00bb][vc_column_text disable_pattern=\u00bbfalse\u00bb css=\u00bb.vc_custom_1769717830717{margin-bottom: 0px !important;}\u00bb]\n<h2>OFERTAS CERRADAS<\/h2>\n<p><a href=\"https:\/\/sgxx.org\/es\/perfil-del-contratante\/oferta-1-consultoria-para-la-redaccion-de-3-articulos-tecnicos-con-conocimiento-y-tematicas-extraidas-de-los-congresos-organizados-por-la-sgxx\/\">Consultor\u00eda para la redacci\u00f3n de 3 art\u00edculos t\u00e9cnicos, con conocimiento y tem\u00e1ticas extra\u00eddas de los congresos organizados por la SGXX<\/a> [Plazo cerrado]\n<p><a href=\"https:\/\/sgxx.org\/es\/perfil-del-contratante\/oferta-2-auditoria-para-certificacion-de-gastos-de-la-sociedad-gallega-de-gerontologia-y-geriatria-en-proyecto-0280_longsocial_1_e\/\">Auditor\u00eda, para certificaci\u00f3n de gastos de la Sociedad Gallega de Gerontolog\u00eda y Geriatr\u00eda en proyecto 0280_LONGSOCIAL_1_E.<\/a> [Plazo cerrado][\/vc_column_text][\/vc_column][\/vc_row]\n<\/div>","protected":false},"excerpt":{"rendered":"<p>[vc_row css=\u00bb.vc_custom_1718303951713{margin-top: 30px !important;margin-bottom: 30px !important;}\u00bb][vc_column][vc_row_inner][vc_column_inner][vc_single_image image=\u00bb8845&#8243; img_size=\u00bbfull\u00bb alignment=\u00bbcenter\u00bb css=\u00bb\u00bb][\/vc_column_inner][\/vc_row_inner][vc_column_text disable_pattern=\u00bbfalse\u00bb css=\u00bb.vc_custom_1769717804513{margin-bottom: 0px !important;}\u00bb]El perfil del contratante de la Sociedad Gallega de Geriatr\u00eda y Gerontolog\u00eda (SGXX) supone el medio de difusi\u00f3n a trav\u00e9s del cual se podr\u00e1 obtener toda la informaci\u00f3n relativa a las ofertas de contrataci\u00f3n administrativa que esta entidad realice.\u00a0 La funci\u00f3n de [&hellip;]<\/p>\n","protected":false},"author":6,"featured_media":0,"parent":0,"menu_order":0,"comment_status":"closed","ping_status":"closed","template":"","meta":{"footnotes":""},"class_list":["post-7870","page","type-page","status-publish","hentry"],"yoast_head":"<!-- This site is optimized with the Yoast SEO plugin v27.3 - https:\/\/yoast.com\/product\/yoast-seo-wordpress\/ -->\n<title>Perfil del contratante - SGXX<\/title>\n<meta name=\"description\" content=\"Conoce los servicios publicados por la SGXX a los que puedes presentar tu oferta de trabajo. M\u00e1s informaci\u00f3n aqu\u00ed.\" \/>\n<meta name=\"robots\" content=\"index, follow, max-snippet:-1, max-image-preview:large, max-video-preview:-1\" \/>\n<link rel=\"canonical\" href=\"https:\/\/sgxx.org\/es\/perfil-del-contratante\/\" \/>\n<meta property=\"og:locale\" content=\"es_ES\" \/>\n<meta property=\"og:type\" content=\"article\" \/>\n<meta property=\"og:title\" content=\"Perfil del contratante - SGXX\" \/>\n<meta property=\"og:description\" content=\"Conoce los servicios publicados por la SGXX a los que puedes presentar tu oferta de trabajo. M\u00e1s informaci\u00f3n aqu\u00ed.\" \/>\n<meta property=\"og:url\" content=\"https:\/\/sgxx.org\/es\/perfil-del-contratante\/\" \/>\n<meta property=\"og:site_name\" content=\"SGXX\" \/>\n<meta property=\"article:publisher\" content=\"https:\/\/es-es.facebook.com\/pages\/Sociedade-Galega-Xerontoloxia-e-Xeriatria\/327400652646\" \/>\n<meta property=\"article:modified_time\" content=\"2026-01-29T20:30:13+00:00\" \/>\n<meta name=\"twitter:card\" content=\"summary_large_image\" \/>\n<meta name=\"twitter:label1\" content=\"Tiempo de lectura\" \/>\n\t<meta name=\"twitter:data1\" content=\"2 minutos\" \/>\n<script type=\"application\/ld+json\" class=\"yoast-schema-graph\">{\"@context\":\"https:\\\/\\\/schema.org\",\"@graph\":[{\"@type\":\"WebPage\",\"@id\":\"https:\\\/\\\/sgxx.org\\\/es\\\/perfil-del-contratante\\\/\",\"url\":\"https:\\\/\\\/sgxx.org\\\/es\\\/perfil-del-contratante\\\/\",\"name\":\"Perfil del contratante - SGXX\",\"isPartOf\":{\"@id\":\"https:\\\/\\\/sgxx.org\\\/#website\"},\"datePublished\":\"2024-06-13T18:37:04+00:00\",\"dateModified\":\"2026-01-29T20:30:13+00:00\",\"description\":\"Conoce los servicios publicados por la SGXX a los que puedes presentar tu oferta de trabajo. M\u00e1s informaci\u00f3n aqu\u00ed.\",\"breadcrumb\":{\"@id\":\"https:\\\/\\\/sgxx.org\\\/es\\\/perfil-del-contratante\\\/#breadcrumb\"},\"inLanguage\":\"es\",\"potentialAction\":[{\"@type\":\"ReadAction\",\"target\":[\"https:\\\/\\\/sgxx.org\\\/es\\\/perfil-del-contratante\\\/\"]}]},{\"@type\":\"BreadcrumbList\",\"@id\":\"https:\\\/\\\/sgxx.org\\\/es\\\/perfil-del-contratante\\\/#breadcrumb\",\"itemListElement\":[{\"@type\":\"ListItem\",\"position\":1,\"name\":\"Portada\",\"item\":\"https:\\\/\\\/sgxx.org\\\/es\\\/\"},{\"@type\":\"ListItem\",\"position\":2,\"name\":\"Perfil del contratante\"}]},{\"@type\":\"WebSite\",\"@id\":\"https:\\\/\\\/sgxx.org\\\/#website\",\"url\":\"https:\\\/\\\/sgxx.org\\\/\",\"name\":\"SGXX\",\"description\":\"Web da Sociedade Galega de Xerontolox\u00eda e Xeriatr\u00eda\",\"publisher\":{\"@id\":\"https:\\\/\\\/sgxx.org\\\/#organization\"},\"potentialAction\":[{\"@type\":\"SearchAction\",\"target\":{\"@type\":\"EntryPoint\",\"urlTemplate\":\"https:\\\/\\\/sgxx.org\\\/?s={search_term_string}\"},\"query-input\":{\"@type\":\"PropertyValueSpecification\",\"valueRequired\":true,\"valueName\":\"search_term_string\"}}],\"inLanguage\":\"es\"},{\"@type\":\"Organization\",\"@id\":\"https:\\\/\\\/sgxx.org\\\/#organization\",\"name\":\"Sociedade Galega de Xerontolox\u00eda e Xeriatr\u00eda (SGXX)\",\"url\":\"https:\\\/\\\/sgxx.org\\\/\",\"logo\":{\"@type\":\"ImageObject\",\"inLanguage\":\"es\",\"@id\":\"https:\\\/\\\/sgxx.org\\\/#\\\/schema\\\/logo\\\/image\\\/\",\"url\":\"https:\\\/\\\/sgxx.org\\\/wp-content\\\/uploads\\\/2016\\\/09\\\/sgxx-logo-1.png\",\"contentUrl\":\"https:\\\/\\\/sgxx.org\\\/wp-content\\\/uploads\\\/2016\\\/09\\\/sgxx-logo-1.png\",\"width\":200,\"height\":200,\"caption\":\"Sociedade Galega de Xerontolox\u00eda e Xeriatr\u00eda (SGXX)\"},\"image\":{\"@id\":\"https:\\\/\\\/sgxx.org\\\/#\\\/schema\\\/logo\\\/image\\\/\"},\"sameAs\":[\"https:\\\/\\\/es-es.facebook.com\\\/pages\\\/Sociedade-Galega-Xerontoloxia-e-Xeriatria\\\/327400652646\"]}]}<\/script>\n<!-- \/ Yoast SEO plugin. -->","yoast_head_json":{"title":"Perfil del contratante - SGXX","description":"Conoce los servicios publicados por la SGXX a los que puedes presentar tu oferta de trabajo. M\u00e1s informaci\u00f3n aqu\u00ed.","robots":{"index":"index","follow":"follow","max-snippet":"max-snippet:-1","max-image-preview":"max-image-preview:large","max-video-preview":"max-video-preview:-1"},"canonical":"https:\/\/sgxx.org\/es\/perfil-del-contratante\/","og_locale":"es_ES","og_type":"article","og_title":"Perfil del contratante - SGXX","og_description":"Conoce los servicios publicados por la SGXX a los que puedes presentar tu oferta de trabajo. M\u00e1s informaci\u00f3n aqu\u00ed.","og_url":"https:\/\/sgxx.org\/es\/perfil-del-contratante\/","og_site_name":"SGXX","article_publisher":"https:\/\/es-es.facebook.com\/pages\/Sociedade-Galega-Xerontoloxia-e-Xeriatria\/327400652646","article_modified_time":"2026-01-29T20:30:13+00:00","twitter_card":"summary_large_image","twitter_misc":{"Tiempo de lectura":"2 minutos"},"schema":{"@context":"https:\/\/schema.org","@graph":[{"@type":"WebPage","@id":"https:\/\/sgxx.org\/es\/perfil-del-contratante\/","url":"https:\/\/sgxx.org\/es\/perfil-del-contratante\/","name":"Perfil del contratante - SGXX","isPartOf":{"@id":"https:\/\/sgxx.org\/#website"},"datePublished":"2024-06-13T18:37:04+00:00","dateModified":"2026-01-29T20:30:13+00:00","description":"Conoce los servicios publicados por la SGXX a los que puedes presentar tu oferta de trabajo. M\u00e1s informaci\u00f3n aqu\u00ed.","breadcrumb":{"@id":"https:\/\/sgxx.org\/es\/perfil-del-contratante\/#breadcrumb"},"inLanguage":"es","potentialAction":[{"@type":"ReadAction","target":["https:\/\/sgxx.org\/es\/perfil-del-contratante\/"]}]},{"@type":"BreadcrumbList","@id":"https:\/\/sgxx.org\/es\/perfil-del-contratante\/#breadcrumb","itemListElement":[{"@type":"ListItem","position":1,"name":"Portada","item":"https:\/\/sgxx.org\/es\/"},{"@type":"ListItem","position":2,"name":"Perfil del contratante"}]},{"@type":"WebSite","@id":"https:\/\/sgxx.org\/#website","url":"https:\/\/sgxx.org\/","name":"SGXX","description":"Web da Sociedade Galega de Xerontolox\u00eda e Xeriatr\u00eda","publisher":{"@id":"https:\/\/sgxx.org\/#organization"},"potentialAction":[{"@type":"SearchAction","target":{"@type":"EntryPoint","urlTemplate":"https:\/\/sgxx.org\/?s={search_term_string}"},"query-input":{"@type":"PropertyValueSpecification","valueRequired":true,"valueName":"search_term_string"}}],"inLanguage":"es"},{"@type":"Organization","@id":"https:\/\/sgxx.org\/#organization","name":"Sociedade Galega de Xerontolox\u00eda e Xeriatr\u00eda (SGXX)","url":"https:\/\/sgxx.org\/","logo":{"@type":"ImageObject","inLanguage":"es","@id":"https:\/\/sgxx.org\/#\/schema\/logo\/image\/","url":"https:\/\/sgxx.org\/wp-content\/uploads\/2016\/09\/sgxx-logo-1.png","contentUrl":"https:\/\/sgxx.org\/wp-content\/uploads\/2016\/09\/sgxx-logo-1.png","width":200,"height":200,"caption":"Sociedade Galega de Xerontolox\u00eda e Xeriatr\u00eda (SGXX)"},"image":{"@id":"https:\/\/sgxx.org\/#\/schema\/logo\/image\/"},"sameAs":["https:\/\/es-es.facebook.com\/pages\/Sociedade-Galega-Xerontoloxia-e-Xeriatria\/327400652646"]}]}},"_links":{"self":[{"href":"https:\/\/sgxx.org\/es\/wp-json\/wp\/v2\/pages\/7870","targetHints":{"allow":["GET"]}}],"collection":[{"href":"https:\/\/sgxx.org\/es\/wp-json\/wp\/v2\/pages"}],"about":[{"href":"https:\/\/sgxx.org\/es\/wp-json\/wp\/v2\/types\/page"}],"author":[{"embeddable":true,"href":"https:\/\/sgxx.org\/es\/wp-json\/wp\/v2\/users\/6"}],"replies":[{"embeddable":true,"href":"https:\/\/sgxx.org\/es\/wp-json\/wp\/v2\/comments?post=7870"}],"version-history":[{"count":5,"href":"https:\/\/sgxx.org\/es\/wp-json\/wp\/v2\/pages\/7870\/revisions"}],"predecessor-version":[{"id":8855,"href":"https:\/\/sgxx.org\/es\/wp-json\/wp\/v2\/pages\/7870\/revisions\/8855"}],"wp:attachment":[{"href":"https:\/\/sgxx.org\/es\/wp-json\/wp\/v2\/media?parent=7870"}],"curies":[{"name":"wp","href":"https:\/\/api.w.org\/{rel}","templated":true}]}}