{"id":7934,"date":"2024-10-03T19:25:43","date_gmt":"2024-10-03T17:25:43","guid":{"rendered":"https:\/\/sgxx.org\/?page_id=7934"},"modified":"2024-10-03T19:25:43","modified_gmt":"2024-10-03T17:25:43","slug":"oferta-2-auditoria-para-certificacion-de-gastos-de-la-sociedad-gallega-de-gerontologia-y-geriatria-en-proyecto-0280_longsocial_1_e","status":"publish","type":"page","link":"https:\/\/sgxx.org\/es\/perfil-del-contratante\/oferta-2-auditoria-para-certificacion-de-gastos-de-la-sociedad-gallega-de-gerontologia-y-geriatria-en-proyecto-0280_longsocial_1_e\/","title":{"rendered":"OFERTA 2. Auditor\u00eda, para certificaci\u00f3n de gastos de la Sociedad Gallega de Gerontolog\u00eda y Geriatr\u00eda en proyecto 0280_LONGSOCIAL_1_E."},"content":{"rendered":"<div class=\"wpb-content-wrapper\">[vc_row css=\u00bb.vc_custom_1718303951713{margin-top: 30px !important;margin-bottom: 30px !important;}\u00bb][vc_column][vc_row_inner][vc_column_inner width=\u00bb1\/4&#8243;][vc_single_image image=\u00bb7883&#8243; img_size=\u00bb300&#215;300&#8243;][\/vc_column_inner][vc_column_inner width=\u00bb3\/4&#8243;][\/vc_column_inner][\/vc_row_inner][vc_column_text disable_pattern=\u00bbfalse\u00bb css=\u00bb.vc_custom_1719823952525{margin-bottom: 0px !important;}\u00bb]Con motivo de la aprobaci\u00f3n del proyecto \u201c0280_LONGSOCIAL_1_E \u2013 Nuevos retos de longevidad: actuaci\u00f3n transfronteriza de entidades de iniciativa social\u201d, cofinanciado por la Uni\u00f3n Europea a trav\u00e9s del Programa de Cooperaci\u00f3n Interreg VI-A Espa\u00f1a-Portugal (POCTEP), la Sociedad Gallega de Gerontolog\u00eda y Geriatr\u00eda (SGXX) publica las caracter\u00edsticas del servicio, para que los proveedores interesados puedan aportar sus ofertas:<\/p>\n<p><strong>DESCRIPCI\u00d3N DEL SERVICIO:<\/strong><\/p>\n<p>Auditor\u00eda, para certificaci\u00f3n de gastos de la Sociedad Gallega de Gerontolog\u00eda y Geriatr\u00eda en proyecto 0280_LONGSOCIAL_1_E.<\/p>\n<ul>\n<li><span style=\"text-decoration: underline;\">Proyecto:<\/span> 0280_LONGSOCIAL_1_E \u2013 Nuevos retos de longevidad: actuaci\u00f3n transfronteriza de entidades de iniciativa social<\/li>\n<li><span style=\"text-decoration: underline;\">Programa financiaci\u00f3n:<\/span> Poctep<\/li>\n<li><span style=\"text-decoration: underline;\">N\u00famero total de beneficiarios:<\/span> 4<\/li>\n<li><span style=\"text-decoration: underline;\">Presupuesto total de proyecto:<\/span> 215.340,77 euros.<\/li>\n<li><span style=\"text-decoration: underline;\">Presupuesto de la SGXX en proyecto:<\/span> 15.000,00 euros.<\/li>\n<li><span style=\"text-decoration: underline;\">Fecha fin proyecto:<\/span> 31\/12\/2024, m\u00e1s meses posteriores necesarios para cierre proyecto. En caso de que sea necesaria pr\u00f3rroga de proyecto, el servicio debe estar cubierto hasta cierre.<\/li>\n<li><span style=\"text-decoration: underline;\">Cumplimiento del principio de No discriminaci\u00f3n:<\/span> La ejecuci\u00f3n del contrato debe cumplir con el principio de no discriminaci\u00f3n, garantizando la igualdad de trato entre individuos, igualdad de derechos y la dignidad de las personas.\n<ul>\n<li>La oferta debe contener un presupuesto total (IVA incluido), por el servicio descrito.<\/li>\n<\/ul>\n<\/li>\n<\/ul>\n<p><strong>FECHA L\u00cdMITE PARA PRESENTACI\u00d3N DE OFERTAS:<\/strong> 07\/07\/2024<\/p>\n<p>DIRECCI\u00d3N PARA ENV\u00cdO DE OFERTAS: presidente@sgxx.org<\/p>\n<p>PARA M\u00c1S INFORMACI\u00d3N: <a href=\"mailto:presidente@sgxx.org\">presidente@sgxx.org<\/a>; <a href=\"mailto:jfailde@uvigo.es\">jfailde@uvigo.es<\/a>[\/vc_column_text][\/vc_column][\/vc_row]\n<\/div>","protected":false},"excerpt":{"rendered":"<p>[vc_row css=\u00bb.vc_custom_1718303951713{margin-top: 30px !important;margin-bottom: 30px !important;}\u00bb][vc_column][vc_row_inner][vc_column_inner width=\u00bb1\/4&#8243;][vc_single_image image=\u00bb7883&#8243; img_size=\u00bb300&#215;300&#8243;][\/vc_column_inner][vc_column_inner width=\u00bb3\/4&#8243;][\/vc_column_inner][\/vc_row_inner][vc_column_text disable_pattern=\u00bbfalse\u00bb css=\u00bb.vc_custom_1719823952525{margin-bottom: 0px !important;}\u00bb]Con motivo de la aprobaci\u00f3n del proyecto \u201c0280_LONGSOCIAL_1_E \u2013 Nuevos retos de longevidad: actuaci\u00f3n transfronteriza de entidades de iniciativa social\u201d, cofinanciado por la Uni\u00f3n Europea a trav\u00e9s del Programa de Cooperaci\u00f3n Interreg VI-A Espa\u00f1a-Portugal (POCTEP), la Sociedad Gallega de Gerontolog\u00eda y Geriatr\u00eda [&hellip;]<\/p>\n","protected":false},"author":6,"featured_media":0,"parent":7870,"menu_order":0,"comment_status":"closed","ping_status":"closed","template":"","meta":{"footnotes":""},"class_list":["post-7934","page","type-page","status-publish","hentry"],"yoast_head":"<!-- This site is optimized with the Yoast SEO plugin v27.3 - https:\/\/yoast.com\/product\/yoast-seo-wordpress\/ -->\n<title>OFERTA 2. Auditor\u00eda, para certificaci\u00f3n de gastos de la Sociedad Gallega de Gerontolog\u00eda y Geriatr\u00eda en proyecto 0280_LONGSOCIAL_1_E. - SGXX<\/title>\n<meta name=\"robots\" content=\"index, follow, max-snippet:-1, max-image-preview:large, max-video-preview:-1\" \/>\n<link rel=\"canonical\" href=\"https:\/\/sgxx.org\/es\/perfil-del-contratante\/oferta-2-auditoria-para-certificacion-de-gastos-de-la-sociedad-gallega-de-gerontologia-y-geriatria-en-proyecto-0280_longsocial_1_e\/\" \/>\n<meta property=\"og:locale\" content=\"es_ES\" \/>\n<meta property=\"og:type\" content=\"article\" \/>\n<meta property=\"og:title\" content=\"OFERTA 2. Auditor\u00eda, para certificaci\u00f3n de gastos de la Sociedad Gallega de Gerontolog\u00eda y Geriatr\u00eda en proyecto 0280_LONGSOCIAL_1_E. - SGXX\" \/>\n<meta property=\"og:description\" content=\"[vc_row css=\u00bb.vc_custom_1718303951713{margin-top: 30px !important;margin-bottom: 30px !important;}\u00bb][vc_column][vc_row_inner][vc_column_inner width=\u00bb1\/4&#8243;][vc_single_image image=\u00bb7883&#8243; img_size=\u00bb300&#215;300&#8243;][\/vc_column_inner][vc_column_inner width=\u00bb3\/4&#8243;][\/vc_column_inner][\/vc_row_inner][vc_column_text disable_pattern=\u00bbfalse\u00bb css=\u00bb.vc_custom_1719823952525{margin-bottom: 0px !important;}\u00bb]Con motivo de la aprobaci\u00f3n del proyecto \u201c0280_LONGSOCIAL_1_E \u2013 Nuevos retos de longevidad: actuaci\u00f3n transfronteriza de entidades de iniciativa social\u201d, cofinanciado por la Uni\u00f3n Europea a trav\u00e9s del Programa de Cooperaci\u00f3n Interreg VI-A Espa\u00f1a-Portugal (POCTEP), la Sociedad Gallega de Gerontolog\u00eda y Geriatr\u00eda [&hellip;]\" \/>\n<meta property=\"og:url\" content=\"https:\/\/sgxx.org\/es\/perfil-del-contratante\/oferta-2-auditoria-para-certificacion-de-gastos-de-la-sociedad-gallega-de-gerontologia-y-geriatria-en-proyecto-0280_longsocial_1_e\/\" \/>\n<meta property=\"og:site_name\" content=\"SGXX\" \/>\n<meta property=\"article:publisher\" content=\"https:\/\/es-es.facebook.com\/pages\/Sociedade-Galega-Xerontoloxia-e-Xeriatria\/327400652646\" \/>\n<meta name=\"twitter:card\" content=\"summary_large_image\" \/>\n<meta name=\"twitter:label1\" content=\"Tiempo de lectura\" \/>\n\t<meta name=\"twitter:data1\" content=\"2 minutos\" \/>\n<script type=\"application\/ld+json\" class=\"yoast-schema-graph\">{\"@context\":\"https:\\\/\\\/schema.org\",\"@graph\":[{\"@type\":\"WebPage\",\"@id\":\"https:\\\/\\\/sgxx.org\\\/es\\\/perfil-del-contratante\\\/oferta-2-auditoria-para-certificacion-de-gastos-de-la-sociedad-gallega-de-gerontologia-y-geriatria-en-proyecto-0280_longsocial_1_e\\\/\",\"url\":\"https:\\\/\\\/sgxx.org\\\/es\\\/perfil-del-contratante\\\/oferta-2-auditoria-para-certificacion-de-gastos-de-la-sociedad-gallega-de-gerontologia-y-geriatria-en-proyecto-0280_longsocial_1_e\\\/\",\"name\":\"OFERTA 2. Auditor\u00eda, para certificaci\u00f3n de gastos de la Sociedad Gallega de Gerontolog\u00eda y Geriatr\u00eda en proyecto 0280_LONGSOCIAL_1_E. - SGXX\",\"isPartOf\":{\"@id\":\"https:\\\/\\\/sgxx.org\\\/#website\"},\"datePublished\":\"2024-10-03T17:25:43+00:00\",\"breadcrumb\":{\"@id\":\"https:\\\/\\\/sgxx.org\\\/es\\\/perfil-del-contratante\\\/oferta-2-auditoria-para-certificacion-de-gastos-de-la-sociedad-gallega-de-gerontologia-y-geriatria-en-proyecto-0280_longsocial_1_e\\\/#breadcrumb\"},\"inLanguage\":\"es\",\"potentialAction\":[{\"@type\":\"ReadAction\",\"target\":[\"https:\\\/\\\/sgxx.org\\\/es\\\/perfil-del-contratante\\\/oferta-2-auditoria-para-certificacion-de-gastos-de-la-sociedad-gallega-de-gerontologia-y-geriatria-en-proyecto-0280_longsocial_1_e\\\/\"]}]},{\"@type\":\"BreadcrumbList\",\"@id\":\"https:\\\/\\\/sgxx.org\\\/es\\\/perfil-del-contratante\\\/oferta-2-auditoria-para-certificacion-de-gastos-de-la-sociedad-gallega-de-gerontologia-y-geriatria-en-proyecto-0280_longsocial_1_e\\\/#breadcrumb\",\"itemListElement\":[{\"@type\":\"ListItem\",\"position\":1,\"name\":\"Portada\",\"item\":\"https:\\\/\\\/sgxx.org\\\/es\\\/\"},{\"@type\":\"ListItem\",\"position\":2,\"name\":\"Perfil del contratante\",\"item\":\"https:\\\/\\\/sgxx.org\\\/es\\\/perfil-del-contratante\\\/\"},{\"@type\":\"ListItem\",\"position\":3,\"name\":\"OFERTA 2. Auditor\u00eda, para certificaci\u00f3n de gastos de la Sociedad Gallega de Gerontolog\u00eda y Geriatr\u00eda en proyecto 0280_LONGSOCIAL_1_E.\"}]},{\"@type\":\"WebSite\",\"@id\":\"https:\\\/\\\/sgxx.org\\\/#website\",\"url\":\"https:\\\/\\\/sgxx.org\\\/\",\"name\":\"SGXX\",\"description\":\"Web da Sociedade Galega de Xerontolox\u00eda e Xeriatr\u00eda\",\"publisher\":{\"@id\":\"https:\\\/\\\/sgxx.org\\\/#organization\"},\"potentialAction\":[{\"@type\":\"SearchAction\",\"target\":{\"@type\":\"EntryPoint\",\"urlTemplate\":\"https:\\\/\\\/sgxx.org\\\/?s={search_term_string}\"},\"query-input\":{\"@type\":\"PropertyValueSpecification\",\"valueRequired\":true,\"valueName\":\"search_term_string\"}}],\"inLanguage\":\"es\"},{\"@type\":\"Organization\",\"@id\":\"https:\\\/\\\/sgxx.org\\\/#organization\",\"name\":\"Sociedade Galega de Xerontolox\u00eda e Xeriatr\u00eda (SGXX)\",\"url\":\"https:\\\/\\\/sgxx.org\\\/\",\"logo\":{\"@type\":\"ImageObject\",\"inLanguage\":\"es\",\"@id\":\"https:\\\/\\\/sgxx.org\\\/#\\\/schema\\\/logo\\\/image\\\/\",\"url\":\"https:\\\/\\\/sgxx.org\\\/wp-content\\\/uploads\\\/2016\\\/09\\\/sgxx-logo-1.png\",\"contentUrl\":\"https:\\\/\\\/sgxx.org\\\/wp-content\\\/uploads\\\/2016\\\/09\\\/sgxx-logo-1.png\",\"width\":200,\"height\":200,\"caption\":\"Sociedade Galega de Xerontolox\u00eda e Xeriatr\u00eda (SGXX)\"},\"image\":{\"@id\":\"https:\\\/\\\/sgxx.org\\\/#\\\/schema\\\/logo\\\/image\\\/\"},\"sameAs\":[\"https:\\\/\\\/es-es.facebook.com\\\/pages\\\/Sociedade-Galega-Xerontoloxia-e-Xeriatria\\\/327400652646\"]}]}<\/script>\n<!-- \/ Yoast SEO plugin. -->","yoast_head_json":{"title":"OFERTA 2. Auditor\u00eda, para certificaci\u00f3n de gastos de la Sociedad Gallega de Gerontolog\u00eda y Geriatr\u00eda en proyecto 0280_LONGSOCIAL_1_E. - SGXX","robots":{"index":"index","follow":"follow","max-snippet":"max-snippet:-1","max-image-preview":"max-image-preview:large","max-video-preview":"max-video-preview:-1"},"canonical":"https:\/\/sgxx.org\/es\/perfil-del-contratante\/oferta-2-auditoria-para-certificacion-de-gastos-de-la-sociedad-gallega-de-gerontologia-y-geriatria-en-proyecto-0280_longsocial_1_e\/","og_locale":"es_ES","og_type":"article","og_title":"OFERTA 2. Auditor\u00eda, para certificaci\u00f3n de gastos de la Sociedad Gallega de Gerontolog\u00eda y Geriatr\u00eda en proyecto 0280_LONGSOCIAL_1_E. - SGXX","og_description":"[vc_row css=\u00bb.vc_custom_1718303951713{margin-top: 30px !important;margin-bottom: 30px !important;}\u00bb][vc_column][vc_row_inner][vc_column_inner width=\u00bb1\/4&#8243;][vc_single_image image=\u00bb7883&#8243; img_size=\u00bb300&#215;300&#8243;][\/vc_column_inner][vc_column_inner width=\u00bb3\/4&#8243;][\/vc_column_inner][\/vc_row_inner][vc_column_text disable_pattern=\u00bbfalse\u00bb css=\u00bb.vc_custom_1719823952525{margin-bottom: 0px !important;}\u00bb]Con motivo de la aprobaci\u00f3n del proyecto \u201c0280_LONGSOCIAL_1_E \u2013 Nuevos retos de longevidad: actuaci\u00f3n transfronteriza de entidades de iniciativa social\u201d, cofinanciado por la Uni\u00f3n Europea a trav\u00e9s del Programa de Cooperaci\u00f3n Interreg VI-A Espa\u00f1a-Portugal (POCTEP), la Sociedad Gallega de Gerontolog\u00eda y Geriatr\u00eda [&hellip;]","og_url":"https:\/\/sgxx.org\/es\/perfil-del-contratante\/oferta-2-auditoria-para-certificacion-de-gastos-de-la-sociedad-gallega-de-gerontologia-y-geriatria-en-proyecto-0280_longsocial_1_e\/","og_site_name":"SGXX","article_publisher":"https:\/\/es-es.facebook.com\/pages\/Sociedade-Galega-Xerontoloxia-e-Xeriatria\/327400652646","twitter_card":"summary_large_image","twitter_misc":{"Tiempo de lectura":"2 minutos"},"schema":{"@context":"https:\/\/schema.org","@graph":[{"@type":"WebPage","@id":"https:\/\/sgxx.org\/es\/perfil-del-contratante\/oferta-2-auditoria-para-certificacion-de-gastos-de-la-sociedad-gallega-de-gerontologia-y-geriatria-en-proyecto-0280_longsocial_1_e\/","url":"https:\/\/sgxx.org\/es\/perfil-del-contratante\/oferta-2-auditoria-para-certificacion-de-gastos-de-la-sociedad-gallega-de-gerontologia-y-geriatria-en-proyecto-0280_longsocial_1_e\/","name":"OFERTA 2. Auditor\u00eda, para certificaci\u00f3n de gastos de la Sociedad Gallega de Gerontolog\u00eda y Geriatr\u00eda en proyecto 0280_LONGSOCIAL_1_E. - SGXX","isPartOf":{"@id":"https:\/\/sgxx.org\/#website"},"datePublished":"2024-10-03T17:25:43+00:00","breadcrumb":{"@id":"https:\/\/sgxx.org\/es\/perfil-del-contratante\/oferta-2-auditoria-para-certificacion-de-gastos-de-la-sociedad-gallega-de-gerontologia-y-geriatria-en-proyecto-0280_longsocial_1_e\/#breadcrumb"},"inLanguage":"es","potentialAction":[{"@type":"ReadAction","target":["https:\/\/sgxx.org\/es\/perfil-del-contratante\/oferta-2-auditoria-para-certificacion-de-gastos-de-la-sociedad-gallega-de-gerontologia-y-geriatria-en-proyecto-0280_longsocial_1_e\/"]}]},{"@type":"BreadcrumbList","@id":"https:\/\/sgxx.org\/es\/perfil-del-contratante\/oferta-2-auditoria-para-certificacion-de-gastos-de-la-sociedad-gallega-de-gerontologia-y-geriatria-en-proyecto-0280_longsocial_1_e\/#breadcrumb","itemListElement":[{"@type":"ListItem","position":1,"name":"Portada","item":"https:\/\/sgxx.org\/es\/"},{"@type":"ListItem","position":2,"name":"Perfil del contratante","item":"https:\/\/sgxx.org\/es\/perfil-del-contratante\/"},{"@type":"ListItem","position":3,"name":"OFERTA 2. Auditor\u00eda, para certificaci\u00f3n de gastos de la Sociedad Gallega de Gerontolog\u00eda y Geriatr\u00eda en proyecto 0280_LONGSOCIAL_1_E."}]},{"@type":"WebSite","@id":"https:\/\/sgxx.org\/#website","url":"https:\/\/sgxx.org\/","name":"SGXX","description":"Web da Sociedade Galega de Xerontolox\u00eda e Xeriatr\u00eda","publisher":{"@id":"https:\/\/sgxx.org\/#organization"},"potentialAction":[{"@type":"SearchAction","target":{"@type":"EntryPoint","urlTemplate":"https:\/\/sgxx.org\/?s={search_term_string}"},"query-input":{"@type":"PropertyValueSpecification","valueRequired":true,"valueName":"search_term_string"}}],"inLanguage":"es"},{"@type":"Organization","@id":"https:\/\/sgxx.org\/#organization","name":"Sociedade Galega de Xerontolox\u00eda e Xeriatr\u00eda (SGXX)","url":"https:\/\/sgxx.org\/","logo":{"@type":"ImageObject","inLanguage":"es","@id":"https:\/\/sgxx.org\/#\/schema\/logo\/image\/","url":"https:\/\/sgxx.org\/wp-content\/uploads\/2016\/09\/sgxx-logo-1.png","contentUrl":"https:\/\/sgxx.org\/wp-content\/uploads\/2016\/09\/sgxx-logo-1.png","width":200,"height":200,"caption":"Sociedade Galega de Xerontolox\u00eda e Xeriatr\u00eda (SGXX)"},"image":{"@id":"https:\/\/sgxx.org\/#\/schema\/logo\/image\/"},"sameAs":["https:\/\/es-es.facebook.com\/pages\/Sociedade-Galega-Xerontoloxia-e-Xeriatria\/327400652646"]}]}},"_links":{"self":[{"href":"https:\/\/sgxx.org\/es\/wp-json\/wp\/v2\/pages\/7934","targetHints":{"allow":["GET"]}}],"collection":[{"href":"https:\/\/sgxx.org\/es\/wp-json\/wp\/v2\/pages"}],"about":[{"href":"https:\/\/sgxx.org\/es\/wp-json\/wp\/v2\/types\/page"}],"author":[{"embeddable":true,"href":"https:\/\/sgxx.org\/es\/wp-json\/wp\/v2\/users\/6"}],"replies":[{"embeddable":true,"href":"https:\/\/sgxx.org\/es\/wp-json\/wp\/v2\/comments?post=7934"}],"version-history":[{"count":3,"href":"https:\/\/sgxx.org\/es\/wp-json\/wp\/v2\/pages\/7934\/revisions"}],"predecessor-version":[{"id":7950,"href":"https:\/\/sgxx.org\/es\/wp-json\/wp\/v2\/pages\/7934\/revisions\/7950"}],"up":[{"embeddable":true,"href":"https:\/\/sgxx.org\/es\/wp-json\/wp\/v2\/pages\/7870"}],"wp:attachment":[{"href":"https:\/\/sgxx.org\/es\/wp-json\/wp\/v2\/media?parent=7934"}],"curies":[{"name":"wp","href":"https:\/\/api.w.org\/{rel}","templated":true}]}}