{"id":8051,"date":"2018-01-10T11:35:49","date_gmt":"2018-01-10T10:35:49","guid":{"rendered":"https:\/\/sgxx.org\/publicacions\/"},"modified":"2026-04-09T10:11:27","modified_gmt":"2026-04-09T08:11:27","slug":"publicacions","status":"publish","type":"page","link":"https:\/\/sgxx.org\/es\/publicacions\/","title":{"rendered":"Publicaciones propias"},"content":{"rendered":"<div class=\"wpb-content-wrapper\">[vc_row][vc_column][vc_empty_space height=\u00bb50px\u00bb][vc_row_inner][vc_column_inner width=\u00bb1\/3&#8243;][vc_single_image image=\u00bb8912&#8243; img_size=\u00bbfull\u00bb alignment=\u00bbcenter\u00bb css=\u00bb\u00bb][vc_column_text disable_pattern=\u00bbfalse\u00bb align=\u00bbcenter\u00bb css=\u00bb.vc_custom_1775721477372{margin-bottom: 0px !important;}\u00bb]\n<p style=\"text-align: center;\"><strong data-start=\"39\" data-end=\"51\">Idiomas:<\/strong> espa\u00f1ol, portugu\u00e9s e ingl\u00e9s<br data-start=\"71\" data-end=\"74\"> <strong data-start=\"74\" data-end=\"82\" data-is-only-node=\"\">A\u00f1o:<\/strong> 2026<br data-start=\"87\" data-end=\"90\"> <strong data-start=\"90\" data-end=\"102\">P\u00e1ginas:<\/strong> 241<\/p>\n[\/vc_column_text][vc_btn title=\u00bbDescargar (PDF)\u00bb style=\u00bbflat\u00bb shape=\u00bbsquare\u00bb color=\u00bbprimary\u00bb align=\u00bbcenter\u00bb css=\u00bb\u00bb link=\u00bburl:https%3A%2F%2Fsgxx.org%2Fdocs%2Fpublicaciones-propias%2Fsgxx-sociedad-de-la-longevidad-salud-bienestar-y-etica-para-un-futuro-inclusivo.pdf|title:Descarga%20-%20Sociedad%20de%20la%20longevidad%3A%20Salud%2C%20Bienestar%20y%20%C3%89tica%20para%20un%20Futuro%20Inclusivo|target:_blank|\u00bb el_class=\u00bbboton-uno\u00bb][\/vc_column_inner][vc_column_inner width=\u00bb1\/3&#8243;][vc_single_image image=\u00bb8338&#8243; img_size=\u00bbfull\u00bb alignment=\u00bbcenter\u00bb css=\u00bb\u00bb][vc_column_text disable_pattern=\u00bbfalse\u00bb align=\u00bbcenter\u00bb css=\u00bb.vc_custom_1747650704797{margin-bottom: 0px !important;}\u00bb]\n<p style=\"text-align: center;\"><strong data-start=\"39\" data-end=\"51\">Idiomas:<\/strong> espa\u00f1ol y portugu\u00e9s<br data-start=\"71\" data-end=\"74\"> <strong data-start=\"74\" data-end=\"82\" data-is-only-node=\"\">A\u00f1o:<\/strong> 2025<br data-start=\"87\" data-end=\"90\"> <strong data-start=\"90\" data-end=\"102\">P\u00e1ginas:<\/strong> 186<\/p>\n[\/vc_column_text][vc_btn title=\u00bbDescargar (PDF)\u00bb style=\u00bbflat\u00bb shape=\u00bbsquare\u00bb color=\u00bbprimary\u00bb align=\u00bbcenter\u00bb css=\u00bb\u00bb link=\u00bburl:https%3A%2F%2Fsgxx.org%2Fdocs%2Fpublicaciones-propias%2Fsgxx-hacia-una-sociedad-longeva-reflexiones-desde-la-geriatria-y-la-gerontologia.pdf|title:Descarga%20-%20Hacia%20una%20sociedad%20longeva%20reflexiones%20desde%20la%20geriatr%C3%ADa%20y%20la%20gerontolog%C3%ADa|target:_blank|\u00bb el_class=\u00bbboton-uno\u00bb][\/vc_column_inner][vc_column_inner width=\u00bb1\/3&#8243;][vc_single_image image=\u00bb8340&#8243; img_size=\u00bbfull\u00bb alignment=\u00bbcenter\u00bb css=\u00bb\u00bb][vc_column_text disable_pattern=\u00bbfalse\u00bb align=\u00bbcenter\u00bb css=\u00bb.vc_custom_1747650777821{margin-bottom: 0px !important;}\u00bb]\n<p style=\"text-align: center;\"><strong data-start=\"33\" data-end=\"45\">Idiomas:<\/strong> espa\u00f1ol<br data-start=\"53\" data-end=\"56\"><strong data-start=\"56\" data-end=\"64\" data-is-only-node=\"\">A\u00f1o:<\/strong> 2024<br data-start=\"69\" data-end=\"72\"><strong data-start=\"72\" data-end=\"84\">P\u00e1ginas:<\/strong> 11<\/p>\n[\/vc_column_text][vc_btn title=\u00bbDescargar (PDF)\u00bb style=\u00bbflat\u00bb shape=\u00bbsquare\u00bb color=\u00bbprimary\u00bb align=\u00bbcenter\u00bb css=\u00bb\u00bb link=\u00bburl:https%3A%2F%2Fsgxx.org%2Fdocs%2Fpublicaciones-propias%2Fsgxx-informe-comites-eticos-sobre-investigacion-sociosanitaria-en-galicia.pdf|title:Descarga%20-%20Informe%20comit%C3%A9s%20%C3%A9ticos%20sobre%20investigaci%C3%B3n%20sociosanitaria%20en%20galicia|target:_blank|\u00bb el_class=\u00bbboton-uno\u00bb][\/vc_column_inner][\/vc_row_inner][vc_empty_space height=\u00bb50px\u00bb][vc_row_inner][vc_column_inner width=\u00bb1\/3&#8243;][vc_single_image image=\u00bb8035&#8243; img_size=\u00bbfull\u00bb alignment=\u00bbcenter\u00bb css=\u00bb\u00bb][vc_column_text disable_pattern=\u00bbfalse\u00bb align=\u00bbcenter\u00bb css=\u00bb.vc_custom_1747650901224{margin-bottom: 0px !important;}\u00bb]\n<p style=\"text-align: center;\"><strong data-start=\"34\" data-end=\"46\">Idiomas:<\/strong> espa\u00f1ol y gallego<br data-start=\"63\" data-end=\"66\"> <strong data-start=\"66\" data-end=\"74\" data-is-only-node=\"\">A\u00f1o:<\/strong> 2024<br data-start=\"79\" data-end=\"82\"> <strong data-start=\"82\" data-end=\"94\">P\u00e1ginas:<\/strong> 216<\/p>\n[\/vc_column_text][vc_btn title=\u00bbDescargar (PDF)\u00bb style=\u00bbflat\u00bb shape=\u00bbsquare\u00bb color=\u00bbprimary\u00bb align=\u00bbcenter\u00bb css=\u00bb\u00bb link=\u00bburl:https%3A%2F%2Fsgxx.org%2Fdocs%2Fpublicaciones-propias%2FSGXX&#8212;Libro-Soledad_aislamiento_social_y_otros_temas.pdf|title:Descarga%20-%2032%20CONGRESO%20INTERNACIONAL%20DE%20XERIATR%C3%8DA%20Y%20XERONTOLOX%C3%8DA.%20LIBRO%20DE%20RELATORIOS|target:_blank|\u00bb el_class=\u00bbboton-uno\u00bb][\/vc_column_inner][vc_column_inner width=\u00bb1\/3&#8243;][vc_single_image image=\u00bb8042&#8243; img_size=\u00bbfull\u00bb alignment=\u00bbcenter\u00bb css=\u00bb\u00bb][vc_column_text disable_pattern=\u00bbfalse\u00bb align=\u00bbcenter\u00bb css=\u00bb.vc_custom_1747650955626{margin-bottom: 0px !important;}\u00bb]\n<p style=\"text-align: center;\"><strong data-start=\"23\" data-end=\"35\">Idiomas:<\/strong> espa\u00f1ol y portugu\u00e9s<br data-start=\"55\" data-end=\"58\"> <strong data-start=\"58\" data-end=\"66\" data-is-only-node=\"\">A\u00f1o:<\/strong> 2023<br data-start=\"71\" data-end=\"74\"> <strong data-start=\"74\" data-end=\"86\">P\u00e1ginas:<\/strong> 118<\/p>\n[\/vc_column_text][vc_btn title=\u00bbDescargar (PDF)\u00bb style=\u00bbflat\u00bb shape=\u00bbsquare\u00bb color=\u00bbprimary\u00bb align=\u00bbcenter\u00bb css=\u00bb\u00bb link=\u00bburl:https%3A%2F%2Fsgxx.org%2Fdocs%2Fpublicaciones-propias%2F32-Congreso-SGXX-Libro-Actas.pdf|title:Descarga%20-%2032%20CONGRESO%20INTERNACIONAL%20DE%20XERIATR%C3%8DA%20Y%20XERONTOLOX%C3%8DA.%20LIBRO%20DE%20RELATORIOS|target:_blank|\u00bb el_class=\u00bbboton-uno\u00bb][\/vc_column_inner][vc_column_inner width=\u00bb1\/3&#8243;][vc_single_image image=\u00bb8365&#8243; img_size=\u00bbfull\u00bb alignment=\u00bbcenter\u00bb css=\u00bb\u00bb][vc_column_text disable_pattern=\u00bbfalse\u00bb align=\u00bbcenter\u00bb css=\u00bb.vc_custom_1747651019197{margin-bottom: 0px !important;}\u00bb]\n<p style=\"text-align: center;\"><strong data-start=\"33\" data-end=\"45\">Idiomas:<\/strong> espa\u00f1ol y portugu\u00e9s<br data-start=\"65\" data-end=\"68\"> <strong data-start=\"68\" data-end=\"76\" data-is-only-node=\"\">A\u00f1o:<\/strong> 2019<br data-start=\"81\" data-end=\"84\"> <strong data-start=\"84\" data-end=\"96\">P\u00e1ginas:<\/strong> 202<\/p>\n[\/vc_column_text][vc_btn title=\u00bbDescargar (PDF)\u00bb style=\u00bbflat\u00bb shape=\u00bbsquare\u00bb color=\u00bbprimary\u00bb align=\u00bbcenter\u00bb css=\u00bb\u00bb link=\u00bburl:https%3A%2F%2Fsgxx.org%2Fdocs%2Fpublicaciones-propias%2F31-Congreso-SGXX-Libro-Actas.pdf|title:Descarga%20-%2031%20CONGRESO%20INTERNACIONAL%20DE%20XERIATR%C3%8DA%20Y%20XERONTOLOX%C3%8DA.%20LIBRO%20DE%20RELATORIOS|target:_blank|\u00bb el_class=\u00bbboton-uno\u00bb][\/vc_column_inner][\/vc_row_inner][vc_empty_space height=\u00bb50px\u00bb][vc_row_inner][vc_column_inner width=\u00bb1\/3&#8243;][vc_single_image image=\u00bb8368&#8243; img_size=\u00bbfull\u00bb alignment=\u00bbcenter\u00bb css=\u00bb\u00bb][vc_column_text disable_pattern=\u00bbfalse\u00bb align=\u00bbcenter\u00bb css=\u00bb.vc_custom_1747651089027{margin-bottom: 0px !important;}\u00bb]\n<p style=\"text-align: center;\"><strong data-start=\"24\" data-end=\"36\">Idiomas:<\/strong> espa\u00f1ol y portugu\u00e9s<br data-start=\"56\" data-end=\"59\"> <strong data-start=\"59\" data-end=\"67\" data-is-only-node=\"\">A\u00f1o:<\/strong> 2018<br data-start=\"72\" data-end=\"75\"> <strong data-start=\"75\" data-end=\"87\">P\u00e1ginas:<\/strong> 98<\/p>\n[\/vc_column_text][vc_btn title=\u00bbDescargar (PDF)\u00bb style=\u00bbflat\u00bb shape=\u00bbsquare\u00bb color=\u00bbprimary\u00bb align=\u00bbcenter\u00bb css=\u00bb\u00bb link=\u00bburl:https%3A%2F%2Fsgxx.org%2Fdocs%2Fpublicaciones-propias%2FXXX-Congreso-SGXX-Libro-Actas.pdf|title:Descarga%20-%20XXX%20CONGRESO%20INTERNACIONAL%20DE%20XERIATR%C3%8DA%20Y%20XERONTOLOX%C3%8DA.%20LIBRO%20DE%20RELATORIOS|target:_blank|\u00bb el_class=\u00bbboton-uno\u00bb][\/vc_column_inner][vc_column_inner width=\u00bb1\/3&#8243;][vc_single_image image=\u00bb247&#8243; img_size=\u00bbfull\u00bb alignment=\u00bbcenter\u00bb][vc_column_text disable_pattern=\u00bbfalse\u00bb align=\u00bbcenter\u00bb css=\u00bb.vc_custom_1747651144750{margin-bottom: 0px !important;}\u00bb]\n<p style=\"text-align: center;\"><strong data-start=\"34\" data-end=\"46\">Idiomas:<\/strong> espa\u00f1ol, ingl\u00e9s y gallego<br data-start=\"71\" data-end=\"74\"> <strong data-start=\"74\" data-end=\"82\" data-is-only-node=\"\">A\u00f1o:<\/strong> 2014<br data-start=\"87\" data-end=\"90\"> <strong data-start=\"90\" data-end=\"102\">P\u00e1ginas:<\/strong> 190<\/p>\n[\/vc_column_text][vc_btn title=\u00bbDescargar (PDF)\u00bb style=\u00bbflat\u00bb shape=\u00bbsquare\u00bb color=\u00bbprimary\u00bb align=\u00bbcenter\u00bb css=\u00bb\u00bb link=\u00bburl:https%3A%2F%2Fsgxx.org%2Fdocs%2Fpublicaciones-propias%2FXXVI-Congreso-SGXX-Libro-Actas.pdf|title:Descarga%20-%20XXVI%20CONGRESO%20INTERNACIONAL%20DE%20XERIATR%C3%8DA%20Y%20XERONTOLOX%C3%8DA.%20LIBRO%20DE%20RELATORIOS|target:_blank|\u00bb el_class=\u00bbboton-uno\u00bb][\/vc_column_inner][vc_column_inner width=\u00bb1\/3&#8243;][vc_single_image image=\u00bb248&#8243; img_size=\u00bbfull\u00bb alignment=\u00bbcenter\u00bb][vc_column_text disable_pattern=\u00bbfalse\u00bb align=\u00bbcenter\u00bb css=\u00bb.vc_custom_1747651195476{margin-bottom: 0px !important;}\u00bb]\n<p style=\"text-align: center;\"><strong data-start=\"33\" data-end=\"45\">Idiomas:<\/strong> espa\u00f1ol, portugu\u00e9s y gallego<br data-start=\"73\" data-end=\"76\"> <strong data-start=\"76\" data-end=\"84\" data-is-only-node=\"\">A\u00f1o:<\/strong> 2013<br data-start=\"89\" data-end=\"92\"> <strong data-start=\"92\" data-end=\"104\">P\u00e1ginas:<\/strong> 260<\/p>\n[\/vc_column_text][vc_btn title=\u00bbDescargar (PDF)\u00bb style=\u00bbflat\u00bb shape=\u00bbsquare\u00bb color=\u00bbprimary\u00bb align=\u00bbcenter\u00bb css=\u00bb\u00bb link=\u00bburl:https%3A%2F%2Fsgxx.org%2Fdocs%2Fpublicaciones-propias%2FXXV-Congreso-SGXX-Libro-Actas.pdf|title:Descarga%20-%20XXV%20CONGRESO%20INTERNACIONAL%20DE%20XERIATR%C3%8DA%20Y%20XERONTOLOX%C3%8DA.%20LIBRO%20DE%20RELATORIOS|target:_blank|\u00bb el_class=\u00bbboton-uno\u00bb][\/vc_column_inner][\/vc_row_inner][vc_empty_space][vc_row_inner][vc_column_inner width=\u00bb1\/3&#8243;][vc_single_image image=\u00bb2793&#8243; img_size=\u00bbfull\u00bb alignment=\u00bbcenter\u00bb][vc_column_text disable_pattern=\u00bbfalse\u00bb align=\u00bbcenter\u00bb css=\u00bb.vc_custom_1747651243648{margin-bottom: 0px !important;}\u00bb]\n<p style=\"text-align: center;\"><strong data-start=\"34\" data-end=\"46\">Idiomas:<\/strong> espa\u00f1ol<br data-start=\"54\" data-end=\"57\"> <strong data-start=\"57\" data-end=\"65\" data-is-only-node=\"\">A\u00f1o:<\/strong> 2020<br data-start=\"70\" data-end=\"73\"> <strong data-start=\"73\" data-end=\"85\">P\u00e1ginas:<\/strong> 28<\/p>\n[\/vc_column_text][vc_btn title=\u00bbDescargar (PDF)\u00bb style=\u00bbflat\u00bb shape=\u00bbsquare\u00bb color=\u00bbprimary\u00bb align=\u00bbcenter\u00bb css=\u00bb\u00bb link=\u00bburl:https%3A%2F%2Fsgxx.org%2Fwp-content%2Fuploads%2F2017%2F06%2FManualConsenso-1.pdf|target:%20_blank|\u00bb el_class=\u00bbboton-uno\u00bb][\/vc_column_inner][vc_column_inner width=\u00bb1\/3&#8243;][vc_single_image image=\u00bb2795&#8243; img_size=\u00bbfull\u00bb alignment=\u00bbcenter\u00bb][vc_column_text disable_pattern=\u00bbfalse\u00bb align=\u00bbcenter\u00bb css=\u00bb.vc_custom_1747651297664{margin-bottom: 0px !important;}\u00bb]\n<p style=\"text-align: center;\"><strong data-start=\"34\" data-end=\"46\">Idiomas:<\/strong> gallego<br data-start=\"53\" data-end=\"56\"> <strong data-start=\"56\" data-end=\"68\" data-is-only-node=\"\">P\u00e1ginas:<\/strong> 3<\/p>\n[\/vc_column_text][vc_btn title=\u00bbDescargar (PDF)\u00bb style=\u00bbflat\u00bb shape=\u00bbsquare\u00bb color=\u00bbprimary\u00bb align=\u00bbcenter\u00bb css=\u00bb\u00bb link=\u00bburl:https%3A%2F%2Fsgxx.org%2Fdocs%2Fdocumentacion%2Fcompetencias-das-enfermeiras-na-atencion-xerontoloxica.pdf|target:%20_blank|\u00bb el_class=\u00bbboton-uno\u00bb][\/vc_column_inner][vc_column_inner width=\u00bb1\/3&#8243;][vc_single_image image=\u00bb8055&#8243; img_size=\u00bbfull\u00bb alignment=\u00bbcenter\u00bb css=\u00bb\u00bb][vc_column_text disable_pattern=\u00bbfalse\u00bb align=\u00bbcenter\u00bb css=\u00bb.vc_custom_1747651332884{margin-bottom: 0px !important;}\u00bb]\n<p style=\"text-align: center;\"><strong data-start=\"34\" data-end=\"46\">Idiomas:<\/strong> espa\u00f1ol<br data-start=\"54\" data-end=\"57\"> <strong data-start=\"57\" data-end=\"65\" data-is-only-node=\"\">A\u00f1o:<\/strong> 2020<br data-start=\"70\" data-end=\"73\"> <strong data-start=\"73\" data-end=\"85\">P\u00e1ginas:<\/strong> 28<\/p>\n[\/vc_column_text][vc_btn title=\u00bbDescargar (PDF)\u00bb style=\u00bbflat\u00bb shape=\u00bbsquare\u00bb color=\u00bbprimary\u00bb align=\u00bbcenter\u00bb css=\u00bb\u00bb link=\u00bburl:https%3A%2F%2Fsgxx.org%2Fdocs%2Fpublicaciones-propias%2FDirectrices-intervencion-psicologica-centros-COVID-19.pdf|title:Descarga%20-%20Directrices%20para%20la%20intervenci%C3%B3n%20psicol%C3%B3gica%20en%20centros%20gerontol%C3%B3gicos%20con%20pacientes%20afectaDos%20por%20CoVID-19|target:_blank|\u00bb el_class=\u00bbboton-uno\u00bb][\/vc_column_inner][\/vc_row_inner][vc_empty_space][vc_row_inner][vc_column_inner width=\u00bb1\/3&#8243;][vc_single_image image=\u00bb255&#8243; img_size=\u00bbfull\u00bb alignment=\u00bbcenter\u00bb][vc_column_text disable_pattern=\u00bbfalse\u00bb align=\u00bbcenter\u00bb css=\u00bb.vc_custom_1726771431212{margin-bottom: 0px !important;}\u00bb]\n<h4>Vivir y ser vivido<\/h4>\n<p>Agotado[\/vc_column_text][\/vc_column_inner][vc_column_inner width=\u00bb1\/3&#8243;][vc_single_image image=\u00bb256&#8243; img_size=\u00bbfull\u00bb alignment=\u00bbcenter\u00bb][vc_column_text disable_pattern=\u00bbfalse\u00bb align=\u00bbcenter\u00bb css=\u00bb.vc_custom_1726771446948{margin-bottom: 0px !important;}\u00bb]\n<h4>\u00c1lbum de fotos de ancianos gallegos<\/h4>\n<p>Agotado[\/vc_column_text][\/vc_column_inner][vc_column_inner width=\u00bb1\/3&#8243;][vc_single_image image=\u00bb257&#8243; img_size=\u00bbfull\u00bb alignment=\u00bbcenter\u00bb][vc_column_text disable_pattern=\u00bbfalse\u00bb align=\u00bbcenter\u00bb css=\u00bb.vc_custom_1726771466687{margin-bottom: 0px !important;}\u00bb]\n<h4>Atenci\u00f3n m\u00e9dica en centros de salud social<\/h4>\n<p>Agotado[\/vc_column_text][\/vc_column_inner][\/vc_row_inner][vc_empty_space][\/vc_column][\/vc_row]\n<\/div>","protected":false},"excerpt":{"rendered":"<p>[vc_row][vc_column][vc_empty_space height=\u00bb50px\u00bb][vc_row_inner][vc_column_inner width=\u00bb1\/3&#8243;][vc_single_image image=\u00bb8912&#8243; img_size=\u00bbfull\u00bb alignment=\u00bbcenter\u00bb css=\u00bb\u00bb][vc_column_text disable_pattern=\u00bbfalse\u00bb align=\u00bbcenter\u00bb css=\u00bb.vc_custom_1775721477372{margin-bottom: 0px !important;}\u00bb] Idiomas: espa\u00f1ol, portugu\u00e9s e ingl\u00e9s A\u00f1o: 2026 P\u00e1ginas: 241 [\/vc_column_text][vc_btn title=\u00bbDescargar (PDF)\u00bb style=\u00bbflat\u00bb shape=\u00bbsquare\u00bb color=\u00bbprimary\u00bb align=\u00bbcenter\u00bb css=\u00bb\u00bb link=\u00bburl:https%3A%2F%2Fsgxx.org%2Fdocs%2Fpublicaciones-propias%2Fsgxx-sociedad-de-la-longevidad-salud-bienestar-y-etica-para-un-futuro-inclusivo.pdf|title:Descarga%20-%20Sociedad%20de%20la%20longevidad%3A%20Salud%2C%20Bienestar%20y%20%C3%89tica%20para%20un%20Futuro%20Inclusivo|target:_blank|\u00bb el_class=\u00bbboton-uno\u00bb][\/vc_column_inner][vc_column_inner width=\u00bb1\/3&#8243;][vc_single_image image=\u00bb8338&#8243; img_size=\u00bbfull\u00bb alignment=\u00bbcenter\u00bb css=\u00bb\u00bb][vc_column_text disable_pattern=\u00bbfalse\u00bb align=\u00bbcenter\u00bb css=\u00bb.vc_custom_1747650704797{margin-bottom: 0px !important;}\u00bb] Idiomas: espa\u00f1ol y portugu\u00e9s A\u00f1o: 2025 P\u00e1ginas: 186 [\/vc_column_text][vc_btn title=\u00bbDescargar (PDF)\u00bb style=\u00bbflat\u00bb shape=\u00bbsquare\u00bb color=\u00bbprimary\u00bb [&hellip;]<\/p>\n","protected":false},"author":6,"featured_media":7095,"parent":0,"menu_order":0,"comment_status":"closed","ping_status":"closed","template":"","meta":{"footnotes":""},"class_list":["post-8051","page","type-page","status-publish","has-post-thumbnail","hentry"],"yoast_head":"<!-- This site is optimized with the Yoast SEO plugin v26.9 - https:\/\/yoast.com\/product\/yoast-seo-wordpress\/ -->\n<title>Publicaciones de la Sociedade Galega de Xerontolox\u00eda e Xeriatr\u00eda<\/title>\n<meta name=\"description\" content=\"La SGXX tiene entre sus fines fomentar el estudio y la investigaci\u00f3n as\u00ed como promover iniciativas que mejoren la calidad de vida de los mayores.\" \/>\n<meta name=\"robots\" content=\"index, follow, max-snippet:-1, max-image-preview:large, max-video-preview:-1\" \/>\n<link rel=\"canonical\" href=\"https:\/\/sgxx.org\/es\/publicacions\/\" \/>\n<meta property=\"og:locale\" content=\"es_ES\" \/>\n<meta property=\"og:type\" content=\"article\" \/>\n<meta property=\"og:title\" content=\"Publicaciones de la Sociedade Galega de Xerontolox\u00eda e Xeriatr\u00eda\" \/>\n<meta property=\"og:description\" content=\"La SGXX tiene entre sus fines fomentar el estudio y la investigaci\u00f3n as\u00ed como promover iniciativas que mejoren la calidad de vida de los mayores.\" \/>\n<meta property=\"og:url\" content=\"https:\/\/sgxx.org\/es\/publicacions\/\" \/>\n<meta property=\"og:site_name\" content=\"SGXX\" \/>\n<meta property=\"article:publisher\" content=\"https:\/\/es-es.facebook.com\/pages\/Sociedade-Galega-Xerontoloxia-e-Xeriatria\/327400652646\" \/>\n<meta property=\"article:modified_time\" content=\"2026-04-09T08:11:27+00:00\" \/>\n<meta property=\"og:image\" content=\"https:\/\/sgxx.org\/wp-content\/uploads\/2022\/10\/sgxx-31-congreso-libro-ponencias.jpg\" \/>\n\t<meta property=\"og:image:width\" content=\"700\" \/>\n\t<meta property=\"og:image:height\" content=\"700\" \/>\n\t<meta property=\"og:image:type\" content=\"image\/jpeg\" \/>\n<meta name=\"twitter:card\" content=\"summary_large_image\" \/>\n<meta name=\"twitter:label1\" content=\"Tiempo de lectura\" \/>\n\t<meta name=\"twitter:data1\" content=\"2 minutos\" \/>\n<script type=\"application\/ld+json\" class=\"yoast-schema-graph\">{\"@context\":\"https:\/\/schema.org\",\"@graph\":[{\"@type\":\"WebPage\",\"@id\":\"https:\/\/sgxx.org\/es\/publicacions\/\",\"url\":\"https:\/\/sgxx.org\/es\/publicacions\/\",\"name\":\"Publicaciones de la Sociedade Galega de Xerontolox\u00eda e Xeriatr\u00eda\",\"isPartOf\":{\"@id\":\"https:\/\/sgxx.org\/#website\"},\"primaryImageOfPage\":{\"@id\":\"https:\/\/sgxx.org\/es\/publicacions\/#primaryimage\"},\"image\":{\"@id\":\"https:\/\/sgxx.org\/es\/publicacions\/#primaryimage\"},\"thumbnailUrl\":\"https:\/\/sgxx.org\/wp-content\/uploads\/2022\/10\/sgxx-31-congreso-libro-ponencias.jpg\",\"datePublished\":\"2018-01-10T10:35:49+00:00\",\"dateModified\":\"2026-04-09T08:11:27+00:00\",\"description\":\"La SGXX tiene entre sus fines fomentar el estudio y la investigaci\u00f3n as\u00ed como promover iniciativas que mejoren la calidad de vida de los mayores.\",\"breadcrumb\":{\"@id\":\"https:\/\/sgxx.org\/es\/publicacions\/#breadcrumb\"},\"inLanguage\":\"es\",\"potentialAction\":[{\"@type\":\"ReadAction\",\"target\":[\"https:\/\/sgxx.org\/es\/publicacions\/\"]}]},{\"@type\":\"ImageObject\",\"inLanguage\":\"es\",\"@id\":\"https:\/\/sgxx.org\/es\/publicacions\/#primaryimage\",\"url\":\"https:\/\/sgxx.org\/wp-content\/uploads\/2022\/10\/sgxx-31-congreso-libro-ponencias.jpg\",\"contentUrl\":\"https:\/\/sgxx.org\/wp-content\/uploads\/2022\/10\/sgxx-31-congreso-libro-ponencias.jpg\",\"width\":700,\"height\":700},{\"@type\":\"BreadcrumbList\",\"@id\":\"https:\/\/sgxx.org\/es\/publicacions\/#breadcrumb\",\"itemListElement\":[{\"@type\":\"ListItem\",\"position\":1,\"name\":\"Portada\",\"item\":\"https:\/\/sgxx.org\/es\/\"},{\"@type\":\"ListItem\",\"position\":2,\"name\":\"Publicaciones propias\"}]},{\"@type\":\"WebSite\",\"@id\":\"https:\/\/sgxx.org\/#website\",\"url\":\"https:\/\/sgxx.org\/\",\"name\":\"SGXX\",\"description\":\"Web da Sociedade Galega de Xerontolox\u00eda e Xeriatr\u00eda\",\"publisher\":{\"@id\":\"https:\/\/sgxx.org\/#organization\"},\"potentialAction\":[{\"@type\":\"SearchAction\",\"target\":{\"@type\":\"EntryPoint\",\"urlTemplate\":\"https:\/\/sgxx.org\/?s={search_term_string}\"},\"query-input\":{\"@type\":\"PropertyValueSpecification\",\"valueRequired\":true,\"valueName\":\"search_term_string\"}}],\"inLanguage\":\"es\"},{\"@type\":\"Organization\",\"@id\":\"https:\/\/sgxx.org\/#organization\",\"name\":\"Sociedade Galega de Xerontolox\u00eda e Xeriatr\u00eda (SGXX)\",\"url\":\"https:\/\/sgxx.org\/\",\"logo\":{\"@type\":\"ImageObject\",\"inLanguage\":\"es\",\"@id\":\"https:\/\/sgxx.org\/#\/schema\/logo\/image\/\",\"url\":\"https:\/\/sgxx.org\/wp-content\/uploads\/2016\/09\/sgxx-logo-1.png\",\"contentUrl\":\"https:\/\/sgxx.org\/wp-content\/uploads\/2016\/09\/sgxx-logo-1.png\",\"width\":200,\"height\":200,\"caption\":\"Sociedade Galega de Xerontolox\u00eda e Xeriatr\u00eda (SGXX)\"},\"image\":{\"@id\":\"https:\/\/sgxx.org\/#\/schema\/logo\/image\/\"},\"sameAs\":[\"https:\/\/es-es.facebook.com\/pages\/Sociedade-Galega-Xerontoloxia-e-Xeriatria\/327400652646\"]}]}<\/script>\n<!-- \/ Yoast SEO plugin. -->","yoast_head_json":{"title":"Publicaciones de la Sociedade Galega de Xerontolox\u00eda e Xeriatr\u00eda","description":"La SGXX tiene entre sus fines fomentar el estudio y la investigaci\u00f3n as\u00ed como promover iniciativas que mejoren la calidad de vida de los mayores.","robots":{"index":"index","follow":"follow","max-snippet":"max-snippet:-1","max-image-preview":"max-image-preview:large","max-video-preview":"max-video-preview:-1"},"canonical":"https:\/\/sgxx.org\/es\/publicacions\/","og_locale":"es_ES","og_type":"article","og_title":"Publicaciones de la Sociedade Galega de Xerontolox\u00eda e Xeriatr\u00eda","og_description":"La SGXX tiene entre sus fines fomentar el estudio y la investigaci\u00f3n as\u00ed como promover iniciativas que mejoren la calidad de vida de los mayores.","og_url":"https:\/\/sgxx.org\/es\/publicacions\/","og_site_name":"SGXX","article_publisher":"https:\/\/es-es.facebook.com\/pages\/Sociedade-Galega-Xerontoloxia-e-Xeriatria\/327400652646","article_modified_time":"2026-04-09T08:11:27+00:00","og_image":[{"width":700,"height":700,"url":"https:\/\/sgxx.org\/wp-content\/uploads\/2022\/10\/sgxx-31-congreso-libro-ponencias.jpg","type":"image\/jpeg"}],"twitter_card":"summary_large_image","twitter_misc":{"Tiempo de lectura":"2 minutos"},"schema":{"@context":"https:\/\/schema.org","@graph":[{"@type":"WebPage","@id":"https:\/\/sgxx.org\/es\/publicacions\/","url":"https:\/\/sgxx.org\/es\/publicacions\/","name":"Publicaciones de la Sociedade Galega de Xerontolox\u00eda e Xeriatr\u00eda","isPartOf":{"@id":"https:\/\/sgxx.org\/#website"},"primaryImageOfPage":{"@id":"https:\/\/sgxx.org\/es\/publicacions\/#primaryimage"},"image":{"@id":"https:\/\/sgxx.org\/es\/publicacions\/#primaryimage"},"thumbnailUrl":"https:\/\/sgxx.org\/wp-content\/uploads\/2022\/10\/sgxx-31-congreso-libro-ponencias.jpg","datePublished":"2018-01-10T10:35:49+00:00","dateModified":"2026-04-09T08:11:27+00:00","description":"La SGXX tiene entre sus fines fomentar el estudio y la investigaci\u00f3n as\u00ed como promover iniciativas que mejoren la calidad de vida de los mayores.","breadcrumb":{"@id":"https:\/\/sgxx.org\/es\/publicacions\/#breadcrumb"},"inLanguage":"es","potentialAction":[{"@type":"ReadAction","target":["https:\/\/sgxx.org\/es\/publicacions\/"]}]},{"@type":"ImageObject","inLanguage":"es","@id":"https:\/\/sgxx.org\/es\/publicacions\/#primaryimage","url":"https:\/\/sgxx.org\/wp-content\/uploads\/2022\/10\/sgxx-31-congreso-libro-ponencias.jpg","contentUrl":"https:\/\/sgxx.org\/wp-content\/uploads\/2022\/10\/sgxx-31-congreso-libro-ponencias.jpg","width":700,"height":700},{"@type":"BreadcrumbList","@id":"https:\/\/sgxx.org\/es\/publicacions\/#breadcrumb","itemListElement":[{"@type":"ListItem","position":1,"name":"Portada","item":"https:\/\/sgxx.org\/es\/"},{"@type":"ListItem","position":2,"name":"Publicaciones propias"}]},{"@type":"WebSite","@id":"https:\/\/sgxx.org\/#website","url":"https:\/\/sgxx.org\/","name":"SGXX","description":"Web da Sociedade Galega de Xerontolox\u00eda e Xeriatr\u00eda","publisher":{"@id":"https:\/\/sgxx.org\/#organization"},"potentialAction":[{"@type":"SearchAction","target":{"@type":"EntryPoint","urlTemplate":"https:\/\/sgxx.org\/?s={search_term_string}"},"query-input":{"@type":"PropertyValueSpecification","valueRequired":true,"valueName":"search_term_string"}}],"inLanguage":"es"},{"@type":"Organization","@id":"https:\/\/sgxx.org\/#organization","name":"Sociedade Galega de Xerontolox\u00eda e Xeriatr\u00eda (SGXX)","url":"https:\/\/sgxx.org\/","logo":{"@type":"ImageObject","inLanguage":"es","@id":"https:\/\/sgxx.org\/#\/schema\/logo\/image\/","url":"https:\/\/sgxx.org\/wp-content\/uploads\/2016\/09\/sgxx-logo-1.png","contentUrl":"https:\/\/sgxx.org\/wp-content\/uploads\/2016\/09\/sgxx-logo-1.png","width":200,"height":200,"caption":"Sociedade Galega de Xerontolox\u00eda e Xeriatr\u00eda (SGXX)"},"image":{"@id":"https:\/\/sgxx.org\/#\/schema\/logo\/image\/"},"sameAs":["https:\/\/es-es.facebook.com\/pages\/Sociedade-Galega-Xerontoloxia-e-Xeriatria\/327400652646"]}]}},"_links":{"self":[{"href":"https:\/\/sgxx.org\/es\/wp-json\/wp\/v2\/pages\/8051","targetHints":{"allow":["GET"]}}],"collection":[{"href":"https:\/\/sgxx.org\/es\/wp-json\/wp\/v2\/pages"}],"about":[{"href":"https:\/\/sgxx.org\/es\/wp-json\/wp\/v2\/types\/page"}],"author":[{"embeddable":true,"href":"https:\/\/sgxx.org\/es\/wp-json\/wp\/v2\/users\/6"}],"replies":[{"embeddable":true,"href":"https:\/\/sgxx.org\/es\/wp-json\/wp\/v2\/comments?post=8051"}],"version-history":[{"count":9,"href":"https:\/\/sgxx.org\/es\/wp-json\/wp\/v2\/pages\/8051\/revisions"}],"predecessor-version":[{"id":8921,"href":"https:\/\/sgxx.org\/es\/wp-json\/wp\/v2\/pages\/8051\/revisions\/8921"}],"wp:featuredmedia":[{"embeddable":true,"href":"https:\/\/sgxx.org\/es\/wp-json\/wp\/v2\/media\/7095"}],"wp:attachment":[{"href":"https:\/\/sgxx.org\/es\/wp-json\/wp\/v2\/media?parent=8051"}],"curies":[{"name":"wp","href":"https:\/\/api.w.org\/{rel}","templated":true}]}}