{"id":8846,"date":"2026-01-29T21:22:31","date_gmt":"2026-01-29T20:22:31","guid":{"rendered":"https:\/\/sgxx.org\/?page_id=8846"},"modified":"2026-01-29T21:23:16","modified_gmt":"2026-01-29T20:23:16","slug":"proyecto-0434_longsocial2_1_e-servicio-de-alojamiento","status":"publish","type":"page","link":"https:\/\/sgxx.org\/es\/perfil-del-contratante\/proyecto-0434_longsocial2_1_e-servicio-de-alojamiento\/","title":{"rendered":"PROYECTO 0434_LONGSOCIAL2_1_E: Servicio de alojamiento"},"content":{"rendered":"<div class=\"wpb-content-wrapper\">[vc_row css=\u00bb.vc_custom_1718303951713{margin-top: 30px !important;margin-bottom: 30px !important;}\u00bb][vc_column][vc_row_inner][vc_column_inner][vc_single_image image=\u00bb8845&#8243; img_size=\u00bbfull\u00bb alignment=\u00bbcenter\u00bb css=\u00bb\u00bb][\/vc_column_inner][\/vc_row_inner][vc_column_text disable_pattern=\u00bbfalse\u00bb margin_bottom=\u00bb0&#8243; css=\u00bb.vc_custom_1769718180078{margin-bottom: 0px !important;}\u00bb]En el marco del proyecto \u201c<b>0434_LONGSOCIAL2_1_E \u2013 Nuevo escenario de longevidad: un paso m\u00e1s para abordar una actuaci\u00f3n transfronteriza de entidades de iniciativa social<\/b>\u201d, cofinanciado por la Uni\u00f3n Europea a trav\u00e9s del Programa de Cooperaci\u00f3n Interreg VI-A Espa\u00f1a-Portugal (POCTEP), la Sociedad Gallega de Geriatr\u00eda y Gerontolog\u00eda (SGXX) publica las caracter\u00edsticas del servicio, para que los proveedores interesados puedan aportar sus ofertas relacionadas con servicios de apoyo a eventos profesionales y cient\u00edficos organizado por la SGXX :<\/p>\n<p>DESCRIPCI\u00d3N DEL SERVICIO:<\/p>\n<ul>\n<li>DESCRIPCI\u00d3N: Servicio de alojamiento<\/li>\n<li>LUGAR: Ciudad de Lugo<\/li>\n<li>FECHAS:21 al 24 de mayo<\/li>\n<li>ALCANCE:\n<ul>\n<li>N\u00ba DE NOCHES: 3<\/li>\n<li>N\u00ba DE HABITACIONES ESTIMADAS: 30<\/li>\n<li>TIPO DE HABITACIONES: Doble uso individual<\/li>\n<\/ul>\n<\/li>\n<li>CUMPLIMIENTO DEL PRINCIPIO DE NO DISCRIMINACI\u00d3N: La ejecuci\u00f3n del del contrato debe cumplir con el principio de no discriminaci\u00f3n, garantizando la igualdad de trato entre individuos, igualdad de derechos y la dignidad de las personas.<\/li>\n<\/ul>\n<p>La oferta debe contener un presupuesto total, por el servicio.<\/p>\n<p>FECHA DE PUBLICACI\u00d3N DEL PROCESO DE CONTRATACI\u00d3N: 28.01.2026<\/p>\n<p>FECHA L\u00cdMITE PARA PRESENTACI\u00d3N DE OFERTAS: 15 de febrero de 2026<\/p>\n<p>DIRECCI\u00d3N PARA ENV\u00cdO DE OFERTAS Y PARA M\u00c1S INFORMACI\u00d3N: <a href=\"mailto:comunicacion@sgxx.org\">comunicacion@sgxx.org<\/a>[\/vc_column_text][\/vc_column][\/vc_row]\n<\/div>","protected":false},"excerpt":{"rendered":"<p>[vc_row css=\u00bb.vc_custom_1718303951713{margin-top: 30px !important;margin-bottom: 30px !important;}\u00bb][vc_column][vc_row_inner][vc_column_inner][vc_single_image image=\u00bb8845&#8243; img_size=\u00bbfull\u00bb alignment=\u00bbcenter\u00bb css=\u00bb\u00bb][\/vc_column_inner][\/vc_row_inner][vc_column_text disable_pattern=\u00bbfalse\u00bb margin_bottom=\u00bb0&#8243; css=\u00bb.vc_custom_1769718180078{margin-bottom: 0px !important;}\u00bb]En el marco del proyecto \u201c0434_LONGSOCIAL2_1_E \u2013 Nuevo escenario de longevidad: un paso m\u00e1s para abordar una actuaci\u00f3n transfronteriza de entidades de iniciativa social\u201d, cofinanciado por la Uni\u00f3n Europea a trav\u00e9s del Programa de Cooperaci\u00f3n Interreg VI-A Espa\u00f1a-Portugal (POCTEP), la Sociedad [&hellip;]<\/p>\n","protected":false},"author":6,"featured_media":0,"parent":7870,"menu_order":0,"comment_status":"closed","ping_status":"closed","template":"","meta":{"footnotes":""},"class_list":["post-8846","page","type-page","status-publish","hentry"],"yoast_head":"<!-- This site is optimized with the Yoast SEO plugin v27.3 - https:\/\/yoast.com\/product\/yoast-seo-wordpress\/ -->\n<title>PROYECTO 0434_LONGSOCIAL2_1_E: Servicio de alojamiento - SGXX<\/title>\n<meta name=\"robots\" content=\"index, follow, max-snippet:-1, max-image-preview:large, max-video-preview:-1\" \/>\n<link rel=\"canonical\" href=\"https:\/\/sgxx.org\/es\/perfil-del-contratante\/proyecto-0434_longsocial2_1_e-servicio-de-alojamiento\/\" \/>\n<meta property=\"og:locale\" content=\"es_ES\" \/>\n<meta property=\"og:type\" content=\"article\" \/>\n<meta property=\"og:title\" content=\"PROYECTO 0434_LONGSOCIAL2_1_E: Servicio de alojamiento - SGXX\" \/>\n<meta property=\"og:description\" content=\"[vc_row css=\u00bb.vc_custom_1718303951713{margin-top: 30px !important;margin-bottom: 30px !important;}\u00bb][vc_column][vc_row_inner][vc_column_inner][vc_single_image image=\u00bb8845&#8243; img_size=\u00bbfull\u00bb alignment=\u00bbcenter\u00bb css=\u00bb\u00bb][\/vc_column_inner][\/vc_row_inner][vc_column_text disable_pattern=\u00bbfalse\u00bb margin_bottom=\u00bb0&#8243; css=\u00bb.vc_custom_1769718180078{margin-bottom: 0px !important;}\u00bb]En el marco del proyecto \u201c0434_LONGSOCIAL2_1_E \u2013 Nuevo escenario de longevidad: un paso m\u00e1s para abordar una actuaci\u00f3n transfronteriza de entidades de iniciativa social\u201d, cofinanciado por la Uni\u00f3n Europea a trav\u00e9s del Programa de Cooperaci\u00f3n Interreg VI-A Espa\u00f1a-Portugal (POCTEP), la Sociedad [&hellip;]\" \/>\n<meta property=\"og:url\" content=\"https:\/\/sgxx.org\/es\/perfil-del-contratante\/proyecto-0434_longsocial2_1_e-servicio-de-alojamiento\/\" \/>\n<meta property=\"og:site_name\" content=\"SGXX\" \/>\n<meta property=\"article:publisher\" content=\"https:\/\/es-es.facebook.com\/pages\/Sociedade-Galega-Xerontoloxia-e-Xeriatria\/327400652646\" \/>\n<meta property=\"article:modified_time\" content=\"2026-01-29T20:23:16+00:00\" \/>\n<meta name=\"twitter:card\" content=\"summary_large_image\" \/>\n<meta name=\"twitter:label1\" content=\"Tiempo de lectura\" \/>\n\t<meta name=\"twitter:data1\" content=\"2 minutos\" \/>\n<script type=\"application\/ld+json\" class=\"yoast-schema-graph\">{\"@context\":\"https:\\\/\\\/schema.org\",\"@graph\":[{\"@type\":\"WebPage\",\"@id\":\"https:\\\/\\\/sgxx.org\\\/es\\\/perfil-del-contratante\\\/proyecto-0434_longsocial2_1_e-servicio-de-alojamiento\\\/\",\"url\":\"https:\\\/\\\/sgxx.org\\\/es\\\/perfil-del-contratante\\\/proyecto-0434_longsocial2_1_e-servicio-de-alojamiento\\\/\",\"name\":\"PROYECTO 0434_LONGSOCIAL2_1_E: Servicio de alojamiento - SGXX\",\"isPartOf\":{\"@id\":\"https:\\\/\\\/sgxx.org\\\/#website\"},\"datePublished\":\"2026-01-29T20:22:31+00:00\",\"dateModified\":\"2026-01-29T20:23:16+00:00\",\"breadcrumb\":{\"@id\":\"https:\\\/\\\/sgxx.org\\\/es\\\/perfil-del-contratante\\\/proyecto-0434_longsocial2_1_e-servicio-de-alojamiento\\\/#breadcrumb\"},\"inLanguage\":\"es\",\"potentialAction\":[{\"@type\":\"ReadAction\",\"target\":[\"https:\\\/\\\/sgxx.org\\\/es\\\/perfil-del-contratante\\\/proyecto-0434_longsocial2_1_e-servicio-de-alojamiento\\\/\"]}]},{\"@type\":\"BreadcrumbList\",\"@id\":\"https:\\\/\\\/sgxx.org\\\/es\\\/perfil-del-contratante\\\/proyecto-0434_longsocial2_1_e-servicio-de-alojamiento\\\/#breadcrumb\",\"itemListElement\":[{\"@type\":\"ListItem\",\"position\":1,\"name\":\"Portada\",\"item\":\"https:\\\/\\\/sgxx.org\\\/es\\\/\"},{\"@type\":\"ListItem\",\"position\":2,\"name\":\"Perfil del contratante\",\"item\":\"https:\\\/\\\/sgxx.org\\\/es\\\/perfil-del-contratante\\\/\"},{\"@type\":\"ListItem\",\"position\":3,\"name\":\"PROYECTO 0434_LONGSOCIAL2_1_E: Servicio de alojamiento\"}]},{\"@type\":\"WebSite\",\"@id\":\"https:\\\/\\\/sgxx.org\\\/#website\",\"url\":\"https:\\\/\\\/sgxx.org\\\/\",\"name\":\"SGXX\",\"description\":\"Web da Sociedade Galega de Xerontolox\u00eda e Xeriatr\u00eda\",\"publisher\":{\"@id\":\"https:\\\/\\\/sgxx.org\\\/#organization\"},\"potentialAction\":[{\"@type\":\"SearchAction\",\"target\":{\"@type\":\"EntryPoint\",\"urlTemplate\":\"https:\\\/\\\/sgxx.org\\\/?s={search_term_string}\"},\"query-input\":{\"@type\":\"PropertyValueSpecification\",\"valueRequired\":true,\"valueName\":\"search_term_string\"}}],\"inLanguage\":\"es\"},{\"@type\":\"Organization\",\"@id\":\"https:\\\/\\\/sgxx.org\\\/#organization\",\"name\":\"Sociedade Galega de Xerontolox\u00eda e Xeriatr\u00eda (SGXX)\",\"url\":\"https:\\\/\\\/sgxx.org\\\/\",\"logo\":{\"@type\":\"ImageObject\",\"inLanguage\":\"es\",\"@id\":\"https:\\\/\\\/sgxx.org\\\/#\\\/schema\\\/logo\\\/image\\\/\",\"url\":\"https:\\\/\\\/sgxx.org\\\/wp-content\\\/uploads\\\/2016\\\/09\\\/sgxx-logo-1.png\",\"contentUrl\":\"https:\\\/\\\/sgxx.org\\\/wp-content\\\/uploads\\\/2016\\\/09\\\/sgxx-logo-1.png\",\"width\":200,\"height\":200,\"caption\":\"Sociedade Galega de Xerontolox\u00eda e Xeriatr\u00eda (SGXX)\"},\"image\":{\"@id\":\"https:\\\/\\\/sgxx.org\\\/#\\\/schema\\\/logo\\\/image\\\/\"},\"sameAs\":[\"https:\\\/\\\/es-es.facebook.com\\\/pages\\\/Sociedade-Galega-Xerontoloxia-e-Xeriatria\\\/327400652646\"]}]}<\/script>\n<!-- \/ Yoast SEO plugin. -->","yoast_head_json":{"title":"PROYECTO 0434_LONGSOCIAL2_1_E: Servicio de alojamiento - SGXX","robots":{"index":"index","follow":"follow","max-snippet":"max-snippet:-1","max-image-preview":"max-image-preview:large","max-video-preview":"max-video-preview:-1"},"canonical":"https:\/\/sgxx.org\/es\/perfil-del-contratante\/proyecto-0434_longsocial2_1_e-servicio-de-alojamiento\/","og_locale":"es_ES","og_type":"article","og_title":"PROYECTO 0434_LONGSOCIAL2_1_E: Servicio de alojamiento - SGXX","og_description":"[vc_row css=\u00bb.vc_custom_1718303951713{margin-top: 30px !important;margin-bottom: 30px !important;}\u00bb][vc_column][vc_row_inner][vc_column_inner][vc_single_image image=\u00bb8845&#8243; img_size=\u00bbfull\u00bb alignment=\u00bbcenter\u00bb css=\u00bb\u00bb][\/vc_column_inner][\/vc_row_inner][vc_column_text disable_pattern=\u00bbfalse\u00bb margin_bottom=\u00bb0&#8243; css=\u00bb.vc_custom_1769718180078{margin-bottom: 0px !important;}\u00bb]En el marco del proyecto \u201c0434_LONGSOCIAL2_1_E \u2013 Nuevo escenario de longevidad: un paso m\u00e1s para abordar una actuaci\u00f3n transfronteriza de entidades de iniciativa social\u201d, cofinanciado por la Uni\u00f3n Europea a trav\u00e9s del Programa de Cooperaci\u00f3n Interreg VI-A Espa\u00f1a-Portugal (POCTEP), la Sociedad [&hellip;]","og_url":"https:\/\/sgxx.org\/es\/perfil-del-contratante\/proyecto-0434_longsocial2_1_e-servicio-de-alojamiento\/","og_site_name":"SGXX","article_publisher":"https:\/\/es-es.facebook.com\/pages\/Sociedade-Galega-Xerontoloxia-e-Xeriatria\/327400652646","article_modified_time":"2026-01-29T20:23:16+00:00","twitter_card":"summary_large_image","twitter_misc":{"Tiempo de lectura":"2 minutos"},"schema":{"@context":"https:\/\/schema.org","@graph":[{"@type":"WebPage","@id":"https:\/\/sgxx.org\/es\/perfil-del-contratante\/proyecto-0434_longsocial2_1_e-servicio-de-alojamiento\/","url":"https:\/\/sgxx.org\/es\/perfil-del-contratante\/proyecto-0434_longsocial2_1_e-servicio-de-alojamiento\/","name":"PROYECTO 0434_LONGSOCIAL2_1_E: Servicio de alojamiento - SGXX","isPartOf":{"@id":"https:\/\/sgxx.org\/#website"},"datePublished":"2026-01-29T20:22:31+00:00","dateModified":"2026-01-29T20:23:16+00:00","breadcrumb":{"@id":"https:\/\/sgxx.org\/es\/perfil-del-contratante\/proyecto-0434_longsocial2_1_e-servicio-de-alojamiento\/#breadcrumb"},"inLanguage":"es","potentialAction":[{"@type":"ReadAction","target":["https:\/\/sgxx.org\/es\/perfil-del-contratante\/proyecto-0434_longsocial2_1_e-servicio-de-alojamiento\/"]}]},{"@type":"BreadcrumbList","@id":"https:\/\/sgxx.org\/es\/perfil-del-contratante\/proyecto-0434_longsocial2_1_e-servicio-de-alojamiento\/#breadcrumb","itemListElement":[{"@type":"ListItem","position":1,"name":"Portada","item":"https:\/\/sgxx.org\/es\/"},{"@type":"ListItem","position":2,"name":"Perfil del contratante","item":"https:\/\/sgxx.org\/es\/perfil-del-contratante\/"},{"@type":"ListItem","position":3,"name":"PROYECTO 0434_LONGSOCIAL2_1_E: Servicio de alojamiento"}]},{"@type":"WebSite","@id":"https:\/\/sgxx.org\/#website","url":"https:\/\/sgxx.org\/","name":"SGXX","description":"Web da Sociedade Galega de Xerontolox\u00eda e Xeriatr\u00eda","publisher":{"@id":"https:\/\/sgxx.org\/#organization"},"potentialAction":[{"@type":"SearchAction","target":{"@type":"EntryPoint","urlTemplate":"https:\/\/sgxx.org\/?s={search_term_string}"},"query-input":{"@type":"PropertyValueSpecification","valueRequired":true,"valueName":"search_term_string"}}],"inLanguage":"es"},{"@type":"Organization","@id":"https:\/\/sgxx.org\/#organization","name":"Sociedade Galega de Xerontolox\u00eda e Xeriatr\u00eda (SGXX)","url":"https:\/\/sgxx.org\/","logo":{"@type":"ImageObject","inLanguage":"es","@id":"https:\/\/sgxx.org\/#\/schema\/logo\/image\/","url":"https:\/\/sgxx.org\/wp-content\/uploads\/2016\/09\/sgxx-logo-1.png","contentUrl":"https:\/\/sgxx.org\/wp-content\/uploads\/2016\/09\/sgxx-logo-1.png","width":200,"height":200,"caption":"Sociedade Galega de Xerontolox\u00eda e Xeriatr\u00eda (SGXX)"},"image":{"@id":"https:\/\/sgxx.org\/#\/schema\/logo\/image\/"},"sameAs":["https:\/\/es-es.facebook.com\/pages\/Sociedade-Galega-Xerontoloxia-e-Xeriatria\/327400652646"]}]}},"_links":{"self":[{"href":"https:\/\/sgxx.org\/es\/wp-json\/wp\/v2\/pages\/8846","targetHints":{"allow":["GET"]}}],"collection":[{"href":"https:\/\/sgxx.org\/es\/wp-json\/wp\/v2\/pages"}],"about":[{"href":"https:\/\/sgxx.org\/es\/wp-json\/wp\/v2\/types\/page"}],"author":[{"embeddable":true,"href":"https:\/\/sgxx.org\/es\/wp-json\/wp\/v2\/users\/6"}],"replies":[{"embeddable":true,"href":"https:\/\/sgxx.org\/es\/wp-json\/wp\/v2\/comments?post=8846"}],"version-history":[{"count":2,"href":"https:\/\/sgxx.org\/es\/wp-json\/wp\/v2\/pages\/8846\/revisions"}],"predecessor-version":[{"id":8848,"href":"https:\/\/sgxx.org\/es\/wp-json\/wp\/v2\/pages\/8846\/revisions\/8848"}],"up":[{"embeddable":true,"href":"https:\/\/sgxx.org\/es\/wp-json\/wp\/v2\/pages\/7870"}],"wp:attachment":[{"href":"https:\/\/sgxx.org\/es\/wp-json\/wp\/v2\/media?parent=8846"}],"curies":[{"name":"wp","href":"https:\/\/api.w.org\/{rel}","templated":true}]}}